{"id":1165,"date":"2023-07-05T13:40:37","date_gmt":"2023-07-05T13:40:37","guid":{"rendered":"https:\/\/www.clinicadacolunago.com.br\/site\/?page_id=1165"},"modified":"2026-01-08T15:47:10","modified_gmt":"2026-01-08T15:47:10","slug":"atm-articulacao-temporomandibular-tratamento-goiania","status":"publish","type":"page","link":"https:\/\/www.clinicadacolunago.com.br\/site\/atm-articulacao-temporomandibular-tratamento-goiania\/","title":{"rendered":"Tratamento para ATM (Articula\u00e7\u00e3o Temporomandibular) e DTM"},"content":{"rendered":"<p><img loading=\"lazy\" decoding=\"async\" class=\"aligncenter wp-image-1174\" src=\"https:\/\/www.clinicadacolunago.com.br\/site\/wp-content\/uploads\/2023\/07\/articulacao-temporomandibular-dor-e1688567374208.jpg\" alt=\"\" width=\"633\" height=\"177\" srcset=\"https:\/\/www.clinicadacolunago.com.br\/site\/wp-content\/uploads\/2023\/07\/articulacao-temporomandibular-dor-e1688567374208.jpg 1200w, https:\/\/www.clinicadacolunago.com.br\/site\/wp-content\/uploads\/2023\/07\/articulacao-temporomandibular-dor-e1688567374208-300x84.jpg 300w, https:\/\/www.clinicadacolunago.com.br\/site\/wp-content\/uploads\/2023\/07\/articulacao-temporomandibular-dor-e1688567374208-1024x287.jpg 1024w, https:\/\/www.clinicadacolunago.com.br\/site\/wp-content\/uploads\/2023\/07\/articulacao-temporomandibular-dor-e1688567374208-768x215.jpg 768w, https:\/\/www.clinicadacolunago.com.br\/site\/wp-content\/uploads\/2023\/07\/articulacao-temporomandibular-dor-e1688567374208-968x271.jpg 968w, https:\/\/www.clinicadacolunago.com.br\/site\/wp-content\/uploads\/2023\/07\/articulacao-temporomandibular-dor-e1688567374208-636x178.jpg 636w, https:\/\/www.clinicadacolunago.com.br\/site\/wp-content\/uploads\/2023\/07\/articulacao-temporomandibular-dor-e1688567374208-320x90.jpg 320w, https:\/\/www.clinicadacolunago.com.br\/site\/wp-content\/uploads\/2023\/07\/articulacao-temporomandibular-dor-e1688567374208-239x67.jpg 239w\" sizes=\"auto, (max-width: 633px) 100vw, 633px\" \/><\/p>\n<p style=\"text-align: justify;\">Tratamento com Fisioterapia para dor na articula\u00e7\u00e3o temporomandibular (ATM) e para disfun\u00e7\u00e3o temporomandibular (DTM) em Goi\u00e2nia. A ATM \u00e9 respons\u00e1vel pelo movimento de abrir e fechar a boca; \u00e9 o encaixe da mand\u00edbula com o resto dos ossos do cr\u00e2nio. \u00c9 uma das articula\u00e7\u00f5es mais complexas do corpo humano. Para localiz\u00e1-la, posicione seus dedos logo em frente das orelhas, abra e feche a boca e voc\u00ea sentir\u00e1 as articula\u00e7\u00f5es temporomandibular, uma de cada lado do rosto, movimentarem-se sob seus dedos. A disfun\u00e7\u00e3o da ATM conhecida tamb\u00e9m como disfun\u00e7\u00e3o temporomandibular (DTM) \u00e9 uma anormalidade da articula\u00e7\u00e3o temporomandibular e\/ou dos m\u00fasculos respons\u00e1veis pela mastiga\u00e7\u00e3o.<\/p>\n<p><img loading=\"lazy\" decoding=\"async\" class=\"aligncenter wp-image-1172\" src=\"https:\/\/www.clinicadacolunago.com.br\/site\/wp-content\/uploads\/2023\/07\/articulacao-temporomandibular.jpg\" alt=\"\" width=\"356\" height=\"267\" srcset=\"https:\/\/www.clinicadacolunago.com.br\/site\/wp-content\/uploads\/2023\/07\/articulacao-temporomandibular.jpg 800w, https:\/\/www.clinicadacolunago.com.br\/site\/wp-content\/uploads\/2023\/07\/articulacao-temporomandibular-300x225.jpg 300w, https:\/\/www.clinicadacolunago.com.br\/site\/wp-content\/uploads\/2023\/07\/articulacao-temporomandibular-768x576.jpg 768w, https:\/\/www.clinicadacolunago.com.br\/site\/wp-content\/uploads\/2023\/07\/articulacao-temporomandibular-636x477.jpg 636w, https:\/\/www.clinicadacolunago.com.br\/site\/wp-content\/uploads\/2023\/07\/articulacao-temporomandibular-320x240.jpg 320w, https:\/\/www.clinicadacolunago.com.br\/site\/wp-content\/uploads\/2023\/07\/articulacao-temporomandibular-239x179.jpg 239w\" sizes=\"auto, (max-width: 356px) 100vw, 356px\" \/><\/p>\n<h2><strong>Diagn\u00f3stico<\/strong><\/h2>\n<p style=\"text-align: justify;\">O paciente deve fazer um detalhado relato sobre os antecedentes, detalhes e evolu\u00e7\u00e3o da doen\u00e7a, desde o aparecimento dos sintomas; o Fisioterapeuta dever\u00e1 realizar um minucioso exame cl\u00ednico para obter um correto diagn\u00f3stico, pois, muitas vezes, as disfun\u00e7\u00f5es da ATM podem ser confundidas com outras condi\u00e7\u00f5es dolorosas, como dores de origem dent\u00e1ria, infec\u00e7\u00f5es bucais ou dores cervicais que irradiam para a boca. <strong>Esta avalia\u00e7\u00e3o e tratamento s\u00e3o feitos de uma forma \u00fanica e exclusiva com o M\u00e9todo Mckenzie que utiliza perguntas espec\u00edficas e testes de movimentos repetidos, este exame cl\u00ednico \u00e9 superior a exames de imagem para detectar e tratar o problema.<\/strong><\/p>\n<h3><strong>Sintomas mais comuns da disfun\u00e7\u00e3o da ATM<\/strong><\/h3>\n<p>\u2013 dor para abrir a boca e\/ou conversar;<br \/>\n\u2013 dificuldade para mastigar, principalmente alimentos duros;<br \/>\n\u2013 dores durante a mastiga\u00e7\u00e3o;<br \/>\n\u2013 sensa\u00e7\u00e3o de estalar ou travar a mand\u00edbula;<br \/>\n\u2013 barulho pr\u00f3ximo \u00e0 orelha ao abrir e fechar a boca;<br \/>\n\u2013 desgaste dental excessivo;<br \/>\n\u2013 dores de cabe\u00e7a na regi\u00e3o da testa, fundo de olho e nas t\u00eamporas;<br \/>\n\u2013 dores de ouvido;<br \/>\n\u2013 zumbidos no ouvido;<br \/>\n\u2013 dificuldade para respirar;<br \/>\n\u2013 tonturas;<br \/>\n\u2013 vertigens.<\/p>\n<p>A ATM \u00e9 uma articula\u00e7\u00e3o muito particular, pois \u00e9 a \u00fanica no corpo humano que \u00e9 interligada, isto \u00e9, quando se movimenta a articula\u00e7\u00e3o direita, a esquerda tamb\u00e9m se move. Por sua vez, essas duas articula\u00e7\u00f5es t\u00eam uma \u00edntima rela\u00e7\u00e3o com outra: a articula\u00e7\u00e3o dos dentes. Portanto,\u00a0<strong>as causas mais comuns de disfun\u00e7\u00e3o da ATM est\u00e3o relacionadas com:<\/strong><\/p>\n<p>\u2013 a mordida (encaixe inadequado dos dentes superiores e inferiores);<br \/>\n\u2013 a falta de dentes;<br \/>\n\u2013 pr\u00f3teses mal-adaptadas ou \u201cgastas\u201d (toda pr\u00f3tese deve ser avaliada anualmente para controlar o seu desgaste);<br \/>\n\u2013 aperto ou ranger de dentes durante o dia ou durante a noite.<br \/>\n\u2013 postura inadequada durante o dia.<\/p>\n<p><strong>Outros fatores podem levar as pessoas a desenvolverem os sintomas citados, tais como:<\/strong><\/p>\n<p>\u2013 acidentes de carro com algum tipo de traumatismo, tanto na face como no pesco\u00e7o;<br \/>\n\u2013 traumas no local da articula\u00e7\u00e3o (boladas, quedas, etc.);<br \/>\n\u2013 traumas na regi\u00e3o do queixo;<br \/>\n\u2013 artrites e artroses;<br \/>\n\u2013 estresse emocional;<br \/>\n\u2013 entubamento para cirurgias e endoscopias;<br \/>\n\u2013 cirurgias de siso.<\/p>\n<h2 style=\"text-align: center;\">Como funciona a ATM<br \/>\n(articula\u00e7\u00e3o temporomandibular).<\/h2>\n<div id=\"fluid-wrapper-counter-1\" class=\"g1-fluid-wrapper \" style=\"width:686px;\">\n<div style=\"padding-bottom:56.268221574344%;\"><iframe loading=\"lazy\" title=\"Movimentos da ATM\" width=\"515\" height=\"386\" src=\"https:\/\/www.youtube.com\/embed\/dpMYl9RVrHo?feature=oembed&amp;wmode=transparent&amp;autohide=1&amp;autoplay=0&amp;disablekb=0&amp;fs=1&amp;loop=0&amp;enablejsapi=1&amp;rel=0&amp;controls=2&amp;showinfo=0&amp;wmode=transparent&amp;autohide=2&amp;autoplay=0&amp;disablekb=0&amp;fs=1&amp;loop=0&amp;enablejsapi=1&amp;rel=0&amp;controls=2&amp;showinfo=1\" frameborder=\"0\" allow=\"accelerometer; autoplay; clipboard-write; encrypted-media; gyroscope; picture-in-picture; web-share\" referrerpolicy=\"strict-origin-when-cross-origin\" allowfullscreen><\/iframe><\/div>\n<\/div>\n<p><em>Tratamento para ATM em Goi\u00e2nia, tratamento para disfun\u00e7\u00e3o na articula\u00e7\u00e3o temporomandibular (DTM), dor na articula\u00e7\u00e3o da ATM, fisioterapia para tratamento da dor ou disfun\u00e7\u00e3o na ATM em Goi\u00e2nia.<\/em><\/p>\n","protected":false},"excerpt":{"rendered":"<p>Tratamento com Fisioterapia para dor na articula\u00e7\u00e3o temporomandibular (ATM) e para disfun\u00e7\u00e3o temporomandibular (DTM) em Goi\u00e2nia. A ATM \u00e9 respons\u00e1vel pelo movimento de abrir e fechar a boca; \u00e9 o encaixe da mand\u00edbula com o resto dos ossos do cr\u00e2nio. \u00c9 uma das articula\u00e7\u00f5es mais complexas do corpo humano. Para localiz\u00e1-la, posicione seus dedos logo [&hellip;]<\/p>\n","protected":false},"author":1,"featured_media":0,"parent":0,"menu_order":0,"comment_status":"closed","ping_status":"closed","template":"g1_template_page_sidebar_right.php","meta":{"footnotes":""},"class_list":["post-1165","page","type-page","status-publish"],"yoast_head":"<!-- This site is optimized with the Yoast SEO plugin v22.7 - https:\/\/yoast.com\/wordpress\/plugins\/seo\/ -->\n<title>Tratamento para ATM e DTM com Fisioterapia em Goi\u00e2nia<\/title>\n<meta name=\"description\" content=\"Tratamento para dor na ATM (articula\u00e7\u00e3o temporomandibular) ou Disfun\u00e7\u00e3o Temporomandibular (DTM) com Fisioterapia em Goi\u00e2nia.\" \/>\n<meta name=\"robots\" content=\"index, follow, max-snippet:-1, max-image-preview:large, max-video-preview:-1\" \/>\n<link rel=\"canonical\" href=\"https:\/\/www.clinicadacolunago.com.br\/site\/atm-articulacao-temporomandibular-tratamento-goiania\/\" \/>\n<meta property=\"og:locale\" content=\"pt_BR\" \/>\n<meta property=\"og:type\" content=\"article\" \/>\n<meta property=\"og:title\" content=\"Tratamento para ATM e DTM com Fisioterapia em Goi\u00e2nia\" \/>\n<meta property=\"og:description\" content=\"Tratamento para dor na ATM (articula\u00e7\u00e3o temporomandibular) ou Disfun\u00e7\u00e3o Temporomandibular (DTM) com Fisioterapia em Goi\u00e2nia.\" \/>\n<meta property=\"og:url\" content=\"https:\/\/www.clinicadacolunago.com.br\/site\/atm-articulacao-temporomandibular-tratamento-goiania\/\" \/>\n<meta property=\"og:site_name\" content=\"Cl\u00ednica da Coluna de Goi\u00e2nia\" \/>\n<meta property=\"article:modified_time\" content=\"2026-01-08T15:47:10+00:00\" \/>\n<meta property=\"og:image\" content=\"https:\/\/www.clinicadacolunago.com.br\/site\/wp-content\/uploads\/2023\/07\/articulacao-temporomandibular-dor-e1688567374208.jpg\" \/>\n<meta name=\"twitter:card\" content=\"summary_large_image\" \/>\n<meta name=\"twitter:label1\" content=\"Est. tempo de leitura\" \/>\n\t<meta name=\"twitter:data1\" content=\"3 minutos\" \/>\n<script type=\"application\/ld+json\" class=\"yoast-schema-graph\">{\"@context\":\"https:\/\/schema.org\",\"@graph\":[{\"@type\":\"WebPage\",\"@id\":\"https:\/\/www.clinicadacolunago.com.br\/site\/atm-articulacao-temporomandibular-tratamento-goiania\/\",\"url\":\"https:\/\/www.clinicadacolunago.com.br\/site\/atm-articulacao-temporomandibular-tratamento-goiania\/\",\"name\":\"Tratamento para ATM e DTM com Fisioterapia em Goi\u00e2nia\",\"isPartOf\":{\"@id\":\"https:\/\/www.clinicadacolunago.com.br\/site\/#website\"},\"primaryImageOfPage\":{\"@id\":\"https:\/\/www.clinicadacolunago.com.br\/site\/atm-articulacao-temporomandibular-tratamento-goiania\/#primaryimage\"},\"image\":{\"@id\":\"https:\/\/www.clinicadacolunago.com.br\/site\/atm-articulacao-temporomandibular-tratamento-goiania\/#primaryimage\"},\"thumbnailUrl\":\"https:\/\/www.clinicadacolunago.com.br\/site\/wp-content\/uploads\/2023\/07\/articulacao-temporomandibular-dor-e1688567374208.jpg\",\"datePublished\":\"2023-07-05T13:40:37+00:00\",\"dateModified\":\"2026-01-08T15:47:10+00:00\",\"description\":\"Tratamento para dor na ATM (articula\u00e7\u00e3o temporomandibular) ou Disfun\u00e7\u00e3o Temporomandibular (DTM) com Fisioterapia em Goi\u00e2nia.\",\"breadcrumb\":{\"@id\":\"https:\/\/www.clinicadacolunago.com.br\/site\/atm-articulacao-temporomandibular-tratamento-goiania\/#breadcrumb\"},\"inLanguage\":\"pt-BR\",\"potentialAction\":[{\"@type\":\"ReadAction\",\"target\":[\"https:\/\/www.clinicadacolunago.com.br\/site\/atm-articulacao-temporomandibular-tratamento-goiania\/\"]}]},{\"@type\":\"ImageObject\",\"inLanguage\":\"pt-BR\",\"@id\":\"https:\/\/www.clinicadacolunago.com.br\/site\/atm-articulacao-temporomandibular-tratamento-goiania\/#primaryimage\",\"url\":\"https:\/\/www.clinicadacolunago.com.br\/site\/wp-content\/uploads\/2023\/07\/articulacao-temporomandibular-dor-e1688567374208.jpg\",\"contentUrl\":\"https:\/\/www.clinicadacolunago.com.br\/site\/wp-content\/uploads\/2023\/07\/articulacao-temporomandibular-dor-e1688567374208.jpg\",\"width\":1200,\"height\":336},{\"@type\":\"BreadcrumbList\",\"@id\":\"https:\/\/www.clinicadacolunago.com.br\/site\/atm-articulacao-temporomandibular-tratamento-goiania\/#breadcrumb\",\"itemListElement\":[{\"@type\":\"ListItem\",\"position\":1,\"name\":\"In\u00edcio\",\"item\":\"https:\/\/www.clinicadacolunago.com.br\/site\/\"},{\"@type\":\"ListItem\",\"position\":2,\"name\":\"Tratamento para ATM (Articula\u00e7\u00e3o Temporomandibular) e DTM\"}]},{\"@type\":\"WebSite\",\"@id\":\"https:\/\/www.clinicadacolunago.com.br\/site\/#website\",\"url\":\"https:\/\/www.clinicadacolunago.com.br\/site\/\",\"name\":\"Cl\u00ednica da Coluna de Goi\u00e2nia\",\"description\":\"Tratamento para coluna e h\u00e9rnia de disco em Goi\u00e2nia\",\"potentialAction\":[{\"@type\":\"SearchAction\",\"target\":{\"@type\":\"EntryPoint\",\"urlTemplate\":\"https:\/\/www.clinicadacolunago.com.br\/site\/?s={search_term_string}\"},\"query-input\":\"required name=search_term_string\"}],\"inLanguage\":\"pt-BR\"}]}<\/script>\n<!-- \/ Yoast SEO plugin. -->","yoast_head_json":{"title":"Tratamento para ATM e DTM com Fisioterapia em Goi\u00e2nia","description":"Tratamento para dor na ATM (articula\u00e7\u00e3o temporomandibular) ou Disfun\u00e7\u00e3o Temporomandibular (DTM) com Fisioterapia em Goi\u00e2nia.","robots":{"index":"index","follow":"follow","max-snippet":"max-snippet:-1","max-image-preview":"max-image-preview:large","max-video-preview":"max-video-preview:-1"},"canonical":"https:\/\/www.clinicadacolunago.com.br\/site\/atm-articulacao-temporomandibular-tratamento-goiania\/","og_locale":"pt_BR","og_type":"article","og_title":"Tratamento para ATM e DTM com Fisioterapia em Goi\u00e2nia","og_description":"Tratamento para dor na ATM (articula\u00e7\u00e3o temporomandibular) ou Disfun\u00e7\u00e3o Temporomandibular (DTM) com Fisioterapia em Goi\u00e2nia.","og_url":"https:\/\/www.clinicadacolunago.com.br\/site\/atm-articulacao-temporomandibular-tratamento-goiania\/","og_site_name":"Cl\u00ednica da Coluna de Goi\u00e2nia","article_modified_time":"2026-01-08T15:47:10+00:00","og_image":[{"url":"https:\/\/www.clinicadacolunago.com.br\/site\/wp-content\/uploads\/2023\/07\/articulacao-temporomandibular-dor-e1688567374208.jpg"}],"twitter_card":"summary_large_image","twitter_misc":{"Est. tempo de leitura":"3 minutos"},"schema":{"@context":"https:\/\/schema.org","@graph":[{"@type":"WebPage","@id":"https:\/\/www.clinicadacolunago.com.br\/site\/atm-articulacao-temporomandibular-tratamento-goiania\/","url":"https:\/\/www.clinicadacolunago.com.br\/site\/atm-articulacao-temporomandibular-tratamento-goiania\/","name":"Tratamento para ATM e DTM com Fisioterapia em Goi\u00e2nia","isPartOf":{"@id":"https:\/\/www.clinicadacolunago.com.br\/site\/#website"},"primaryImageOfPage":{"@id":"https:\/\/www.clinicadacolunago.com.br\/site\/atm-articulacao-temporomandibular-tratamento-goiania\/#primaryimage"},"image":{"@id":"https:\/\/www.clinicadacolunago.com.br\/site\/atm-articulacao-temporomandibular-tratamento-goiania\/#primaryimage"},"thumbnailUrl":"https:\/\/www.clinicadacolunago.com.br\/site\/wp-content\/uploads\/2023\/07\/articulacao-temporomandibular-dor-e1688567374208.jpg","datePublished":"2023-07-05T13:40:37+00:00","dateModified":"2026-01-08T15:47:10+00:00","description":"Tratamento para dor na ATM (articula\u00e7\u00e3o temporomandibular) ou Disfun\u00e7\u00e3o Temporomandibular (DTM) com Fisioterapia em Goi\u00e2nia.","breadcrumb":{"@id":"https:\/\/www.clinicadacolunago.com.br\/site\/atm-articulacao-temporomandibular-tratamento-goiania\/#breadcrumb"},"inLanguage":"pt-BR","potentialAction":[{"@type":"ReadAction","target":["https:\/\/www.clinicadacolunago.com.br\/site\/atm-articulacao-temporomandibular-tratamento-goiania\/"]}]},{"@type":"ImageObject","inLanguage":"pt-BR","@id":"https:\/\/www.clinicadacolunago.com.br\/site\/atm-articulacao-temporomandibular-tratamento-goiania\/#primaryimage","url":"https:\/\/www.clinicadacolunago.com.br\/site\/wp-content\/uploads\/2023\/07\/articulacao-temporomandibular-dor-e1688567374208.jpg","contentUrl":"https:\/\/www.clinicadacolunago.com.br\/site\/wp-content\/uploads\/2023\/07\/articulacao-temporomandibular-dor-e1688567374208.jpg","width":1200,"height":336},{"@type":"BreadcrumbList","@id":"https:\/\/www.clinicadacolunago.com.br\/site\/atm-articulacao-temporomandibular-tratamento-goiania\/#breadcrumb","itemListElement":[{"@type":"ListItem","position":1,"name":"In\u00edcio","item":"https:\/\/www.clinicadacolunago.com.br\/site\/"},{"@type":"ListItem","position":2,"name":"Tratamento para ATM (Articula\u00e7\u00e3o Temporomandibular) e DTM"}]},{"@type":"WebSite","@id":"https:\/\/www.clinicadacolunago.com.br\/site\/#website","url":"https:\/\/www.clinicadacolunago.com.br\/site\/","name":"Cl\u00ednica da Coluna de Goi\u00e2nia","description":"Tratamento para coluna e h\u00e9rnia de disco em Goi\u00e2nia","potentialAction":[{"@type":"SearchAction","target":{"@type":"EntryPoint","urlTemplate":"https:\/\/www.clinicadacolunago.com.br\/site\/?s={search_term_string}"},"query-input":"required name=search_term_string"}],"inLanguage":"pt-BR"}]}},"_links":{"self":[{"href":"https:\/\/www.clinicadacolunago.com.br\/site\/wp-json\/wp\/v2\/pages\/1165","targetHints":{"allow":["GET"]}}],"collection":[{"href":"https:\/\/www.clinicadacolunago.com.br\/site\/wp-json\/wp\/v2\/pages"}],"about":[{"href":"https:\/\/www.clinicadacolunago.com.br\/site\/wp-json\/wp\/v2\/types\/page"}],"author":[{"embeddable":true,"href":"https:\/\/www.clinicadacolunago.com.br\/site\/wp-json\/wp\/v2\/users\/1"}],"replies":[{"embeddable":true,"href":"https:\/\/www.clinicadacolunago.com.br\/site\/wp-json\/wp\/v2\/comments?post=1165"}],"version-history":[{"count":22,"href":"https:\/\/www.clinicadacolunago.com.br\/site\/wp-json\/wp\/v2\/pages\/1165\/revisions"}],"predecessor-version":[{"id":1375,"href":"https:\/\/www.clinicadacolunago.com.br\/site\/wp-json\/wp\/v2\/pages\/1165\/revisions\/1375"}],"wp:attachment":[{"href":"https:\/\/www.clinicadacolunago.com.br\/site\/wp-json\/wp\/v2\/media?parent=1165"}],"curies":[{"name":"wp","href":"https:\/\/api.w.org\/{rel}","templated":true}]}}