{"id":2,"date":"2015-07-08T20:59:01","date_gmt":"2015-07-08T20:59:01","guid":{"rendered":"http:\/\/www.inovargestaoempresarial.com.br\/site\/?page_id=2"},"modified":"2025-12-29T16:33:54","modified_gmt":"2025-12-29T16:33:54","slug":"tratamento-para-coluna-em-goiania","status":"publish","type":"page","link":"https:\/\/www.clinicadacolunago.com.br\/site\/","title":{"rendered":"Cl\u00ednica da Coluna de Goi\u00e2nia"},"content":{"rendered":"<ul class=\"g1-grid\"><li class=\"g1-column g1-one-half g1-valign-top\">\n<div id=\"g1-box-counter-1\" class=\"g1-box g1-box--simple  g1-box--noicon\" ><div class=\"g1-box__inner\">\n<h2 style=\"text-align: center;\"><strong>Tratamento para Coluna<\/strong><\/h2>\n<p style=\"text-align: center;\"><img loading=\"lazy\" decoding=\"async\" class=\" size-full wp-image-655 aligncenter\" src=\"http:\/\/www.clinicadacolunago.com.br\/site\/wp-content\/uploads\/2015\/07\/clinica-da-coluna-goiania.jpg\" alt=\"clinica-da-coluna-goiania\" width=\"260\" height=\"94\" srcset=\"https:\/\/www.clinicadacolunago.com.br\/site\/wp-content\/uploads\/2015\/07\/clinica-da-coluna-goiania.jpg 260w, https:\/\/www.clinicadacolunago.com.br\/site\/wp-content\/uploads\/2015\/07\/clinica-da-coluna-goiania-239x86.jpg 239w\" sizes=\"auto, (max-width: 260px) 100vw, 260px\" \/><\/p>\n<p style=\"text-align: justify;\">H\u00e1 mais de 13 anos realizando atendimento especializado no <a href=\"https:\/\/www.clinicadacolunago.com.br\/site\/tratamento-para-coluna-goiania\/\">Tratamento da Coluna Vertebral<\/a>, <a href=\"https:\/\/www.clinicadacolunago.com.br\/site\/hernia-de-disco-tratamento-goiania\/\">H\u00e9rnia de Disco<\/a>, <a href=\"https:\/\/www.clinicadacolunago.com.br\/site\/nervo-ciatico-tratamento-goiania\/\" rel=\"nofollow\">Nervo Ci\u00e1tico<\/a>, Dor Lombar, Dor Cervical, Costas, Pesco\u00e7o, Extremidades Articulares <a href=\"https:\/\/www.clinicadacolunago.com.br\/site\/ombro-joelho-quadril-cotovelo-tornozelo-punho-fisioterapia-tratamento-goiania\/\">Ombro, Joelho, Quadril<\/a> e <a href=\"https:\/\/www.clinicadacolunago.com.br\/site\/atm-articulacao-temporomandibular\/\">ATM<\/a> (articula\u00e7\u00e3o temporomandibular). <strong>M\u00e9todo Mckenzie, sem medicamentos, exames ou cirurgia.<\/strong> Especialista em coluna em Goi\u00e2nia.<br \/>\n<a href=\"https:\/\/www.clinicadacolunago.com.br\/site\/fisioterapia-para-tratamento-da-coluna-goiania\/\" rel=\"nofollow\"><img loading=\"lazy\" decoding=\"async\" class=\"aligncenter wp-image-657 size-full\" src=\"http:\/\/www.clinicadacolunago.com.br\/site\/wp-content\/uploads\/2015\/07\/bt_saibamais.jpg\" alt=\"tratamento-para-coluna-goiania\" width=\"117\" height=\"29\" \/><\/a><\/p>\n<\/div><\/div>\n<\/li><!-- -->\n<li class=\"g1-column g1-one-half g1-valign-top\">\n<div id=\"g1-box-counter-2\" class=\"g1-box g1-box--simple  g1-box--noicon\" ><div class=\"g1-box__inner\">\n<h2 style=\"text-align: center;\"><strong>M\u00e9todo Mckenzie<\/strong><\/h2>\n<p style=\"text-align: center;\"><img loading=\"lazy\" decoding=\"async\" class=\" wp-image-656 aligncenter\" src=\"http:\/\/www.clinicadacolunago.com.br\/site\/wp-content\/uploads\/2015\/07\/clinica-de-coluna-goiania.jpeg\" alt=\"clinica-de-coluna-goiania\" width=\"257\" height=\"117\" srcset=\"https:\/\/www.clinicadacolunago.com.br\/site\/wp-content\/uploads\/2015\/07\/clinica-de-coluna-goiania.jpeg 500w, https:\/\/www.clinicadacolunago.com.br\/site\/wp-content\/uploads\/2015\/07\/clinica-de-coluna-goiania-300x137.jpeg 300w, https:\/\/www.clinicadacolunago.com.br\/site\/wp-content\/uploads\/2015\/07\/clinica-de-coluna-goiania-320x146.jpeg 320w, https:\/\/www.clinicadacolunago.com.br\/site\/wp-content\/uploads\/2015\/07\/clinica-de-coluna-goiania-239x109.jpeg 239w\" sizes=\"auto, (max-width: 257px) 100vw, 257px\" \/><\/p>\n<p style=\"text-align: justify;\">Cl\u00ednica de Fisioterapia Ortop\u00e9dica em Goi\u00e2nia. Trabalhamos com o <strong>M\u00e9todo Mckenzie<\/strong> que \u00e9 utilizado mundialmente por Fisioterapeutas para problemas musculoesquel\u00e9ticos de coluna, extremidades articulares, dores de cabe\u00e7a e ATM (articula\u00e7\u00e3o temporomandibular).<\/p>\n<p><a href=\"https:\/\/www.clinicadacolunago.com.br\/site\/fisioterapia-para-dor-nas-costas-goiania\/\" rel=\"nofollow\"><img loading=\"lazy\" decoding=\"async\" class=\"alignnone wp-image-657 size-full aligncenter\" src=\"https:\/\/www.clinicadacolunago.com.br\/site\/wp-content\/uploads\/2015\/07\/bt_saibamais.jpg\" alt=\"tratamento-da-coluna-goiania\" width=\"117\" height=\"29\" \/><\/a><\/p>\n<\/div><\/div>\n<\/li><!-- --><\/ul>\n<h1 style=\"text-align: center;\"><\/h1>\n<p>&nbsp;<\/p>\n<h1 style=\"text-align: center;\">Dr. Rondinelly Borges Mendanha,<br \/>\nFisioterapeuta Credenciado no Instituto Mckenzie do Brasil.<\/h1>\n<p>&nbsp;<\/p>\n<p style=\"text-align: center;\"><img loading=\"lazy\" decoding=\"async\" class=\"aligncenter wp-image-670 size-full\" src=\"http:\/\/www.clinicadacolunago.com.br\/site\/wp-content\/uploads\/2015\/07\/srz2.png\" alt=\"\" width=\"835\" height=\"38\" srcset=\"https:\/\/www.clinicadacolunago.com.br\/site\/wp-content\/uploads\/2015\/07\/srz2.png 835w, https:\/\/www.clinicadacolunago.com.br\/site\/wp-content\/uploads\/2015\/07\/srz2-300x14.png 300w, https:\/\/www.clinicadacolunago.com.br\/site\/wp-content\/uploads\/2015\/07\/srz2-636x29.png 636w, https:\/\/www.clinicadacolunago.com.br\/site\/wp-content\/uploads\/2015\/07\/srz2-320x15.png 320w, https:\/\/www.clinicadacolunago.com.br\/site\/wp-content\/uploads\/2015\/07\/srz2-239x11.png 239w\" sizes=\"auto, (max-width: 835px) 100vw, 835px\" \/><\/p>\n<p>&nbsp;<\/p>\n<ul class=\"g1-grid\"><li class=\"g1-column g1-one-half g1-valign-top\">\n<p style=\"text-align: center;\"><img loading=\"lazy\" decoding=\"async\" class=\"\" src=\"https:\/\/www.clinicadacolunago.com.br\/site\/wp-content\/uploads\/2025\/01\/dr-rondinelly-borges-especialista-em-coluna-1-e1736871255585.jpeg\" width=\"262\" height=\"327\" \/><\/p>\n<p>&nbsp;<\/p>\n<\/li><!-- -->\n<li class=\"g1-column g1-one-half g1-valign-top\">\n<p style=\"text-align: center;\"><img loading=\"lazy\" decoding=\"async\" class=\"aligncenter wp-image-1016\" src=\"https:\/\/www.clinicadacolunago.com.br\/site\/wp-content\/uploads\/2021\/01\/dr-rondinelly-borges-especialista-em-hernia-de-disco.jpeg\" alt=\"\" width=\"220\" height=\"290\" srcset=\"https:\/\/www.clinicadacolunago.com.br\/site\/wp-content\/uploads\/2021\/01\/dr-rondinelly-borges-especialista-em-hernia-de-disco.jpeg 750w, https:\/\/www.clinicadacolunago.com.br\/site\/wp-content\/uploads\/2021\/01\/dr-rondinelly-borges-especialista-em-hernia-de-disco-228x300.jpeg 228w, https:\/\/www.clinicadacolunago.com.br\/site\/wp-content\/uploads\/2021\/01\/dr-rondinelly-borges-especialista-em-hernia-de-disco-636x839.jpeg 636w, https:\/\/www.clinicadacolunago.com.br\/site\/wp-content\/uploads\/2021\/01\/dr-rondinelly-borges-especialista-em-hernia-de-disco-320x422.jpeg 320w, https:\/\/www.clinicadacolunago.com.br\/site\/wp-content\/uploads\/2021\/01\/dr-rondinelly-borges-especialista-em-hernia-de-disco-239x315.jpeg 239w\" sizes=\"auto, (max-width: 220px) 100vw, 220px\" \/><\/p>\n<p>&nbsp;<\/p>\n<\/li><!-- --><\/ul>\n<ul class=\"g1-grid\"><li class=\"g1-column g1-two-fifth g1-valign-top\">\n<p><a href=\"http:\/\/www.clinicadacolunago.com.br\/site\/contato\/\"><img loading=\"lazy\" decoding=\"async\" class=\"alignleft wp-image-555\" src=\"http:\/\/www.clinicadacolunago.com.br\/site\/wp-content\/uploads\/2015\/07\/especialista-coluna-goiania.png\" alt=\"especialista-coluna-goiania\" width=\"350\" height=\"177\" srcset=\"https:\/\/www.clinicadacolunago.com.br\/site\/wp-content\/uploads\/2015\/07\/especialista-coluna-goiania.png 400w, https:\/\/www.clinicadacolunago.com.br\/site\/wp-content\/uploads\/2015\/07\/especialista-coluna-goiania-300x152.png 300w, https:\/\/www.clinicadacolunago.com.br\/site\/wp-content\/uploads\/2015\/07\/especialista-coluna-goiania-320x162.png 320w, https:\/\/www.clinicadacolunago.com.br\/site\/wp-content\/uploads\/2015\/07\/especialista-coluna-goiania-239x121.png 239w\" sizes=\"auto, (max-width: 350px) 100vw, 350px\" \/><\/a><\/p>\n<\/li><!-- -->\n<li class=\"g1-column g1-three-fifth g1-valign-top\">\n<h3 style=\"text-align: justify;\"><strong>CONHE\u00c7A O M\u00c9TODO MCKENZIE<br \/>\n<\/strong><\/h3>\n<p style=\"text-align: justify;\">Se voc\u00ea sofre de dor nas costas, dor lombar, pesco\u00e7o, dor cervical, h\u00e9rnia de disco, dor no nervo ci\u00e1tico, artrose ou qualquer outro problema musculoesquel\u00e9tico que envolva a coluna vertebral ou extremidades articulares (quadril, joelho, tornozelo, ombro, cotovelo, punho, etc.) o seu problema pode ser recuperado rapidamente e facilmente com o M\u00e9todo Mckenzie\u00ae de Diagn\u00f3stico e Terapia Mec\u00e2nica, Fisioterapia em Goi\u00e2nia.<\/p>\n<p>&nbsp;<\/p>\n<p style=\"text-align: justify;\"><a href=\"http:\/\/www.clinicadacolunago.com.br\/site\/metodo-mckenzie-tratamento-goiania\/\" rel=\"nofollow\"><img loading=\"lazy\" decoding=\"async\" class=\"alignleft wp-image-657 size-full\" src=\"http:\/\/www.clinicadacolunago.com.br\/site\/wp-content\/uploads\/2015\/07\/bt_saibamais.jpg\" alt=\"clinica-da-coluna-goiania\" width=\"117\" height=\"29\" \/><\/a><\/p>\n<p>&nbsp;<\/p>\n<\/li><!-- --><\/ul>\n<h1 style=\"text-align: center;\"><\/h1>\n<h1 style=\"text-align: center;\"><img loading=\"lazy\" decoding=\"async\" class=\"aligncenter size-full wp-image-670\" src=\"http:\/\/www.clinicadacolunago.com.br\/site\/wp-content\/uploads\/2015\/07\/srz2.png\" alt=\"srz2\" width=\"835\" height=\"38\" srcset=\"https:\/\/www.clinicadacolunago.com.br\/site\/wp-content\/uploads\/2015\/07\/srz2.png 835w, https:\/\/www.clinicadacolunago.com.br\/site\/wp-content\/uploads\/2015\/07\/srz2-300x14.png 300w, https:\/\/www.clinicadacolunago.com.br\/site\/wp-content\/uploads\/2015\/07\/srz2-636x29.png 636w, https:\/\/www.clinicadacolunago.com.br\/site\/wp-content\/uploads\/2015\/07\/srz2-320x15.png 320w, https:\/\/www.clinicadacolunago.com.br\/site\/wp-content\/uploads\/2015\/07\/srz2-239x11.png 239w\" sizes=\"auto, (max-width: 835px) 100vw, 835px\" \/><\/h1>\n<h1 style=\"text-align: center;\">Experi\u00eancia e Bom Atendimento<\/h1>\n<ul class=\"g1-grid\"><li class=\"g1-column g1-one-half g1-valign-top\">\n<p style=\"text-align: center;\">\n<p>&nbsp;<\/p>\n<h2 style=\"text-align: center;\">Assista ao Nosso V\u00eddeo: Como receber<br \/>\najuda com a sua dor de Coluna.<\/h2>\n<p style=\"text-align: center;\"><iframe loading=\"lazy\" src=\"\/\/www.youtube.com\/embed\/BV6zssjb-pY\" width=\"450\" height=\"350\"><\/iframe><\/p>\n<p>&nbsp;<\/p>\n<\/li><!-- -->\n<li class=\"g1-column g1-one-half g1-valign-top\">\n<h3><\/h3>\n<p>&nbsp;<\/p>\n<h2 style=\"text-align: center;\">Entrevista Dr. Rondinelly Borges. H\u00e9rnia de Disco e Artrose na Coluna.<\/h2>\n<p style=\"text-align: center;\"><iframe loading=\"lazy\" src=\"\/\/www.youtube.com\/embed\/_AIdaVBS9PI\" width=\"450\" height=\"350\"><\/iframe><\/p>\n<p>&nbsp;<\/p>\n<\/li><!-- --><\/ul>\n<h3 style=\"text-align: center;\"><img loading=\"lazy\" decoding=\"async\" class=\"aligncenter size-full wp-image-670\" src=\"http:\/\/www.clinicadacolunago.com.br\/site\/wp-content\/uploads\/2015\/07\/srz2.png\" alt=\"srz2\" width=\"835\" height=\"38\" srcset=\"https:\/\/www.clinicadacolunago.com.br\/site\/wp-content\/uploads\/2015\/07\/srz2.png 835w, https:\/\/www.clinicadacolunago.com.br\/site\/wp-content\/uploads\/2015\/07\/srz2-300x14.png 300w, https:\/\/www.clinicadacolunago.com.br\/site\/wp-content\/uploads\/2015\/07\/srz2-636x29.png 636w, https:\/\/www.clinicadacolunago.com.br\/site\/wp-content\/uploads\/2015\/07\/srz2-320x15.png 320w, https:\/\/www.clinicadacolunago.com.br\/site\/wp-content\/uploads\/2015\/07\/srz2-239x11.png 239w\" sizes=\"auto, (max-width: 835px) 100vw, 835px\" \/><\/h3>\n<p>&nbsp;<\/p>\n<h3 style=\"text-align: center;\"><strong>CLIQUE NA IMAGEM ABAIXO PARA ACESSAR OS DEPOIMENTOS<\/strong><\/h3>\n<p>&nbsp;<\/p>\n<p style=\"text-align: center;\"><a href=\"https:\/\/web.facebook.com\/clinicadacolunago\/reviews?locale=pt_BR\" target=\"_blank\" rel=\"nofollow noopener noreferrer\"><img loading=\"lazy\" decoding=\"async\" class=\"aligncenter wp-image-679 size-full\" src=\"http:\/\/www.clinicadacolunago.com.br\/site\/wp-content\/uploads\/2015\/07\/clinica-da-coluna-tratamento.jpg\" alt=\"clinica-da-coluna-tratamento\" width=\"500\" height=\"714\" srcset=\"https:\/\/www.clinicadacolunago.com.br\/site\/wp-content\/uploads\/2015\/07\/clinica-da-coluna-tratamento.jpg 500w, https:\/\/www.clinicadacolunago.com.br\/site\/wp-content\/uploads\/2015\/07\/clinica-da-coluna-tratamento-210x300.jpg 210w, https:\/\/www.clinicadacolunago.com.br\/site\/wp-content\/uploads\/2015\/07\/clinica-da-coluna-tratamento-320x457.jpg 320w, https:\/\/www.clinicadacolunago.com.br\/site\/wp-content\/uploads\/2015\/07\/clinica-da-coluna-tratamento-239x341.jpg 239w\" sizes=\"auto, (max-width: 500px) 100vw, 500px\" \/><\/a><\/p>\n<p>&nbsp;<\/p>\n<h3 style=\"text-align: left;\">Contatos<\/h3>\n<p><b>Cl\u00ednica da Coluna de Goi\u00e2nia<\/b><\/p>\n<h3>(62) 4102-1652<br \/>\n(62) 99477-4224 <i class=\"fa fa-whatsapp\" style=\"font-size: 24px;\"><\/i><\/h3>\n<p><b>Endere\u00e7o:<\/b><br \/>\nAv. T-63, N\u00b0 1296, Setor Bueno<br \/>\nEdif\u00edcio New World, Sala 411<br \/>\nGoi\u00e2nia \u2013 Goi\u00e1s, CEP: 74.230-100<\/p>\n<p><b>Hor\u00e1rio de Atendimento:<\/b><br \/>\nDe segunda a sexta-feira<br \/>\nDas 9:00 as 17:00 horas<\/p>\n","protected":false},"excerpt":{"rendered":"<p>&nbsp; Dr. Rondinelly Borges Mendanha, Fisioterapeuta Credenciado no Instituto Mckenzie do Brasil. &nbsp; &nbsp; Experi\u00eancia e Bom Atendimento &nbsp; CLIQUE NA IMAGEM ABAIXO PARA ACESSAR OS DEPOIMENTOS &nbsp; &nbsp; Contatos Cl\u00ednica da Coluna de Goi\u00e2nia (62) 4102-1652 (62) 99477-4224 Endere\u00e7o: Av. T-63, N\u00b0 1296, Setor Bueno Edif\u00edcio New World, Sala 411 Goi\u00e2nia \u2013 Goi\u00e1s, CEP: [&hellip;]<\/p>\n","protected":false},"author":1,"featured_media":0,"parent":0,"menu_order":0,"comment_status":"closed","ping_status":"closed","template":"","meta":{"footnotes":""},"class_list":["post-2","page","type-page","status-publish"],"yoast_head":"<!-- This site is optimized with the Yoast SEO plugin v22.7 - https:\/\/yoast.com\/wordpress\/plugins\/seo\/ -->\n<title>Cl\u00ednica da Coluna de Goi\u00e2nia - Dor na Coluna e H\u00e9rnia de Disco<\/title>\n<meta name=\"description\" content=\"Cl\u00ednica de Fisioterapia especializada no tratamento da coluna, h\u00e9rnia de disco, nervo ci\u00e1tico, dor nas costas, pesco\u00e7o. M\u00e9todo Mckenzie.\" \/>\n<meta name=\"robots\" content=\"index, follow, max-snippet:-1, max-image-preview:large, max-video-preview:-1\" \/>\n<link rel=\"canonical\" href=\"https:\/\/www.clinicadacolunago.com.br\/site\/\" \/>\n<meta property=\"og:locale\" content=\"pt_BR\" \/>\n<meta property=\"og:type\" content=\"article\" \/>\n<meta property=\"og:title\" content=\"Cl\u00ednica da Coluna de Goi\u00e2nia - Dor na Coluna e H\u00e9rnia de Disco\" \/>\n<meta property=\"og:description\" content=\"Cl\u00ednica de Fisioterapia especializada no tratamento da coluna, h\u00e9rnia de disco, nervo ci\u00e1tico, dor nas costas, pesco\u00e7o. M\u00e9todo Mckenzie.\" \/>\n<meta property=\"og:url\" content=\"https:\/\/www.clinicadacolunago.com.br\/site\/\" \/>\n<meta property=\"og:site_name\" content=\"Cl\u00ednica da Coluna de Goi\u00e2nia\" \/>\n<meta property=\"article:modified_time\" content=\"2025-12-29T16:33:54+00:00\" \/>\n<meta property=\"og:image\" content=\"http:\/\/www.clinicadacolunago.com.br\/site\/wp-content\/uploads\/2015\/07\/clinica-da-coluna-goiania.jpg\" \/>\n<meta name=\"twitter:card\" content=\"summary_large_image\" \/>\n<meta name=\"twitter:label1\" content=\"Est. tempo de leitura\" \/>\n\t<meta name=\"twitter:data1\" content=\"4 minutos\" \/>\n<script type=\"application\/ld+json\" class=\"yoast-schema-graph\">{\"@context\":\"https:\/\/schema.org\",\"@graph\":[{\"@type\":\"WebPage\",\"@id\":\"https:\/\/www.clinicadacolunago.com.br\/site\/\",\"url\":\"https:\/\/www.clinicadacolunago.com.br\/site\/\",\"name\":\"Cl\u00ednica da Coluna de Goi\u00e2nia - Dor na Coluna e H\u00e9rnia de Disco\",\"isPartOf\":{\"@id\":\"https:\/\/www.clinicadacolunago.com.br\/site\/#website\"},\"primaryImageOfPage\":{\"@id\":\"https:\/\/www.clinicadacolunago.com.br\/site\/#primaryimage\"},\"image\":{\"@id\":\"https:\/\/www.clinicadacolunago.com.br\/site\/#primaryimage\"},\"thumbnailUrl\":\"http:\/\/www.clinicadacolunago.com.br\/site\/wp-content\/uploads\/2015\/07\/clinica-da-coluna-goiania.jpg\",\"datePublished\":\"2015-07-08T20:59:01+00:00\",\"dateModified\":\"2025-12-29T16:33:54+00:00\",\"description\":\"Cl\u00ednica de Fisioterapia especializada no tratamento da coluna, h\u00e9rnia de disco, nervo ci\u00e1tico, dor nas costas, pesco\u00e7o. M\u00e9todo Mckenzie.\",\"breadcrumb\":{\"@id\":\"https:\/\/www.clinicadacolunago.com.br\/site\/#breadcrumb\"},\"inLanguage\":\"pt-BR\",\"potentialAction\":[{\"@type\":\"ReadAction\",\"target\":[\"https:\/\/www.clinicadacolunago.com.br\/site\/\"]}]},{\"@type\":\"ImageObject\",\"inLanguage\":\"pt-BR\",\"@id\":\"https:\/\/www.clinicadacolunago.com.br\/site\/#primaryimage\",\"url\":\"http:\/\/www.clinicadacolunago.com.br\/site\/wp-content\/uploads\/2015\/07\/clinica-da-coluna-goiania.jpg\",\"contentUrl\":\"http:\/\/www.clinicadacolunago.com.br\/site\/wp-content\/uploads\/2015\/07\/clinica-da-coluna-goiania.jpg\"},{\"@type\":\"BreadcrumbList\",\"@id\":\"https:\/\/www.clinicadacolunago.com.br\/site\/#breadcrumb\",\"itemListElement\":[{\"@type\":\"ListItem\",\"position\":1,\"name\":\"In\u00edcio\",\"item\":\"https:\/\/www.clinicadacolunago.com.br\/site\/\"},{\"@type\":\"ListItem\",\"position\":2,\"name\":\"Cl\u00ednica da Coluna de Goi\u00e2nia\"}]},{\"@type\":\"WebSite\",\"@id\":\"https:\/\/www.clinicadacolunago.com.br\/site\/#website\",\"url\":\"https:\/\/www.clinicadacolunago.com.br\/site\/\",\"name\":\"Cl\u00ednica da Coluna de Goi\u00e2nia\",\"description\":\"Tratamento para coluna e h\u00e9rnia de disco em Goi\u00e2nia\",\"potentialAction\":[{\"@type\":\"SearchAction\",\"target\":{\"@type\":\"EntryPoint\",\"urlTemplate\":\"https:\/\/www.clinicadacolunago.com.br\/site\/?s={search_term_string}\"},\"query-input\":\"required name=search_term_string\"}],\"inLanguage\":\"pt-BR\"}]}<\/script>\n<!-- \/ Yoast SEO plugin. -->","yoast_head_json":{"title":"Cl\u00ednica da Coluna de Goi\u00e2nia - Dor na Coluna e H\u00e9rnia de Disco","description":"Cl\u00ednica de Fisioterapia especializada no tratamento da coluna, h\u00e9rnia de disco, nervo ci\u00e1tico, dor nas costas, pesco\u00e7o. M\u00e9todo Mckenzie.","robots":{"index":"index","follow":"follow","max-snippet":"max-snippet:-1","max-image-preview":"max-image-preview:large","max-video-preview":"max-video-preview:-1"},"canonical":"https:\/\/www.clinicadacolunago.com.br\/site\/","og_locale":"pt_BR","og_type":"article","og_title":"Cl\u00ednica da Coluna de Goi\u00e2nia - Dor na Coluna e H\u00e9rnia de Disco","og_description":"Cl\u00ednica de Fisioterapia especializada no tratamento da coluna, h\u00e9rnia de disco, nervo ci\u00e1tico, dor nas costas, pesco\u00e7o. M\u00e9todo Mckenzie.","og_url":"https:\/\/www.clinicadacolunago.com.br\/site\/","og_site_name":"Cl\u00ednica da Coluna de Goi\u00e2nia","article_modified_time":"2025-12-29T16:33:54+00:00","og_image":[{"url":"http:\/\/www.clinicadacolunago.com.br\/site\/wp-content\/uploads\/2015\/07\/clinica-da-coluna-goiania.jpg"}],"twitter_card":"summary_large_image","twitter_misc":{"Est. tempo de leitura":"4 minutos"},"schema":{"@context":"https:\/\/schema.org","@graph":[{"@type":"WebPage","@id":"https:\/\/www.clinicadacolunago.com.br\/site\/","url":"https:\/\/www.clinicadacolunago.com.br\/site\/","name":"Cl\u00ednica da Coluna de Goi\u00e2nia - Dor na Coluna e H\u00e9rnia de Disco","isPartOf":{"@id":"https:\/\/www.clinicadacolunago.com.br\/site\/#website"},"primaryImageOfPage":{"@id":"https:\/\/www.clinicadacolunago.com.br\/site\/#primaryimage"},"image":{"@id":"https:\/\/www.clinicadacolunago.com.br\/site\/#primaryimage"},"thumbnailUrl":"http:\/\/www.clinicadacolunago.com.br\/site\/wp-content\/uploads\/2015\/07\/clinica-da-coluna-goiania.jpg","datePublished":"2015-07-08T20:59:01+00:00","dateModified":"2025-12-29T16:33:54+00:00","description":"Cl\u00ednica de Fisioterapia especializada no tratamento da coluna, h\u00e9rnia de disco, nervo ci\u00e1tico, dor nas costas, pesco\u00e7o. M\u00e9todo Mckenzie.","breadcrumb":{"@id":"https:\/\/www.clinicadacolunago.com.br\/site\/#breadcrumb"},"inLanguage":"pt-BR","potentialAction":[{"@type":"ReadAction","target":["https:\/\/www.clinicadacolunago.com.br\/site\/"]}]},{"@type":"ImageObject","inLanguage":"pt-BR","@id":"https:\/\/www.clinicadacolunago.com.br\/site\/#primaryimage","url":"http:\/\/www.clinicadacolunago.com.br\/site\/wp-content\/uploads\/2015\/07\/clinica-da-coluna-goiania.jpg","contentUrl":"http:\/\/www.clinicadacolunago.com.br\/site\/wp-content\/uploads\/2015\/07\/clinica-da-coluna-goiania.jpg"},{"@type":"BreadcrumbList","@id":"https:\/\/www.clinicadacolunago.com.br\/site\/#breadcrumb","itemListElement":[{"@type":"ListItem","position":1,"name":"In\u00edcio","item":"https:\/\/www.clinicadacolunago.com.br\/site\/"},{"@type":"ListItem","position":2,"name":"Cl\u00ednica da Coluna de Goi\u00e2nia"}]},{"@type":"WebSite","@id":"https:\/\/www.clinicadacolunago.com.br\/site\/#website","url":"https:\/\/www.clinicadacolunago.com.br\/site\/","name":"Cl\u00ednica da Coluna de Goi\u00e2nia","description":"Tratamento para coluna e h\u00e9rnia de disco em Goi\u00e2nia","potentialAction":[{"@type":"SearchAction","target":{"@type":"EntryPoint","urlTemplate":"https:\/\/www.clinicadacolunago.com.br\/site\/?s={search_term_string}"},"query-input":"required name=search_term_string"}],"inLanguage":"pt-BR"}]}},"_links":{"self":[{"href":"https:\/\/www.clinicadacolunago.com.br\/site\/wp-json\/wp\/v2\/pages\/2","targetHints":{"allow":["GET"]}}],"collection":[{"href":"https:\/\/www.clinicadacolunago.com.br\/site\/wp-json\/wp\/v2\/pages"}],"about":[{"href":"https:\/\/www.clinicadacolunago.com.br\/site\/wp-json\/wp\/v2\/types\/page"}],"author":[{"embeddable":true,"href":"https:\/\/www.clinicadacolunago.com.br\/site\/wp-json\/wp\/v2\/users\/1"}],"replies":[{"embeddable":true,"href":"https:\/\/www.clinicadacolunago.com.br\/site\/wp-json\/wp\/v2\/comments?post=2"}],"version-history":[{"count":319,"href":"https:\/\/www.clinicadacolunago.com.br\/site\/wp-json\/wp\/v2\/pages\/2\/revisions"}],"predecessor-version":[{"id":1415,"href":"https:\/\/www.clinicadacolunago.com.br\/site\/wp-json\/wp\/v2\/pages\/2\/revisions\/1415"}],"wp:attachment":[{"href":"https:\/\/www.clinicadacolunago.com.br\/site\/wp-json\/wp\/v2\/media?parent=2"}],"curies":[{"name":"wp","href":"https:\/\/api.w.org\/{rel}","templated":true}]}}