{"id":20,"date":"2015-07-10T11:12:27","date_gmt":"2015-07-10T11:12:27","guid":{"rendered":"http:\/\/www.inovargestaoempresarial.com.br\/site\/?page_id=20"},"modified":"2026-02-20T18:04:15","modified_gmt":"2026-02-20T18:04:15","slug":"tratamento-para-coluna-goiania","status":"publish","type":"page","link":"https:\/\/www.clinicadacolunago.com.br\/site\/tratamento-para-coluna-goiania\/","title":{"rendered":"Tratamento para Coluna"},"content":{"rendered":"<p><img loading=\"lazy\" decoding=\"async\" class=\" wp-image-591 alignnone\" src=\"http:\/\/www.clinicadacolunago.com.br\/site\/wp-content\/uploads\/2015\/07\/tratamentos-coluna-goiania.jpg\" alt=\"tratamentos-coluna-goiania\" width=\"635\" height=\"169\" srcset=\"https:\/\/www.clinicadacolunago.com.br\/site\/wp-content\/uploads\/2015\/07\/tratamentos-coluna-goiania.jpg 650w, https:\/\/www.clinicadacolunago.com.br\/site\/wp-content\/uploads\/2015\/07\/tratamentos-coluna-goiania-300x80.jpg 300w, https:\/\/www.clinicadacolunago.com.br\/site\/wp-content\/uploads\/2015\/07\/tratamentos-coluna-goiania-636x169.jpg 636w, https:\/\/www.clinicadacolunago.com.br\/site\/wp-content\/uploads\/2015\/07\/tratamentos-coluna-goiania-320x85.jpg 320w, https:\/\/www.clinicadacolunago.com.br\/site\/wp-content\/uploads\/2015\/07\/tratamentos-coluna-goiania-239x64.jpg 239w\" sizes=\"auto, (max-width: 635px) 100vw, 635px\" \/><\/p>\n<p style=\"text-align: justify;\">Tratamento para dores na coluna vertebral lombar, cervical, tor\u00e1cica, <a href=\"https:\/\/www.clinicadacolunago.com.br\/site\/hernia-de-disco-tratamento-goiania\/\">h\u00e9rnia de disco<\/a>, dor nas costas, artrose e demais problemas de coluna, sem cirurgia em Goi\u00e2nia. Dr. Rondinelly Borges Mendanha, Fisioterapeuta Certificado no M\u00e9todo Mckenzie. Todos n\u00f3s j\u00e1 experimentamos dor, desconforto ou diminui\u00e7\u00e3o na mobilidade da coluna (costas ou pesco\u00e7o) em algum momento de nossas vidas. Quando estes problemas persistem ou se repetem frequentemente afetam seriamente a nossa qualidade de vida. O nome do tratamento para coluna chama-se M\u00e9todo Mckenzie, o melhor no mundo todo, presente em mais de 40 pa\u00edses.<\/p>\n<h3><strong>A SOLU\u00c7\u00c3O \u00c9 SIMPLES E R\u00c1PIDA NA MAIORIA DOS CASOS<\/strong><\/h3>\n<p style=\"text-align: justify;\">A maioria desses problemas s\u00e3o rapidamente revers\u00edveis usando exerc\u00edcios simples de movimentos repetidos e postura. E com orienta\u00e7\u00f5es de auto-tratamento voc\u00ea aprende a cuidar corretamente da sua coluna para onde quer que esteja n\u00e3o ter dor, ou eliminar a dor sozinho quando ela surgir.\u00a0<strong>Esta avalia\u00e7\u00e3o e tratamento s\u00e3o feitos de uma forma \u00fanica e exclusiva com o <a href=\"https:\/\/www.clinicadacolunago.com.br\/site\/metodo-mckenzie-tratamento-goiania\/\">M\u00e9todo Mckenzie<\/a> que utiliza perguntas espec\u00edficas e testes de movimentos repetidos, este exame cl\u00ednico \u00e9 superior a exames de imagem para detectar e tratar o problema.<\/strong><\/p>\n<p style=\"text-align: justify;\">O M\u00e9todo Mckenzie \u00e9 conhecido por seus excelentes resultados para a maioria dos problemas de dor na coluna mesmo se j\u00e1 possui diagn\u00f3stico de h\u00e9rnia de disco, artrose, problema no nervo ci\u00e1tico, etc.<\/p>\n<p style=\"text-align: justify;\">Estudos mostram que a maioria dos problemas de coluna s\u00e3o comuns, em cerca de 98% dos casos a origem \u00e9 mec\u00e2nica, isto \u00e9 a dor \u00e9 causada por certas posturas ou por certos movimentos.<\/p>\n<h4 style=\"text-align: justify;\"><strong>A boa not\u00edcia \u00e9 que as chances de melhora r\u00e1pida acontecem em at\u00e9 90% dos casos.<\/strong><\/h4>\n<p style=\"text-align: justify;\">Aprenda a cuidar da sua coluna e livre-se das dores sem a necessidade de um procedimento cir\u00fargico. <a href=\"https:\/\/www.clinicadacolunago.com.br\/site\/tratamento-para-coluna-sem-cirurgia-goiania\/\">Evite cirurgia de coluna.<\/a><\/p>\n<p style=\"text-align: justify;\"><strong>O M\u00e9todo Mckenzie \u00e9 o \u00fanico tratamento da coluna vertebral que garante o seu resultado a longo prazo. Por que \u00e9 o \u00fanico que te ensina as causas do seu problema de coluna, ensina como voc\u00ea trata a sua coluna e por fim como cuidar da sua coluna para n\u00e3o haver novas crises. Todos os outros tratamentos da coluna geram depend\u00eancia, por que se voc\u00ea tiver dor voc\u00ea tem que voltar e fazer novamente. O nosso objetivo \u00e9 dar alta com 5 visitas.<\/strong><\/p>\n<h2 style=\"text-align: center;\">\u00a0Paciente com dor lombar avaliada e<br \/>\ntratada com o M\u00e9todo Mckenzie.<\/h2>\n<p style=\"text-align: center;\"><iframe loading=\"lazy\" src=\"\/\/www.youtube.com\/embed\/EcwNNi0d_V4\" width=\"560\" height=\"315\" frameborder=\"0\" allowfullscreen=\"allowfullscreen\"><\/iframe><\/p>\n<p style=\"text-align: justify;\"><strong><em>Tratamento da coluna em Goi\u00e2nia, dor na coluna, lombalgia, dorsalgia, problema na coluna vertebral, coluna travada, fisioterapia para a coluna, m\u00e9todo mckenzie, dor lombar, dor tor\u00e1cica, doen\u00e7as da coluna vertebral, especialista de coluna, especialista em coluna lombar Goi\u00e2nia, tratamento para h\u00e9rnia de disco lombar, artrose na coluna lombar, sinais e sintomas da coluna vertebral, fisioterapeuta Goi\u00e2nia, fisioterapia Goi\u00e2nia.<\/em><\/strong><\/p>\n<p>Veja <a href=\"https:\/\/www.clinicadacolunago.com.br\/site\/fisioterapia-para-tratamento-da-coluna-goiania\/\">quem somos<\/a>.<\/p>\n","protected":false},"excerpt":{"rendered":"<p>Tratamento para dores na coluna vertebral lombar, cervical, tor\u00e1cica, h\u00e9rnia de disco, dor nas costas, artrose e demais problemas de coluna, sem cirurgia em Goi\u00e2nia. Dr. Rondinelly Borges Mendanha, Fisioterapeuta Certificado no M\u00e9todo Mckenzie. Todos n\u00f3s j\u00e1 experimentamos dor, desconforto ou diminui\u00e7\u00e3o na mobilidade da coluna (costas ou pesco\u00e7o) em algum momento de nossas vidas. [&hellip;]<\/p>\n","protected":false},"author":1,"featured_media":0,"parent":0,"menu_order":0,"comment_status":"closed","ping_status":"closed","template":"g1_template_page_sidebar_right.php","meta":{"footnotes":""},"class_list":["post-20","page","type-page","status-publish"],"yoast_head":"<!-- This site is optimized with the Yoast SEO plugin v22.7 - https:\/\/yoast.com\/wordpress\/plugins\/seo\/ -->\n<title>Tratamento para Coluna em Goi\u00e2nia | Cl\u00ednica da Coluna<\/title>\n<meta name=\"description\" content=\"Tratamento para dor na coluna vertebral lombar, tor\u00e1cica, cervical, dor nas costas, h\u00e9rnia de disco, artrose, m\u00e1 postura.\" \/>\n<meta name=\"robots\" content=\"index, follow, max-snippet:-1, max-image-preview:large, max-video-preview:-1\" \/>\n<link rel=\"canonical\" href=\"https:\/\/www.clinicadacolunago.com.br\/site\/tratamento-para-coluna-goiania\/\" \/>\n<meta property=\"og:locale\" content=\"pt_BR\" \/>\n<meta property=\"og:type\" content=\"article\" \/>\n<meta property=\"og:title\" content=\"Tratamento para Coluna em Goi\u00e2nia | Cl\u00ednica da Coluna\" \/>\n<meta property=\"og:description\" content=\"Tratamento para dor na coluna vertebral lombar, tor\u00e1cica, cervical, dor nas costas, h\u00e9rnia de disco, artrose, m\u00e1 postura.\" \/>\n<meta property=\"og:url\" content=\"https:\/\/www.clinicadacolunago.com.br\/site\/tratamento-para-coluna-goiania\/\" \/>\n<meta property=\"og:site_name\" content=\"Cl\u00ednica da Coluna de Goi\u00e2nia\" \/>\n<meta property=\"article:modified_time\" content=\"2026-02-20T18:04:15+00:00\" \/>\n<meta property=\"og:image\" content=\"http:\/\/www.clinicadacolunago.com.br\/site\/wp-content\/uploads\/2015\/07\/tratamentos-coluna-goiania.jpg\" \/>\n<meta name=\"twitter:card\" content=\"summary_large_image\" \/>\n<meta name=\"twitter:label1\" content=\"Est. tempo de leitura\" \/>\n\t<meta name=\"twitter:data1\" content=\"3 minutos\" \/>\n<script type=\"application\/ld+json\" class=\"yoast-schema-graph\">{\"@context\":\"https:\/\/schema.org\",\"@graph\":[{\"@type\":\"WebPage\",\"@id\":\"https:\/\/www.clinicadacolunago.com.br\/site\/tratamento-para-coluna-goiania\/\",\"url\":\"https:\/\/www.clinicadacolunago.com.br\/site\/tratamento-para-coluna-goiania\/\",\"name\":\"Tratamento para Coluna em Goi\u00e2nia | Cl\u00ednica da Coluna\",\"isPartOf\":{\"@id\":\"https:\/\/www.clinicadacolunago.com.br\/site\/#website\"},\"primaryImageOfPage\":{\"@id\":\"https:\/\/www.clinicadacolunago.com.br\/site\/tratamento-para-coluna-goiania\/#primaryimage\"},\"image\":{\"@id\":\"https:\/\/www.clinicadacolunago.com.br\/site\/tratamento-para-coluna-goiania\/#primaryimage\"},\"thumbnailUrl\":\"http:\/\/www.clinicadacolunago.com.br\/site\/wp-content\/uploads\/2015\/07\/tratamentos-coluna-goiania.jpg\",\"datePublished\":\"2015-07-10T11:12:27+00:00\",\"dateModified\":\"2026-02-20T18:04:15+00:00\",\"description\":\"Tratamento para dor na coluna vertebral lombar, tor\u00e1cica, cervical, dor nas costas, h\u00e9rnia de disco, artrose, m\u00e1 postura.\",\"breadcrumb\":{\"@id\":\"https:\/\/www.clinicadacolunago.com.br\/site\/tratamento-para-coluna-goiania\/#breadcrumb\"},\"inLanguage\":\"pt-BR\",\"potentialAction\":[{\"@type\":\"ReadAction\",\"target\":[\"https:\/\/www.clinicadacolunago.com.br\/site\/tratamento-para-coluna-goiania\/\"]}]},{\"@type\":\"ImageObject\",\"inLanguage\":\"pt-BR\",\"@id\":\"https:\/\/www.clinicadacolunago.com.br\/site\/tratamento-para-coluna-goiania\/#primaryimage\",\"url\":\"http:\/\/www.clinicadacolunago.com.br\/site\/wp-content\/uploads\/2015\/07\/tratamentos-coluna-goiania.jpg\",\"contentUrl\":\"http:\/\/www.clinicadacolunago.com.br\/site\/wp-content\/uploads\/2015\/07\/tratamentos-coluna-goiania.jpg\"},{\"@type\":\"BreadcrumbList\",\"@id\":\"https:\/\/www.clinicadacolunago.com.br\/site\/tratamento-para-coluna-goiania\/#breadcrumb\",\"itemListElement\":[{\"@type\":\"ListItem\",\"position\":1,\"name\":\"In\u00edcio\",\"item\":\"https:\/\/www.clinicadacolunago.com.br\/site\/\"},{\"@type\":\"ListItem\",\"position\":2,\"name\":\"Tratamento para Coluna\"}]},{\"@type\":\"WebSite\",\"@id\":\"https:\/\/www.clinicadacolunago.com.br\/site\/#website\",\"url\":\"https:\/\/www.clinicadacolunago.com.br\/site\/\",\"name\":\"Cl\u00ednica da Coluna de Goi\u00e2nia\",\"description\":\"Tratamento para coluna e h\u00e9rnia de disco em Goi\u00e2nia\",\"potentialAction\":[{\"@type\":\"SearchAction\",\"target\":{\"@type\":\"EntryPoint\",\"urlTemplate\":\"https:\/\/www.clinicadacolunago.com.br\/site\/?s={search_term_string}\"},\"query-input\":\"required name=search_term_string\"}],\"inLanguage\":\"pt-BR\"}]}<\/script>\n<!-- \/ Yoast SEO plugin. -->","yoast_head_json":{"title":"Tratamento para Coluna em Goi\u00e2nia | Cl\u00ednica da Coluna","description":"Tratamento para dor na coluna vertebral lombar, tor\u00e1cica, cervical, dor nas costas, h\u00e9rnia de disco, artrose, m\u00e1 postura.","robots":{"index":"index","follow":"follow","max-snippet":"max-snippet:-1","max-image-preview":"max-image-preview:large","max-video-preview":"max-video-preview:-1"},"canonical":"https:\/\/www.clinicadacolunago.com.br\/site\/tratamento-para-coluna-goiania\/","og_locale":"pt_BR","og_type":"article","og_title":"Tratamento para Coluna em Goi\u00e2nia | Cl\u00ednica da Coluna","og_description":"Tratamento para dor na coluna vertebral lombar, tor\u00e1cica, cervical, dor nas costas, h\u00e9rnia de disco, artrose, m\u00e1 postura.","og_url":"https:\/\/www.clinicadacolunago.com.br\/site\/tratamento-para-coluna-goiania\/","og_site_name":"Cl\u00ednica da Coluna de Goi\u00e2nia","article_modified_time":"2026-02-20T18:04:15+00:00","og_image":[{"url":"http:\/\/www.clinicadacolunago.com.br\/site\/wp-content\/uploads\/2015\/07\/tratamentos-coluna-goiania.jpg"}],"twitter_card":"summary_large_image","twitter_misc":{"Est. tempo de leitura":"3 minutos"},"schema":{"@context":"https:\/\/schema.org","@graph":[{"@type":"WebPage","@id":"https:\/\/www.clinicadacolunago.com.br\/site\/tratamento-para-coluna-goiania\/","url":"https:\/\/www.clinicadacolunago.com.br\/site\/tratamento-para-coluna-goiania\/","name":"Tratamento para Coluna em Goi\u00e2nia | Cl\u00ednica da Coluna","isPartOf":{"@id":"https:\/\/www.clinicadacolunago.com.br\/site\/#website"},"primaryImageOfPage":{"@id":"https:\/\/www.clinicadacolunago.com.br\/site\/tratamento-para-coluna-goiania\/#primaryimage"},"image":{"@id":"https:\/\/www.clinicadacolunago.com.br\/site\/tratamento-para-coluna-goiania\/#primaryimage"},"thumbnailUrl":"http:\/\/www.clinicadacolunago.com.br\/site\/wp-content\/uploads\/2015\/07\/tratamentos-coluna-goiania.jpg","datePublished":"2015-07-10T11:12:27+00:00","dateModified":"2026-02-20T18:04:15+00:00","description":"Tratamento para dor na coluna vertebral lombar, tor\u00e1cica, cervical, dor nas costas, h\u00e9rnia de disco, artrose, m\u00e1 postura.","breadcrumb":{"@id":"https:\/\/www.clinicadacolunago.com.br\/site\/tratamento-para-coluna-goiania\/#breadcrumb"},"inLanguage":"pt-BR","potentialAction":[{"@type":"ReadAction","target":["https:\/\/www.clinicadacolunago.com.br\/site\/tratamento-para-coluna-goiania\/"]}]},{"@type":"ImageObject","inLanguage":"pt-BR","@id":"https:\/\/www.clinicadacolunago.com.br\/site\/tratamento-para-coluna-goiania\/#primaryimage","url":"http:\/\/www.clinicadacolunago.com.br\/site\/wp-content\/uploads\/2015\/07\/tratamentos-coluna-goiania.jpg","contentUrl":"http:\/\/www.clinicadacolunago.com.br\/site\/wp-content\/uploads\/2015\/07\/tratamentos-coluna-goiania.jpg"},{"@type":"BreadcrumbList","@id":"https:\/\/www.clinicadacolunago.com.br\/site\/tratamento-para-coluna-goiania\/#breadcrumb","itemListElement":[{"@type":"ListItem","position":1,"name":"In\u00edcio","item":"https:\/\/www.clinicadacolunago.com.br\/site\/"},{"@type":"ListItem","position":2,"name":"Tratamento para Coluna"}]},{"@type":"WebSite","@id":"https:\/\/www.clinicadacolunago.com.br\/site\/#website","url":"https:\/\/www.clinicadacolunago.com.br\/site\/","name":"Cl\u00ednica da Coluna de Goi\u00e2nia","description":"Tratamento para coluna e h\u00e9rnia de disco em Goi\u00e2nia","potentialAction":[{"@type":"SearchAction","target":{"@type":"EntryPoint","urlTemplate":"https:\/\/www.clinicadacolunago.com.br\/site\/?s={search_term_string}"},"query-input":"required name=search_term_string"}],"inLanguage":"pt-BR"}]}},"_links":{"self":[{"href":"https:\/\/www.clinicadacolunago.com.br\/site\/wp-json\/wp\/v2\/pages\/20","targetHints":{"allow":["GET"]}}],"collection":[{"href":"https:\/\/www.clinicadacolunago.com.br\/site\/wp-json\/wp\/v2\/pages"}],"about":[{"href":"https:\/\/www.clinicadacolunago.com.br\/site\/wp-json\/wp\/v2\/types\/page"}],"author":[{"embeddable":true,"href":"https:\/\/www.clinicadacolunago.com.br\/site\/wp-json\/wp\/v2\/users\/1"}],"replies":[{"embeddable":true,"href":"https:\/\/www.clinicadacolunago.com.br\/site\/wp-json\/wp\/v2\/comments?post=20"}],"version-history":[{"count":100,"href":"https:\/\/www.clinicadacolunago.com.br\/site\/wp-json\/wp\/v2\/pages\/20\/revisions"}],"predecessor-version":[{"id":256,"href":"https:\/\/www.clinicadacolunago.com.br\/site\/wp-json\/wp\/v2\/pages\/20\/revisions\/256"}],"wp:attachment":[{"href":"https:\/\/www.clinicadacolunago.com.br\/site\/wp-json\/wp\/v2\/media?parent=20"}],"curies":[{"name":"wp","href":"https:\/\/api.w.org\/{rel}","templated":true}]}}