{"id":22,"date":"2015-07-10T11:15:35","date_gmt":"2015-07-10T11:15:35","guid":{"rendered":"http:\/\/www.inovargestaoempresarial.com.br\/site\/?page_id=22"},"modified":"2026-02-20T18:03:42","modified_gmt":"2026-02-20T18:03:42","slug":"fisioterapia-para-tratamento-da-coluna-goiania","status":"publish","type":"page","link":"https:\/\/www.clinicadacolunago.com.br\/site\/fisioterapia-para-tratamento-da-coluna-goiania\/","title":{"rendered":"Fisioterapia para Coluna Goi\u00e2nia"},"content":{"rendered":"<h2><strong>Dr. Rondinelly Borges Mendanha &#8211; Fisioterapeuta Credenciado no Instituto Mckenzie do Brasil<\/strong><\/h2>\n<p style=\"text-align: justify;\"><img loading=\"lazy\" decoding=\"async\" class=\"alignleft wp-image-1014\" src=\"https:\/\/www.clinicadacolunago.com.br\/site\/wp-content\/uploads\/2021\/01\/dr-rondinelly-borges-especialista-em-coluna.jpeg-228x300.jpeg\" alt=\"\" width=\"210\" height=\"277\" srcset=\"https:\/\/www.clinicadacolunago.com.br\/site\/wp-content\/uploads\/2021\/01\/dr-rondinelly-borges-especialista-em-coluna.jpeg-228x300.jpeg 228w, https:\/\/www.clinicadacolunago.com.br\/site\/wp-content\/uploads\/2021\/01\/dr-rondinelly-borges-especialista-em-coluna.jpeg-636x839.jpeg 636w, https:\/\/www.clinicadacolunago.com.br\/site\/wp-content\/uploads\/2021\/01\/dr-rondinelly-borges-especialista-em-coluna.jpeg-320x422.jpeg 320w, https:\/\/www.clinicadacolunago.com.br\/site\/wp-content\/uploads\/2021\/01\/dr-rondinelly-borges-especialista-em-coluna.jpeg-239x315.jpeg 239w, https:\/\/www.clinicadacolunago.com.br\/site\/wp-content\/uploads\/2021\/01\/dr-rondinelly-borges-especialista-em-coluna.jpeg.jpeg 750w\" sizes=\"auto, (max-width: 210px) 100vw, 210px\" \/>Fisioterapeuta especialista no tratamento da coluna vertebral e Fisioterapia Ortop\u00e9dica para problemas de dor articular em Goi\u00e2nia. Se voc\u00ea sofre de dor nas costas, dor lombar, pesco\u00e7o, dor cervical, h\u00e9rnia de disco, dor no nervo ci\u00e1tico, artrose ou qualquer outro problema musculoesquel\u00e9tico que envolva a coluna vertebral, extremidades articulares (quadril, joelho, tornozelo, ombro, cotovelo, punho, etc.) ou a ATM (articula\u00e7\u00e3o temporomandibular) o seu problema pode ser recuperado rapidamente e facilmente com o <strong>M\u00e9todo Mckenzie\u00ae de Diagn\u00f3stico e Terapia Mec\u00e2nica (MDT)<\/strong>. A Recupera\u00e7\u00e3o exige certos movimentos repetidos em uma dire\u00e7\u00e3o de prefer\u00eancia que eliminam ou diminuem\u00a0 a dor e podem ser identificados para cada indiv\u00edduo por uma forma \u00fanica de Avalia\u00e7\u00e3o. <strong>Esta avalia\u00e7\u00e3o e tratamento utiliza perguntas espec\u00edficas e testes de movimentos repetidos, este exame cl\u00ednico \u00e9 superior a exames de imagem para detectar e tratar o problema.<\/strong><\/p>\n<h3 style=\"text-align: justify;\"><strong>RESULTADOS COMPROVADOS<\/strong><\/h3>\n<p style=\"text-align: justify;\">A boa not\u00edcia \u00e9 que existem numerosos estudos j\u00e1 publicados de que at\u00e9 90% dos casos de dor na coluna Lombar ou na coluna Cervical aguda (in\u00edcio recente) e 50% das <strong>dores cr\u00f4nicas s\u00e3o rapidamente revers\u00edveis<\/strong>, ou seja, poucas visitas s\u00e3o suficientes para reverter rapidamente o problema de dor nas costas ou no pesco\u00e7o. O objetivo \u00e9 reduzir os custos do tratamento para a coluna com poucas visitas em rela\u00e7\u00e3o a outros tratamentos longos ou medicamentos e cirurgias que n\u00e3o tem resultados, al\u00e9m de trazer novos preju\u00edzos e geram um custo bem maior.<\/p>\n<h3 style=\"text-align: justify;\"><strong>IMPORTANTE<\/strong><\/h3>\n<p style=\"text-align: justify;\">Evite cirurgia de coluna. Menos de 10% dos pacientes realmente necessitam ou se beneficiam de procedimentos cir\u00fagicos na coluna vertebral e at\u00e9 80% dos que operam voltam a ter o mesmo problema num futuro pr\u00f3ximo.<\/p>\n<p style=\"text-align: justify;\">O M\u00e9todo Mckenzie n\u00e3o \u00e9 a mesma fisioterapia convencional com aparelhos e exerc\u00edcios que s\u00e3o feitos com qualquer paciente, \u00e9 um sistema de avalia\u00e7\u00e3o e classifica\u00e7\u00e3o avan\u00e7ado que exige forma\u00e7\u00e3o longa e experi\u00eancia com v\u00e1rios casos que permite examinar o paciente de uma forma \u00fanica e exclusiva para a solu\u00e7\u00e3o do problema. Em Goi\u00e2nia somos os \u00fanicos a trabalhar exclusivamente com o M\u00e9todo Mckenzie de tratamento para a coluna vertebral al\u00e9m de articula\u00e7\u00f5es como ombro, joelho, quadril, tornozelo, cotovelo, punho, m\u00e3o e p\u00e9 e <strong>o Fisioterapeuta Rondinelly Borges Mendanha, especialista em coluna e demais articula\u00e7\u00f5es com o M\u00e9todo Mckenzie, j\u00e1 atendeu mais de 3000 casos desde o ano de 2010, mais de 90% de satisfa\u00e7\u00e3o dos pacientes.<\/strong> Ele ser\u00e1 o \u00fanico fisioterapeuta aqui na Cl\u00ednica da Coluna de Goi\u00e2nia que ir\u00e1 acompanhar o seu caso do in\u00edcio ao fim do tratamento.<\/p>\n<h2 style=\"text-align: center;\">Reportagem sobre postura para dirigir e problemas<br \/>\nde Coluna com o Dr. Rondinelly Borges Mendanha.<\/h2>\n<h2 style=\"text-align: center;\"><iframe loading=\"lazy\" src=\"https:\/\/www.youtube.com\/embed\/l3civDXk9KM\" width=\"560\" height=\"315\" frameborder=\"0\" allowfullscreen=\"allowfullscreen\"><\/iframe><\/h2>\n<p>&nbsp;<\/p>\n<p style=\"text-align: justify;\"><strong><em>Tratamento para dor na coluna, doen\u00e7as da coluna vertebral, especialista de coluna em Goi\u00e2nia, artrose na coluna, h\u00e9rnia de disco, coluna lombar, coluna cervical, coluna tor\u00e1cica, lombalgia, fisioterapia para dor na coluna, cl\u00ednica especializada em tratamento da\u00a0coluna em Goi\u00e2nia, sinais e sintomas da coluna vertebral, fisioterapia para tratamento da artrose na coluna,\u00a0fisioterapeuta Goi\u00e2nia, fisioterapia Goi\u00e2nia.<\/em><\/strong><\/p>\n<p>Veja mais sobre o <a href=\"https:\/\/www.clinicadacolunago.com.br\/site\/metodo-mckenzie-tratamento-goiania\/\">M\u00e9todo Mckenzie<\/a>.<\/p>\n","protected":false},"excerpt":{"rendered":"<p>Dr. Rondinelly Borges Mendanha &#8211; Fisioterapeuta Credenciado no Instituto Mckenzie do Brasil Fisioterapeuta especialista no tratamento da coluna vertebral e Fisioterapia Ortop\u00e9dica para problemas de dor articular em Goi\u00e2nia. Se voc\u00ea sofre de dor nas costas, dor lombar, pesco\u00e7o, dor cervical, h\u00e9rnia de disco, dor no nervo ci\u00e1tico, artrose ou qualquer outro problema musculoesquel\u00e9tico que [&hellip;]<\/p>\n","protected":false},"author":1,"featured_media":0,"parent":0,"menu_order":0,"comment_status":"closed","ping_status":"closed","template":"g1_template_page_sidebar_right.php","meta":{"footnotes":""},"class_list":["post-22","page","type-page","status-publish"],"yoast_head":"<!-- This site is optimized with the Yoast SEO plugin v22.7 - https:\/\/yoast.com\/wordpress\/plugins\/seo\/ -->\n<title>Fisioterapia para Coluna em Goi\u00e2nia | Cl\u00ednica da Coluna<\/title>\n<meta name=\"description\" content=\"Fisioterapia especializada no tratamento da dor na coluna vertebral, h\u00e9rnia de disco, nervo ci\u00e1tico. M\u00e9todo Mckenzie, Goi\u00e2nia.\" \/>\n<meta name=\"robots\" content=\"index, follow, max-snippet:-1, max-image-preview:large, max-video-preview:-1\" \/>\n<link rel=\"canonical\" href=\"https:\/\/www.clinicadacolunago.com.br\/site\/fisioterapia-para-tratamento-da-coluna-goiania\/\" \/>\n<meta property=\"og:locale\" content=\"pt_BR\" \/>\n<meta property=\"og:type\" content=\"article\" \/>\n<meta property=\"og:title\" content=\"Fisioterapia para Coluna em Goi\u00e2nia | Cl\u00ednica da Coluna\" \/>\n<meta property=\"og:description\" content=\"Fisioterapia especializada no tratamento da dor na coluna vertebral, h\u00e9rnia de disco, nervo ci\u00e1tico. M\u00e9todo Mckenzie, Goi\u00e2nia.\" \/>\n<meta property=\"og:url\" content=\"https:\/\/www.clinicadacolunago.com.br\/site\/fisioterapia-para-tratamento-da-coluna-goiania\/\" \/>\n<meta property=\"og:site_name\" content=\"Cl\u00ednica da Coluna de Goi\u00e2nia\" \/>\n<meta property=\"article:modified_time\" content=\"2026-02-20T18:03:42+00:00\" \/>\n<meta property=\"og:image\" content=\"https:\/\/www.clinicadacolunago.com.br\/site\/wp-content\/uploads\/2021\/01\/dr-rondinelly-borges-especialista-em-coluna.jpeg-228x300.jpeg\" \/>\n<meta name=\"twitter:card\" content=\"summary_large_image\" \/>\n<meta name=\"twitter:label1\" content=\"Est. tempo de leitura\" \/>\n\t<meta name=\"twitter:data1\" content=\"3 minutos\" \/>\n<script type=\"application\/ld+json\" class=\"yoast-schema-graph\">{\"@context\":\"https:\/\/schema.org\",\"@graph\":[{\"@type\":\"WebPage\",\"@id\":\"https:\/\/www.clinicadacolunago.com.br\/site\/fisioterapia-para-tratamento-da-coluna-goiania\/\",\"url\":\"https:\/\/www.clinicadacolunago.com.br\/site\/fisioterapia-para-tratamento-da-coluna-goiania\/\",\"name\":\"Fisioterapia para Coluna em Goi\u00e2nia | Cl\u00ednica da Coluna\",\"isPartOf\":{\"@id\":\"https:\/\/www.clinicadacolunago.com.br\/site\/#website\"},\"primaryImageOfPage\":{\"@id\":\"https:\/\/www.clinicadacolunago.com.br\/site\/fisioterapia-para-tratamento-da-coluna-goiania\/#primaryimage\"},\"image\":{\"@id\":\"https:\/\/www.clinicadacolunago.com.br\/site\/fisioterapia-para-tratamento-da-coluna-goiania\/#primaryimage\"},\"thumbnailUrl\":\"https:\/\/www.clinicadacolunago.com.br\/site\/wp-content\/uploads\/2021\/01\/dr-rondinelly-borges-especialista-em-coluna.jpeg-228x300.jpeg\",\"datePublished\":\"2015-07-10T11:15:35+00:00\",\"dateModified\":\"2026-02-20T18:03:42+00:00\",\"description\":\"Fisioterapia especializada no tratamento da dor na coluna vertebral, h\u00e9rnia de disco, nervo ci\u00e1tico. M\u00e9todo Mckenzie, Goi\u00e2nia.\",\"breadcrumb\":{\"@id\":\"https:\/\/www.clinicadacolunago.com.br\/site\/fisioterapia-para-tratamento-da-coluna-goiania\/#breadcrumb\"},\"inLanguage\":\"pt-BR\",\"potentialAction\":[{\"@type\":\"ReadAction\",\"target\":[\"https:\/\/www.clinicadacolunago.com.br\/site\/fisioterapia-para-tratamento-da-coluna-goiania\/\"]}]},{\"@type\":\"ImageObject\",\"inLanguage\":\"pt-BR\",\"@id\":\"https:\/\/www.clinicadacolunago.com.br\/site\/fisioterapia-para-tratamento-da-coluna-goiania\/#primaryimage\",\"url\":\"https:\/\/www.clinicadacolunago.com.br\/site\/wp-content\/uploads\/2021\/01\/dr-rondinelly-borges-especialista-em-coluna.jpeg.jpeg\",\"contentUrl\":\"https:\/\/www.clinicadacolunago.com.br\/site\/wp-content\/uploads\/2021\/01\/dr-rondinelly-borges-especialista-em-coluna.jpeg.jpeg\",\"width\":750,\"height\":989},{\"@type\":\"BreadcrumbList\",\"@id\":\"https:\/\/www.clinicadacolunago.com.br\/site\/fisioterapia-para-tratamento-da-coluna-goiania\/#breadcrumb\",\"itemListElement\":[{\"@type\":\"ListItem\",\"position\":1,\"name\":\"In\u00edcio\",\"item\":\"https:\/\/www.clinicadacolunago.com.br\/site\/\"},{\"@type\":\"ListItem\",\"position\":2,\"name\":\"Fisioterapia para Coluna Goi\u00e2nia\"}]},{\"@type\":\"WebSite\",\"@id\":\"https:\/\/www.clinicadacolunago.com.br\/site\/#website\",\"url\":\"https:\/\/www.clinicadacolunago.com.br\/site\/\",\"name\":\"Cl\u00ednica da Coluna de Goi\u00e2nia\",\"description\":\"Tratamento para coluna e h\u00e9rnia de disco em Goi\u00e2nia\",\"potentialAction\":[{\"@type\":\"SearchAction\",\"target\":{\"@type\":\"EntryPoint\",\"urlTemplate\":\"https:\/\/www.clinicadacolunago.com.br\/site\/?s={search_term_string}\"},\"query-input\":\"required name=search_term_string\"}],\"inLanguage\":\"pt-BR\"}]}<\/script>\n<!-- \/ Yoast SEO plugin. -->","yoast_head_json":{"title":"Fisioterapia para Coluna em Goi\u00e2nia | Cl\u00ednica da Coluna","description":"Fisioterapia especializada no tratamento da dor na coluna vertebral, h\u00e9rnia de disco, nervo ci\u00e1tico. M\u00e9todo Mckenzie, Goi\u00e2nia.","robots":{"index":"index","follow":"follow","max-snippet":"max-snippet:-1","max-image-preview":"max-image-preview:large","max-video-preview":"max-video-preview:-1"},"canonical":"https:\/\/www.clinicadacolunago.com.br\/site\/fisioterapia-para-tratamento-da-coluna-goiania\/","og_locale":"pt_BR","og_type":"article","og_title":"Fisioterapia para Coluna em Goi\u00e2nia | Cl\u00ednica da Coluna","og_description":"Fisioterapia especializada no tratamento da dor na coluna vertebral, h\u00e9rnia de disco, nervo ci\u00e1tico. M\u00e9todo Mckenzie, Goi\u00e2nia.","og_url":"https:\/\/www.clinicadacolunago.com.br\/site\/fisioterapia-para-tratamento-da-coluna-goiania\/","og_site_name":"Cl\u00ednica da Coluna de Goi\u00e2nia","article_modified_time":"2026-02-20T18:03:42+00:00","og_image":[{"url":"https:\/\/www.clinicadacolunago.com.br\/site\/wp-content\/uploads\/2021\/01\/dr-rondinelly-borges-especialista-em-coluna.jpeg-228x300.jpeg"}],"twitter_card":"summary_large_image","twitter_misc":{"Est. tempo de leitura":"3 minutos"},"schema":{"@context":"https:\/\/schema.org","@graph":[{"@type":"WebPage","@id":"https:\/\/www.clinicadacolunago.com.br\/site\/fisioterapia-para-tratamento-da-coluna-goiania\/","url":"https:\/\/www.clinicadacolunago.com.br\/site\/fisioterapia-para-tratamento-da-coluna-goiania\/","name":"Fisioterapia para Coluna em Goi\u00e2nia | Cl\u00ednica da Coluna","isPartOf":{"@id":"https:\/\/www.clinicadacolunago.com.br\/site\/#website"},"primaryImageOfPage":{"@id":"https:\/\/www.clinicadacolunago.com.br\/site\/fisioterapia-para-tratamento-da-coluna-goiania\/#primaryimage"},"image":{"@id":"https:\/\/www.clinicadacolunago.com.br\/site\/fisioterapia-para-tratamento-da-coluna-goiania\/#primaryimage"},"thumbnailUrl":"https:\/\/www.clinicadacolunago.com.br\/site\/wp-content\/uploads\/2021\/01\/dr-rondinelly-borges-especialista-em-coluna.jpeg-228x300.jpeg","datePublished":"2015-07-10T11:15:35+00:00","dateModified":"2026-02-20T18:03:42+00:00","description":"Fisioterapia especializada no tratamento da dor na coluna vertebral, h\u00e9rnia de disco, nervo ci\u00e1tico. M\u00e9todo Mckenzie, Goi\u00e2nia.","breadcrumb":{"@id":"https:\/\/www.clinicadacolunago.com.br\/site\/fisioterapia-para-tratamento-da-coluna-goiania\/#breadcrumb"},"inLanguage":"pt-BR","potentialAction":[{"@type":"ReadAction","target":["https:\/\/www.clinicadacolunago.com.br\/site\/fisioterapia-para-tratamento-da-coluna-goiania\/"]}]},{"@type":"ImageObject","inLanguage":"pt-BR","@id":"https:\/\/www.clinicadacolunago.com.br\/site\/fisioterapia-para-tratamento-da-coluna-goiania\/#primaryimage","url":"https:\/\/www.clinicadacolunago.com.br\/site\/wp-content\/uploads\/2021\/01\/dr-rondinelly-borges-especialista-em-coluna.jpeg.jpeg","contentUrl":"https:\/\/www.clinicadacolunago.com.br\/site\/wp-content\/uploads\/2021\/01\/dr-rondinelly-borges-especialista-em-coluna.jpeg.jpeg","width":750,"height":989},{"@type":"BreadcrumbList","@id":"https:\/\/www.clinicadacolunago.com.br\/site\/fisioterapia-para-tratamento-da-coluna-goiania\/#breadcrumb","itemListElement":[{"@type":"ListItem","position":1,"name":"In\u00edcio","item":"https:\/\/www.clinicadacolunago.com.br\/site\/"},{"@type":"ListItem","position":2,"name":"Fisioterapia para Coluna Goi\u00e2nia"}]},{"@type":"WebSite","@id":"https:\/\/www.clinicadacolunago.com.br\/site\/#website","url":"https:\/\/www.clinicadacolunago.com.br\/site\/","name":"Cl\u00ednica da Coluna de Goi\u00e2nia","description":"Tratamento para coluna e h\u00e9rnia de disco em Goi\u00e2nia","potentialAction":[{"@type":"SearchAction","target":{"@type":"EntryPoint","urlTemplate":"https:\/\/www.clinicadacolunago.com.br\/site\/?s={search_term_string}"},"query-input":"required name=search_term_string"}],"inLanguage":"pt-BR"}]}},"_links":{"self":[{"href":"https:\/\/www.clinicadacolunago.com.br\/site\/wp-json\/wp\/v2\/pages\/22","targetHints":{"allow":["GET"]}}],"collection":[{"href":"https:\/\/www.clinicadacolunago.com.br\/site\/wp-json\/wp\/v2\/pages"}],"about":[{"href":"https:\/\/www.clinicadacolunago.com.br\/site\/wp-json\/wp\/v2\/types\/page"}],"author":[{"embeddable":true,"href":"https:\/\/www.clinicadacolunago.com.br\/site\/wp-json\/wp\/v2\/users\/1"}],"replies":[{"embeddable":true,"href":"https:\/\/www.clinicadacolunago.com.br\/site\/wp-json\/wp\/v2\/comments?post=22"}],"version-history":[{"count":131,"href":"https:\/\/www.clinicadacolunago.com.br\/site\/wp-json\/wp\/v2\/pages\/22\/revisions"}],"predecessor-version":[{"id":1406,"href":"https:\/\/www.clinicadacolunago.com.br\/site\/wp-json\/wp\/v2\/pages\/22\/revisions\/1406"}],"wp:attachment":[{"href":"https:\/\/www.clinicadacolunago.com.br\/site\/wp-json\/wp\/v2\/media?parent=22"}],"curies":[{"name":"wp","href":"https:\/\/api.w.org\/{rel}","templated":true}]}}