{"id":24,"date":"2015-07-10T11:17:44","date_gmt":"2015-07-10T11:17:44","guid":{"rendered":"http:\/\/www.inovargestaoempresarial.com.br\/site\/?page_id=24"},"modified":"2026-01-08T15:13:10","modified_gmt":"2026-01-08T15:13:10","slug":"contato","status":"publish","type":"page","link":"https:\/\/www.clinicadacolunago.com.br\/site\/contato\/","title":{"rendered":"Contato"},"content":{"rendered":"<p><img loading=\"lazy\" decoding=\"async\" class=\"alignnone wp-image-211 size-full\" src=\"http:\/\/www.clinicadacolunago.com.br\/site\/wp-content\/uploads\/2015\/07\/iicontato.jpg\" alt=\"iicontato\" width=\"634\" height=\"140\" srcset=\"https:\/\/www.clinicadacolunago.com.br\/site\/wp-content\/uploads\/2015\/07\/iicontato.jpg 634w, https:\/\/www.clinicadacolunago.com.br\/site\/wp-content\/uploads\/2015\/07\/iicontato-300x66.jpg 300w, https:\/\/www.clinicadacolunago.com.br\/site\/wp-content\/uploads\/2015\/07\/iicontato-320x71.jpg 320w, https:\/\/www.clinicadacolunago.com.br\/site\/wp-content\/uploads\/2015\/07\/iicontato-239x53.jpg 239w\" sizes=\"auto, (max-width: 634px) 100vw, 634px\" \/><\/p>\n<p>Entre em contato preenchendo o formul\u00e1rio abaixo:<\/p>\n\n<div class=\"wpcf7 no-js\" id=\"wpcf7-f36-o1\" lang=\"pt-BR\" dir=\"ltr\">\n<div class=\"screen-reader-response\"><p role=\"status\" aria-live=\"polite\" aria-atomic=\"true\"><\/p> <ul><\/ul><\/div>\n<form action=\"\/site\/wp-json\/wp\/v2\/pages\/24#wpcf7-f36-o1\" method=\"post\" class=\"wpcf7-form init\" aria-label=\"Formul\u00e1rios de contato\" novalidate=\"novalidate\" data-status=\"init\">\n<div style=\"display: none;\">\n<input type=\"hidden\" name=\"_wpcf7\" value=\"36\" \/>\n<input type=\"hidden\" name=\"_wpcf7_version\" value=\"5.9.5\" \/>\n<input type=\"hidden\" name=\"_wpcf7_locale\" value=\"pt_BR\" \/>\n<input type=\"hidden\" name=\"_wpcf7_unit_tag\" value=\"wpcf7-f36-o1\" \/>\n<input type=\"hidden\" name=\"_wpcf7_container_post\" value=\"0\" \/>\n<input type=\"hidden\" name=\"_wpcf7_posted_data_hash\" value=\"\" \/>\n<\/div>\n<p>Seu nome (obrigat\u00f3rio)\n<\/p>\n<p><span class=\"wpcf7-form-control-wrap\" data-name=\"your-name\"><input size=\"40\" class=\"wpcf7-form-control wpcf7-text wpcf7-validates-as-required\" aria-required=\"true\" aria-invalid=\"false\" value=\"\" type=\"text\" name=\"your-name\" \/><\/span>\n<\/p>\n<p>Seu e-mail (obrigat\u00f3rio)\n<\/p>\n<p><span class=\"wpcf7-form-control-wrap\" data-name=\"your-email\"><input size=\"40\" class=\"wpcf7-form-control wpcf7-email wpcf7-validates-as-required wpcf7-text wpcf7-validates-as-email\" aria-required=\"true\" aria-invalid=\"false\" value=\"\" type=\"email\" name=\"your-email\" \/><\/span>\n<\/p>\n<p>Assunto\n<\/p>\n<p><span class=\"wpcf7-form-control-wrap\" data-name=\"your-subject\"><input size=\"40\" class=\"wpcf7-form-control wpcf7-text\" aria-invalid=\"false\" value=\"\" type=\"text\" name=\"your-subject\" \/><\/span>\n<\/p>\n<p>Sua mensagem\n<\/p>\n<p><span class=\"wpcf7-form-control-wrap\" data-name=\"your-message\"><textarea cols=\"40\" rows=\"10\" class=\"wpcf7-form-control wpcf7-textarea\" aria-invalid=\"false\" name=\"your-message\"><\/textarea><\/span>\n<\/p>\n<p><input class=\"wpcf7-form-control wpcf7-submit has-spinner\" type=\"submit\" value=\"Enviar\" \/>\n<\/p><div class=\"wpcf7-response-output\" aria-hidden=\"true\"><\/div>\n<\/form>\n<\/div>\n\n<p><a href=\"https:\/\/www.clinicadacolunago.com.br\/site\/pescoco-cabeca-coluna-cervical-tratamento-goiania\/\">Com dor no pesco\u00e7o<\/a>? Acesse.<\/p>\n","protected":false},"excerpt":{"rendered":"<p>Entre em contato preenchendo o formul\u00e1rio abaixo: Com dor no pesco\u00e7o? Acesse.<\/p>\n","protected":false},"author":1,"featured_media":0,"parent":0,"menu_order":0,"comment_status":"closed","ping_status":"closed","template":"g1_template_page_sidebar_right.php","meta":{"footnotes":""},"class_list":["post-24","page","type-page","status-publish"],"yoast_head":"<!-- This site is optimized with the Yoast SEO plugin v22.7 - https:\/\/yoast.com\/wordpress\/plugins\/seo\/ -->\n<title>Cl\u00ednica da Coluna de Goi\u00e2nia | Telefones e contato.<\/title>\n<meta name=\"description\" content=\"Tratamento para coluna em Goi\u00e2nia. Entre em contato nos telefones (62) 4102-1652 ou (62) 99477-4224 (Whatsapp). A melhor cl\u00ednica de Goi\u00e2nia.\" \/>\n<meta name=\"robots\" content=\"index, follow, max-snippet:-1, max-image-preview:large, max-video-preview:-1\" \/>\n<link rel=\"canonical\" href=\"https:\/\/www.clinicadacolunago.com.br\/site\/contato\/\" \/>\n<meta property=\"og:locale\" content=\"pt_BR\" \/>\n<meta property=\"og:type\" content=\"article\" \/>\n<meta property=\"og:title\" content=\"Cl\u00ednica da Coluna de Goi\u00e2nia | Telefones e contato.\" \/>\n<meta property=\"og:description\" content=\"Tratamento para coluna em Goi\u00e2nia. Entre em contato nos telefones (62) 4102-1652 ou (62) 99477-4224 (Whatsapp). A melhor cl\u00ednica de Goi\u00e2nia.\" \/>\n<meta property=\"og:url\" content=\"https:\/\/www.clinicadacolunago.com.br\/site\/contato\/\" \/>\n<meta property=\"og:site_name\" content=\"Cl\u00ednica da Coluna de Goi\u00e2nia\" \/>\n<meta property=\"article:modified_time\" content=\"2026-01-08T15:13:10+00:00\" \/>\n<meta property=\"og:image\" content=\"http:\/\/www.clinicadacolunago.com.br\/site\/wp-content\/uploads\/2015\/07\/iicontato.jpg\" \/>\n<meta name=\"twitter:card\" content=\"summary_large_image\" \/>\n<meta name=\"twitter:label1\" content=\"Est. tempo de leitura\" \/>\n\t<meta name=\"twitter:data1\" content=\"1 minuto\" \/>\n<script type=\"application\/ld+json\" class=\"yoast-schema-graph\">{\"@context\":\"https:\/\/schema.org\",\"@graph\":[{\"@type\":\"WebPage\",\"@id\":\"https:\/\/www.clinicadacolunago.com.br\/site\/contato\/\",\"url\":\"https:\/\/www.clinicadacolunago.com.br\/site\/contato\/\",\"name\":\"Cl\u00ednica da Coluna de Goi\u00e2nia | Telefones e contato.\",\"isPartOf\":{\"@id\":\"https:\/\/www.clinicadacolunago.com.br\/site\/#website\"},\"primaryImageOfPage\":{\"@id\":\"https:\/\/www.clinicadacolunago.com.br\/site\/contato\/#primaryimage\"},\"image\":{\"@id\":\"https:\/\/www.clinicadacolunago.com.br\/site\/contato\/#primaryimage\"},\"thumbnailUrl\":\"http:\/\/www.clinicadacolunago.com.br\/site\/wp-content\/uploads\/2015\/07\/iicontato.jpg\",\"datePublished\":\"2015-07-10T11:17:44+00:00\",\"dateModified\":\"2026-01-08T15:13:10+00:00\",\"description\":\"Tratamento para coluna em Goi\u00e2nia. Entre em contato nos telefones (62) 4102-1652 ou (62) 99477-4224 (Whatsapp). A melhor cl\u00ednica de Goi\u00e2nia.\",\"breadcrumb\":{\"@id\":\"https:\/\/www.clinicadacolunago.com.br\/site\/contato\/#breadcrumb\"},\"inLanguage\":\"pt-BR\",\"potentialAction\":[{\"@type\":\"ReadAction\",\"target\":[\"https:\/\/www.clinicadacolunago.com.br\/site\/contato\/\"]}]},{\"@type\":\"ImageObject\",\"inLanguage\":\"pt-BR\",\"@id\":\"https:\/\/www.clinicadacolunago.com.br\/site\/contato\/#primaryimage\",\"url\":\"http:\/\/www.clinicadacolunago.com.br\/site\/wp-content\/uploads\/2015\/07\/iicontato.jpg\",\"contentUrl\":\"http:\/\/www.clinicadacolunago.com.br\/site\/wp-content\/uploads\/2015\/07\/iicontato.jpg\"},{\"@type\":\"BreadcrumbList\",\"@id\":\"https:\/\/www.clinicadacolunago.com.br\/site\/contato\/#breadcrumb\",\"itemListElement\":[{\"@type\":\"ListItem\",\"position\":1,\"name\":\"In\u00edcio\",\"item\":\"https:\/\/www.clinicadacolunago.com.br\/site\/\"},{\"@type\":\"ListItem\",\"position\":2,\"name\":\"Contato\"}]},{\"@type\":\"WebSite\",\"@id\":\"https:\/\/www.clinicadacolunago.com.br\/site\/#website\",\"url\":\"https:\/\/www.clinicadacolunago.com.br\/site\/\",\"name\":\"Cl\u00ednica da Coluna de Goi\u00e2nia\",\"description\":\"Tratamento para coluna e h\u00e9rnia de disco em Goi\u00e2nia\",\"potentialAction\":[{\"@type\":\"SearchAction\",\"target\":{\"@type\":\"EntryPoint\",\"urlTemplate\":\"https:\/\/www.clinicadacolunago.com.br\/site\/?s={search_term_string}\"},\"query-input\":\"required name=search_term_string\"}],\"inLanguage\":\"pt-BR\"}]}<\/script>\n<!-- \/ Yoast SEO plugin. -->","yoast_head_json":{"title":"Cl\u00ednica da Coluna de Goi\u00e2nia | Telefones e contato.","description":"Tratamento para coluna em Goi\u00e2nia. Entre em contato nos telefones (62) 4102-1652 ou (62) 99477-4224 (Whatsapp). A melhor cl\u00ednica de Goi\u00e2nia.","robots":{"index":"index","follow":"follow","max-snippet":"max-snippet:-1","max-image-preview":"max-image-preview:large","max-video-preview":"max-video-preview:-1"},"canonical":"https:\/\/www.clinicadacolunago.com.br\/site\/contato\/","og_locale":"pt_BR","og_type":"article","og_title":"Cl\u00ednica da Coluna de Goi\u00e2nia | Telefones e contato.","og_description":"Tratamento para coluna em Goi\u00e2nia. Entre em contato nos telefones (62) 4102-1652 ou (62) 99477-4224 (Whatsapp). A melhor cl\u00ednica de Goi\u00e2nia.","og_url":"https:\/\/www.clinicadacolunago.com.br\/site\/contato\/","og_site_name":"Cl\u00ednica da Coluna de Goi\u00e2nia","article_modified_time":"2026-01-08T15:13:10+00:00","og_image":[{"url":"http:\/\/www.clinicadacolunago.com.br\/site\/wp-content\/uploads\/2015\/07\/iicontato.jpg"}],"twitter_card":"summary_large_image","twitter_misc":{"Est. tempo de leitura":"1 minuto"},"schema":{"@context":"https:\/\/schema.org","@graph":[{"@type":"WebPage","@id":"https:\/\/www.clinicadacolunago.com.br\/site\/contato\/","url":"https:\/\/www.clinicadacolunago.com.br\/site\/contato\/","name":"Cl\u00ednica da Coluna de Goi\u00e2nia | Telefones e contato.","isPartOf":{"@id":"https:\/\/www.clinicadacolunago.com.br\/site\/#website"},"primaryImageOfPage":{"@id":"https:\/\/www.clinicadacolunago.com.br\/site\/contato\/#primaryimage"},"image":{"@id":"https:\/\/www.clinicadacolunago.com.br\/site\/contato\/#primaryimage"},"thumbnailUrl":"http:\/\/www.clinicadacolunago.com.br\/site\/wp-content\/uploads\/2015\/07\/iicontato.jpg","datePublished":"2015-07-10T11:17:44+00:00","dateModified":"2026-01-08T15:13:10+00:00","description":"Tratamento para coluna em Goi\u00e2nia. Entre em contato nos telefones (62) 4102-1652 ou (62) 99477-4224 (Whatsapp). A melhor cl\u00ednica de Goi\u00e2nia.","breadcrumb":{"@id":"https:\/\/www.clinicadacolunago.com.br\/site\/contato\/#breadcrumb"},"inLanguage":"pt-BR","potentialAction":[{"@type":"ReadAction","target":["https:\/\/www.clinicadacolunago.com.br\/site\/contato\/"]}]},{"@type":"ImageObject","inLanguage":"pt-BR","@id":"https:\/\/www.clinicadacolunago.com.br\/site\/contato\/#primaryimage","url":"http:\/\/www.clinicadacolunago.com.br\/site\/wp-content\/uploads\/2015\/07\/iicontato.jpg","contentUrl":"http:\/\/www.clinicadacolunago.com.br\/site\/wp-content\/uploads\/2015\/07\/iicontato.jpg"},{"@type":"BreadcrumbList","@id":"https:\/\/www.clinicadacolunago.com.br\/site\/contato\/#breadcrumb","itemListElement":[{"@type":"ListItem","position":1,"name":"In\u00edcio","item":"https:\/\/www.clinicadacolunago.com.br\/site\/"},{"@type":"ListItem","position":2,"name":"Contato"}]},{"@type":"WebSite","@id":"https:\/\/www.clinicadacolunago.com.br\/site\/#website","url":"https:\/\/www.clinicadacolunago.com.br\/site\/","name":"Cl\u00ednica da Coluna de Goi\u00e2nia","description":"Tratamento para coluna e h\u00e9rnia de disco em Goi\u00e2nia","potentialAction":[{"@type":"SearchAction","target":{"@type":"EntryPoint","urlTemplate":"https:\/\/www.clinicadacolunago.com.br\/site\/?s={search_term_string}"},"query-input":"required name=search_term_string"}],"inLanguage":"pt-BR"}]}},"_links":{"self":[{"href":"https:\/\/www.clinicadacolunago.com.br\/site\/wp-json\/wp\/v2\/pages\/24","targetHints":{"allow":["GET"]}}],"collection":[{"href":"https:\/\/www.clinicadacolunago.com.br\/site\/wp-json\/wp\/v2\/pages"}],"about":[{"href":"https:\/\/www.clinicadacolunago.com.br\/site\/wp-json\/wp\/v2\/types\/page"}],"author":[{"embeddable":true,"href":"https:\/\/www.clinicadacolunago.com.br\/site\/wp-json\/wp\/v2\/users\/1"}],"replies":[{"embeddable":true,"href":"https:\/\/www.clinicadacolunago.com.br\/site\/wp-json\/wp\/v2\/comments?post=24"}],"version-history":[{"count":13,"href":"https:\/\/www.clinicadacolunago.com.br\/site\/wp-json\/wp\/v2\/pages\/24\/revisions"}],"predecessor-version":[{"id":1417,"href":"https:\/\/www.clinicadacolunago.com.br\/site\/wp-json\/wp\/v2\/pages\/24\/revisions\/1417"}],"wp:attachment":[{"href":"https:\/\/www.clinicadacolunago.com.br\/site\/wp-json\/wp\/v2\/media?parent=24"}],"curies":[{"name":"wp","href":"https:\/\/api.w.org\/{rel}","templated":true}]}}