{"id":527,"date":"2017-06-30T12:00:11","date_gmt":"2017-06-30T12:00:11","guid":{"rendered":"http:\/\/www.clinicadacolunago.com.br\/site\/?page_id=527"},"modified":"2026-02-20T18:05:07","modified_gmt":"2026-02-20T18:05:07","slug":"pescoco-cabeca-coluna-cervical-tratamento-goiania","status":"publish","type":"page","link":"https:\/\/www.clinicadacolunago.com.br\/site\/pescoco-cabeca-coluna-cervical-tratamento-goiania\/","title":{"rendered":"Dor no Pesco\u00e7o e Cabe\u00e7a"},"content":{"rendered":"<p><img loading=\"lazy\" decoding=\"async\" class=\"alignnone wp-image-596\" src=\"http:\/\/www.clinicadacolunago.com.br\/site\/wp-content\/uploads\/2017\/06\/pescoco-cervical-tratamento.jpg\" alt=\"pescoco-cervical-tratamento\" width=\"662\" height=\"165\" srcset=\"https:\/\/www.clinicadacolunago.com.br\/site\/wp-content\/uploads\/2017\/06\/pescoco-cervical-tratamento.jpg 939w, https:\/\/www.clinicadacolunago.com.br\/site\/wp-content\/uploads\/2017\/06\/pescoco-cervical-tratamento-300x75.jpg 300w, https:\/\/www.clinicadacolunago.com.br\/site\/wp-content\/uploads\/2017\/06\/pescoco-cervical-tratamento-636x158.jpg 636w, https:\/\/www.clinicadacolunago.com.br\/site\/wp-content\/uploads\/2017\/06\/pescoco-cervical-tratamento-320x80.jpg 320w, https:\/\/www.clinicadacolunago.com.br\/site\/wp-content\/uploads\/2017\/06\/pescoco-cervical-tratamento-239x60.jpg 239w\" sizes=\"auto, (max-width: 662px) 100vw, 662px\" \/><\/p>\n<p style=\"text-align: justify;\">Tratamento para dor no pesco\u00e7o, coluna cervical, torcicolo, dor de cabe\u00e7a, cefaleia ou enxaqueca em Goi\u00e2nia. A dor no pesco\u00e7o ou coluna cervical pode ser sentida no local ou espalhada pelos ombros, bra\u00e7os, costas (regi\u00e3o das esc\u00e1pulas) e em alguns casos para a cabe\u00e7a. O tratamento visa centralizar os sintomas espalhados e eliminar a dor, melhorando tamb\u00e9m os movimentos restritos ou rigidez no pesco\u00e7o, torcicolos. <strong>Esta avalia\u00e7\u00e3o e tratamento s\u00e3o feitos de uma forma \u00fanica e exclusiva com o M\u00e9todo Mckenzie que utiliza perguntas espec\u00edficas e testes de movimentos repetidos, este exame cl\u00ednico \u00e9 superior a exames de imagem para detectar e tratar o problema.<\/strong><\/p>\n<h3 style=\"text-align: justify;\"><strong>DORES DE CABE\u00c7A<\/strong><\/h3>\n<p style=\"text-align: justify;\">Cada pessoa apresenta a dor de cabe\u00e7a de uma forma diferente, puls\u00e1til, intermitente, constante e em lugares diferentes, na nuca, em cima da cabe\u00e7a, em um dos lados da cabe\u00e7a, nos dois lados, na frente da cabe\u00e7a e at\u00e9 mesmo dores no fundo dos olhos ou outros locais da face com ou sem dorm\u00eancia.<\/p>\n<h3 style=\"text-align: justify;\"><strong>ORIGEM DA DOR<\/strong><\/h3>\n<p style=\"text-align: justify;\">V\u00e1rios estudos revelam que cerca de 70% das dores de cabe\u00e7a, s\u00e3o de origem na coluna cervical (pesco\u00e7o). Os pacientes se apresentam na cl\u00ednica com hist\u00f3ria atual ou passada de dor no pesco\u00e7o.<\/p>\n<h4 style=\"text-align: justify;\"><strong>N\u00c3O SE PREOCUPE, A MAIORIA DOS CASOS TEM SOLU\u00c7\u00c3O<\/strong><\/h4>\n<p style=\"text-align: justify;\">Se voc\u00ea se enquadra em um dos sinais e sintomas descritos acima e na avalia\u00e7\u00e3o for encontrado uma dire\u00e7\u00e3o de prefer\u00eancia na sua coluna vertebral cervical, pesco\u00e7o, com teste de movimentos repetidos, que diminui ou elimina a sua dor na coluna cervical ou dor de cabe\u00e7a voc\u00ea tem um excelente progn\u00f3stico para acabar com o seu problema e ir\u00e1 se beneficiar muito com o tratamento. <strong>A coluna cervical tem se demonstrado de acordo com v\u00e1rios casos de pacientes e em estudos, ser muito relevante na origem dos sintomas de dores nos ombros, cotovelos, punhos, m\u00e3os e nas dores de cabe\u00e7a. O quanto mais cedo voc\u00ea procurar o tratamento para a coluna cervical conosco, maiores s\u00e3o as chances da sua dor ser eliminada.<\/strong><\/p>\n<h2 style=\"text-align: center;\">\u00a0Reportagem sobre o uso de smartfone e<br \/>\ndores no pesco\u00e7o, Coluna Cervical.<\/h2>\n<p style=\"text-align: center;\"><iframe loading=\"lazy\" src=\"https:\/\/www.youtube.com\/embed\/rsWLbP-RsTI\" width=\"560\" height=\"315\" frameborder=\"0\" allowfullscreen=\"allowfullscreen\"><\/iframe><\/p>\n<p style=\"text-align: left;\"><strong><em>Dor na coluna cervical, dor no pesco\u00e7o, tratamento para torcicolo, cervicalgia, dor de cabe\u00e7a, tratamento da dor no pesco\u00e7o, tratamento da coluna cervical em Goi\u00e2nia, especialista em coluna cervical Goi\u00e2nia, fisioterapia para tratamento da dor na coluna cervical e dores de cabe\u00e7a, h\u00e9rnia de disco na coluna cervical, artrose na coluna cervical, fisioterapeuta Goi\u00e2nia, fisioterapia Goi\u00e2nia.<\/em><\/strong><\/p>\n<p>Veja aqui sobre o <a href=\"https:\/\/www.clinicadacolunago.com.br\/site\/tratamento-para-coluna-goiania\/\">tratamento para a coluna<\/a>.<\/p>\n","protected":false},"excerpt":{"rendered":"<p>Tratamento para dor no pesco\u00e7o, coluna cervical, torcicolo, dor de cabe\u00e7a, cefaleia ou enxaqueca em Goi\u00e2nia. A dor no pesco\u00e7o ou coluna cervical pode ser sentida no local ou espalhada pelos ombros, bra\u00e7os, costas (regi\u00e3o das esc\u00e1pulas) e em alguns casos para a cabe\u00e7a. O tratamento visa centralizar os sintomas espalhados e eliminar a dor, [&hellip;]<\/p>\n","protected":false},"author":1,"featured_media":0,"parent":0,"menu_order":0,"comment_status":"closed","ping_status":"closed","template":"g1_template_page_sidebar_right.php","meta":{"footnotes":""},"class_list":["post-527","page","type-page","status-publish"],"yoast_head":"<!-- This site is optimized with the Yoast SEO plugin v22.7 - https:\/\/yoast.com\/wordpress\/plugins\/seo\/ -->\n<title>Dor no Pesco\u00e7o e Cabe\u00e7a, Tratamento em Goi\u00e2nia<\/title>\n<meta name=\"description\" content=\"Tratamento para dor no pesco\u00e7o, torcicolo, dores de cabe\u00e7a, coluna cervical, h\u00e9rnia de disco, dor nas costas, ombros, bra\u00e7os.\" \/>\n<meta name=\"robots\" content=\"index, follow, max-snippet:-1, max-image-preview:large, max-video-preview:-1\" \/>\n<link rel=\"canonical\" href=\"https:\/\/www.clinicadacolunago.com.br\/site\/pescoco-cabeca-coluna-cervical-tratamento-goiania\/\" \/>\n<meta property=\"og:locale\" content=\"pt_BR\" \/>\n<meta property=\"og:type\" content=\"article\" \/>\n<meta property=\"og:title\" content=\"Dor no Pesco\u00e7o e Cabe\u00e7a, Tratamento em Goi\u00e2nia\" \/>\n<meta property=\"og:description\" content=\"Tratamento para dor no pesco\u00e7o, torcicolo, dores de cabe\u00e7a, coluna cervical, h\u00e9rnia de disco, dor nas costas, ombros, bra\u00e7os.\" \/>\n<meta property=\"og:url\" content=\"https:\/\/www.clinicadacolunago.com.br\/site\/pescoco-cabeca-coluna-cervical-tratamento-goiania\/\" \/>\n<meta property=\"og:site_name\" content=\"Cl\u00ednica da Coluna de Goi\u00e2nia\" \/>\n<meta property=\"article:modified_time\" content=\"2026-02-20T18:05:07+00:00\" \/>\n<meta property=\"og:image\" content=\"http:\/\/www.clinicadacolunago.com.br\/site\/wp-content\/uploads\/2017\/06\/pescoco-cervical-tratamento.jpg\" \/>\n<meta name=\"twitter:card\" content=\"summary_large_image\" \/>\n<meta name=\"twitter:label1\" content=\"Est. tempo de leitura\" \/>\n\t<meta name=\"twitter:data1\" content=\"3 minutos\" \/>\n<script type=\"application\/ld+json\" class=\"yoast-schema-graph\">{\"@context\":\"https:\/\/schema.org\",\"@graph\":[{\"@type\":\"WebPage\",\"@id\":\"https:\/\/www.clinicadacolunago.com.br\/site\/pescoco-cabeca-coluna-cervical-tratamento-goiania\/\",\"url\":\"https:\/\/www.clinicadacolunago.com.br\/site\/pescoco-cabeca-coluna-cervical-tratamento-goiania\/\",\"name\":\"Dor no Pesco\u00e7o e Cabe\u00e7a, Tratamento em Goi\u00e2nia\",\"isPartOf\":{\"@id\":\"https:\/\/www.clinicadacolunago.com.br\/site\/#website\"},\"primaryImageOfPage\":{\"@id\":\"https:\/\/www.clinicadacolunago.com.br\/site\/pescoco-cabeca-coluna-cervical-tratamento-goiania\/#primaryimage\"},\"image\":{\"@id\":\"https:\/\/www.clinicadacolunago.com.br\/site\/pescoco-cabeca-coluna-cervical-tratamento-goiania\/#primaryimage\"},\"thumbnailUrl\":\"http:\/\/www.clinicadacolunago.com.br\/site\/wp-content\/uploads\/2017\/06\/pescoco-cervical-tratamento.jpg\",\"datePublished\":\"2017-06-30T12:00:11+00:00\",\"dateModified\":\"2026-02-20T18:05:07+00:00\",\"description\":\"Tratamento para dor no pesco\u00e7o, torcicolo, dores de cabe\u00e7a, coluna cervical, h\u00e9rnia de disco, dor nas costas, ombros, bra\u00e7os.\",\"breadcrumb\":{\"@id\":\"https:\/\/www.clinicadacolunago.com.br\/site\/pescoco-cabeca-coluna-cervical-tratamento-goiania\/#breadcrumb\"},\"inLanguage\":\"pt-BR\",\"potentialAction\":[{\"@type\":\"ReadAction\",\"target\":[\"https:\/\/www.clinicadacolunago.com.br\/site\/pescoco-cabeca-coluna-cervical-tratamento-goiania\/\"]}]},{\"@type\":\"ImageObject\",\"inLanguage\":\"pt-BR\",\"@id\":\"https:\/\/www.clinicadacolunago.com.br\/site\/pescoco-cabeca-coluna-cervical-tratamento-goiania\/#primaryimage\",\"url\":\"http:\/\/www.clinicadacolunago.com.br\/site\/wp-content\/uploads\/2017\/06\/pescoco-cervical-tratamento.jpg\",\"contentUrl\":\"http:\/\/www.clinicadacolunago.com.br\/site\/wp-content\/uploads\/2017\/06\/pescoco-cervical-tratamento.jpg\"},{\"@type\":\"BreadcrumbList\",\"@id\":\"https:\/\/www.clinicadacolunago.com.br\/site\/pescoco-cabeca-coluna-cervical-tratamento-goiania\/#breadcrumb\",\"itemListElement\":[{\"@type\":\"ListItem\",\"position\":1,\"name\":\"In\u00edcio\",\"item\":\"https:\/\/www.clinicadacolunago.com.br\/site\/\"},{\"@type\":\"ListItem\",\"position\":2,\"name\":\"Dor no Pesco\u00e7o e Cabe\u00e7a\"}]},{\"@type\":\"WebSite\",\"@id\":\"https:\/\/www.clinicadacolunago.com.br\/site\/#website\",\"url\":\"https:\/\/www.clinicadacolunago.com.br\/site\/\",\"name\":\"Cl\u00ednica da Coluna de Goi\u00e2nia\",\"description\":\"Tratamento para coluna e h\u00e9rnia de disco em Goi\u00e2nia\",\"potentialAction\":[{\"@type\":\"SearchAction\",\"target\":{\"@type\":\"EntryPoint\",\"urlTemplate\":\"https:\/\/www.clinicadacolunago.com.br\/site\/?s={search_term_string}\"},\"query-input\":\"required name=search_term_string\"}],\"inLanguage\":\"pt-BR\"}]}<\/script>\n<!-- \/ Yoast SEO plugin. -->","yoast_head_json":{"title":"Dor no Pesco\u00e7o e Cabe\u00e7a, Tratamento em Goi\u00e2nia","description":"Tratamento para dor no pesco\u00e7o, torcicolo, dores de cabe\u00e7a, coluna cervical, h\u00e9rnia de disco, dor nas costas, ombros, bra\u00e7os.","robots":{"index":"index","follow":"follow","max-snippet":"max-snippet:-1","max-image-preview":"max-image-preview:large","max-video-preview":"max-video-preview:-1"},"canonical":"https:\/\/www.clinicadacolunago.com.br\/site\/pescoco-cabeca-coluna-cervical-tratamento-goiania\/","og_locale":"pt_BR","og_type":"article","og_title":"Dor no Pesco\u00e7o e Cabe\u00e7a, Tratamento em Goi\u00e2nia","og_description":"Tratamento para dor no pesco\u00e7o, torcicolo, dores de cabe\u00e7a, coluna cervical, h\u00e9rnia de disco, dor nas costas, ombros, bra\u00e7os.","og_url":"https:\/\/www.clinicadacolunago.com.br\/site\/pescoco-cabeca-coluna-cervical-tratamento-goiania\/","og_site_name":"Cl\u00ednica da Coluna de Goi\u00e2nia","article_modified_time":"2026-02-20T18:05:07+00:00","og_image":[{"url":"http:\/\/www.clinicadacolunago.com.br\/site\/wp-content\/uploads\/2017\/06\/pescoco-cervical-tratamento.jpg"}],"twitter_card":"summary_large_image","twitter_misc":{"Est. tempo de leitura":"3 minutos"},"schema":{"@context":"https:\/\/schema.org","@graph":[{"@type":"WebPage","@id":"https:\/\/www.clinicadacolunago.com.br\/site\/pescoco-cabeca-coluna-cervical-tratamento-goiania\/","url":"https:\/\/www.clinicadacolunago.com.br\/site\/pescoco-cabeca-coluna-cervical-tratamento-goiania\/","name":"Dor no Pesco\u00e7o e Cabe\u00e7a, Tratamento em Goi\u00e2nia","isPartOf":{"@id":"https:\/\/www.clinicadacolunago.com.br\/site\/#website"},"primaryImageOfPage":{"@id":"https:\/\/www.clinicadacolunago.com.br\/site\/pescoco-cabeca-coluna-cervical-tratamento-goiania\/#primaryimage"},"image":{"@id":"https:\/\/www.clinicadacolunago.com.br\/site\/pescoco-cabeca-coluna-cervical-tratamento-goiania\/#primaryimage"},"thumbnailUrl":"http:\/\/www.clinicadacolunago.com.br\/site\/wp-content\/uploads\/2017\/06\/pescoco-cervical-tratamento.jpg","datePublished":"2017-06-30T12:00:11+00:00","dateModified":"2026-02-20T18:05:07+00:00","description":"Tratamento para dor no pesco\u00e7o, torcicolo, dores de cabe\u00e7a, coluna cervical, h\u00e9rnia de disco, dor nas costas, ombros, bra\u00e7os.","breadcrumb":{"@id":"https:\/\/www.clinicadacolunago.com.br\/site\/pescoco-cabeca-coluna-cervical-tratamento-goiania\/#breadcrumb"},"inLanguage":"pt-BR","potentialAction":[{"@type":"ReadAction","target":["https:\/\/www.clinicadacolunago.com.br\/site\/pescoco-cabeca-coluna-cervical-tratamento-goiania\/"]}]},{"@type":"ImageObject","inLanguage":"pt-BR","@id":"https:\/\/www.clinicadacolunago.com.br\/site\/pescoco-cabeca-coluna-cervical-tratamento-goiania\/#primaryimage","url":"http:\/\/www.clinicadacolunago.com.br\/site\/wp-content\/uploads\/2017\/06\/pescoco-cervical-tratamento.jpg","contentUrl":"http:\/\/www.clinicadacolunago.com.br\/site\/wp-content\/uploads\/2017\/06\/pescoco-cervical-tratamento.jpg"},{"@type":"BreadcrumbList","@id":"https:\/\/www.clinicadacolunago.com.br\/site\/pescoco-cabeca-coluna-cervical-tratamento-goiania\/#breadcrumb","itemListElement":[{"@type":"ListItem","position":1,"name":"In\u00edcio","item":"https:\/\/www.clinicadacolunago.com.br\/site\/"},{"@type":"ListItem","position":2,"name":"Dor no Pesco\u00e7o e Cabe\u00e7a"}]},{"@type":"WebSite","@id":"https:\/\/www.clinicadacolunago.com.br\/site\/#website","url":"https:\/\/www.clinicadacolunago.com.br\/site\/","name":"Cl\u00ednica da Coluna de Goi\u00e2nia","description":"Tratamento para coluna e h\u00e9rnia de disco em Goi\u00e2nia","potentialAction":[{"@type":"SearchAction","target":{"@type":"EntryPoint","urlTemplate":"https:\/\/www.clinicadacolunago.com.br\/site\/?s={search_term_string}"},"query-input":"required name=search_term_string"}],"inLanguage":"pt-BR"}]}},"_links":{"self":[{"href":"https:\/\/www.clinicadacolunago.com.br\/site\/wp-json\/wp\/v2\/pages\/527","targetHints":{"allow":["GET"]}}],"collection":[{"href":"https:\/\/www.clinicadacolunago.com.br\/site\/wp-json\/wp\/v2\/pages"}],"about":[{"href":"https:\/\/www.clinicadacolunago.com.br\/site\/wp-json\/wp\/v2\/types\/page"}],"author":[{"embeddable":true,"href":"https:\/\/www.clinicadacolunago.com.br\/site\/wp-json\/wp\/v2\/users\/1"}],"replies":[{"embeddable":true,"href":"https:\/\/www.clinicadacolunago.com.br\/site\/wp-json\/wp\/v2\/comments?post=527"}],"version-history":[{"count":24,"href":"https:\/\/www.clinicadacolunago.com.br\/site\/wp-json\/wp\/v2\/pages\/527\/revisions"}],"predecessor-version":[{"id":1379,"href":"https:\/\/www.clinicadacolunago.com.br\/site\/wp-json\/wp\/v2\/pages\/527\/revisions\/1379"}],"wp:attachment":[{"href":"https:\/\/www.clinicadacolunago.com.br\/site\/wp-json\/wp\/v2\/media?parent=527"}],"curies":[{"name":"wp","href":"https:\/\/api.w.org\/{rel}","templated":true}]}}