{"id":529,"date":"2017-06-30T12:00:40","date_gmt":"2017-06-30T12:00:40","guid":{"rendered":"http:\/\/www.clinicadacolunago.com.br\/site\/?page_id=529"},"modified":"2026-01-08T15:42:52","modified_gmt":"2026-01-08T15:42:52","slug":"ombro-joelho-quadril-cotovelo-tornozelo-punho-fisioterapia-tratamento-goiania","status":"publish","type":"page","link":"https:\/\/www.clinicadacolunago.com.br\/site\/ombro-joelho-quadril-cotovelo-tornozelo-punho-fisioterapia-tratamento-goiania\/","title":{"rendered":"Fisioterapia para Ombro, Joelho, Quadril, Cotovelo, Tornozelo e Punho"},"content":{"rendered":"<p><img loading=\"lazy\" decoding=\"async\" class=\"aligncenter wp-image-602\" src=\"http:\/\/www.clinicadacolunago.com.br\/site\/wp-content\/uploads\/2017\/06\/fisioterapia-goiania.jpg\" alt=\"fisioterapia-goiania\" width=\"600\" height=\"199\" srcset=\"https:\/\/www.clinicadacolunago.com.br\/site\/wp-content\/uploads\/2017\/06\/fisioterapia-goiania.jpg 848w, https:\/\/www.clinicadacolunago.com.br\/site\/wp-content\/uploads\/2017\/06\/fisioterapia-goiania-300x99.jpg 300w, https:\/\/www.clinicadacolunago.com.br\/site\/wp-content\/uploads\/2017\/06\/fisioterapia-goiania-636x211.jpg 636w, https:\/\/www.clinicadacolunago.com.br\/site\/wp-content\/uploads\/2017\/06\/fisioterapia-goiania-320x106.jpg 320w, https:\/\/www.clinicadacolunago.com.br\/site\/wp-content\/uploads\/2017\/06\/fisioterapia-goiania-239x79.jpg 239w\" sizes=\"auto, (max-width: 600px) 100vw, 600px\" \/><\/p>\n<p style=\"text-align: justify;\">Fisioterapia Ortop\u00e9dica em Goi\u00e2nia para tratamento da <strong>coluna vertebral e extremidades articulares: tratamento do ombro, cotovelo, punho, m\u00e3o, quadril, joelho, tornozelo e p\u00e9.<\/strong> Em mais de 90% dos casos de dor, fraqueza ou perda de movimento nestas articula\u00e7\u00f5es o problema \u00e9 de origem mec\u00e2nica e com um programa de exerc\u00edcios orientado pelo Fisioterapeuta, espec\u00edfico para o seu caso, voc\u00ea ter\u00e1 \u00f3timas condi\u00e7\u00f5es de resolver seu problema rapidamente. Temos excelentes resultados com o <strong><a href=\"https:\/\/www.clinicadacolunago.com.br\/site\/metodo-mckenzie-tratamento-goiania\/\">M\u00e9todo Mckenzie<\/a> de Diagn\u00f3stico e Terapia Mec\u00e2nica.\u00a0\u00a0<strong>Esta avalia\u00e7\u00e3o e tratamento s\u00e3o feitos de uma forma \u00fanica e exclusiva com o M\u00e9todo Mckenzie que utiliza perguntas espec\u00edficas e testes de movimentos repetidos, este exame cl\u00ednico \u00e9 superior a exames de imagem para detectar e tratar o problema.<\/strong><\/strong><\/p>\n<h3 style=\"text-align: justify;\"><strong>FASES DO TRATAMENTO<\/strong><\/h3>\n<p style=\"text-align: justify;\"><strong>Fase 1 &#8211; Les\u00e3o e Inflama\u00e7\u00e3o:<\/strong> Se ainda ouver sinais de inflama\u00e7\u00e3o (incha\u00e7o, vermelhid\u00e3o, calor e dor) teremos que proteger de mais les\u00e3o. Contra\u00e7\u00e3o muscular sem movimento articular e movimento articular passivo com ADM m\u00ednima ou m\u00e9dia.<\/p>\n<p style=\"text-align: justify;\"><strong>Fase 2 &#8211; Reparo e Cicatriza\u00e7\u00e3o:<\/strong> Exerc\u00edcios com pequena e m\u00e9dia amplitude para promover o reparo tecidual, respeitando a cicatriza\u00e7\u00e3o para curar a les\u00e3o.<\/p>\n<p style=\"text-align: justify;\"><strong>Fase 3 &#8211; Remodela\u00e7\u00e3o:<\/strong> Exerc\u00edcios com amplitude de movimento completa com carga e tens\u00e3o normais para aumentar a for\u00e7a e flexibilidade e prevenir contraturas.<\/p>\n<p style=\"text-align: justify;\">O custo de uma hora de uma sess\u00e3o de fisioterapia deve ser consultado clicando em &#8220;Agendamento&#8221; ou ligando nos nossos n\u00fameros de contato (presentes no final da p\u00e1gina se est\u00e1 pelo celular ou no in\u00edcio da p\u00e1gina do lado direito se est\u00e1 no computador), pois os valores s\u00e3o atualizados anualmente.<\/p>\n<h3 style=\"text-align: justify;\"><strong>OMBRO<\/strong><\/h3>\n<p style=\"text-align: justify;\">Dor no ombro \u00e9 a dor mais comum nos membros superiores na popula\u00e7\u00e3o em geral, em segundo lugar vem o cotovelo e em terceiro o punho e a m\u00e3o. Em geral atinge pessoas entre 30 a 50 anos de idade, as mulheres tem mais dor no ombro do que os homens e se o in\u00edcio da dor for mais recente com muita dor e incapacidade de movimentar, mais r\u00e1pido ser\u00e3o as melhoras. <strong>Existe ainda uma grande porcentagem de pacientes que tem dor no ombro irradiada para o bra\u00e7o ou para a esc\u00e1pula que a origem da dor \u00e9 da coluna cervical (pesco\u00e7o)<\/strong>, principalmente se essa dor tiver surgido sem justificativa direta no ombro como queda, acidente, pegar peso. \u00c9 muito comum tamb\u00e9m hoje em dia que os pacientes com dor no ombro recebam o diagn\u00f3stico de tendinite, bursite, ruptura parcial ou total de certos ligamentos ou artrose, mas esses <strong>achados no exame de imagem quase sempre n\u00e3o condizem com a realidade do paciente e nem ajudam a saber qual o melhor tratamento.<\/strong> A nossa avalia\u00e7\u00e3o Mec\u00e2nica com o M\u00e9todo Mckenzie com perguntas e testes de movimentos repetidos costuma ser bem mais avan\u00e7ada trazendo uma melhor explica\u00e7\u00e3o do problema e resultados r\u00e1pidos no tratamento.\u00a0 Tamb\u00e9m fazemos fisioterapia para pacientes que j\u00e1 fizeram cirurgia no ombro para reconstru\u00e7\u00e3o de tend\u00e3o, ligamentos, bursite, fratura e ainda est\u00e3o com dor ou limita\u00e7\u00e3o de algum movimento, o que \u00e9 comum ap\u00f3s a cirurgia. Nesse caso seria a fisioterapia para tratamento p\u00f3s-cir\u00fargico de ombro.<\/p>\n<h3 style=\"text-align: justify;\"><strong>JOELHO<\/strong><\/h3>\n<p style=\"text-align: justify;\">A tend\u00eancia de aumento da frequencia de dor no joelho acima dos 20 anos de idade \u00e9 igual entre mulheres e homens, isso independe do aparecimento ou n\u00e3o de osteoartrose no joelho, bursite, tendinite patelo-femoral, ruptura de ligamento cruzado anterior ou posterior, desgate no menisco ou outras altera\u00e7\u00f5es. Essas dores est\u00e3o mais associadas a atividades do dia-a-dia ou no esporte desde a adolesc\u00eancia at\u00e9 a vida adulta, fatores posturais como ficar sentado em que ficamos com a coluna e os joelhos flexionados por muitas horas por dia tamb\u00e9m justificam essas dores. <strong>A origem dessas dores em grande parte dos pacientes que n\u00e3o tiveram justificativa de trauma recente no joelho pode estar associado a coluna Lombar, principalmente se j\u00e1 teve hist\u00f3ria passada de dor na coluna.<\/strong> Estas les\u00f5es podem ser um desafio para o retorno aos n\u00edveis anteriores de atividade, mas na maioria dos casos de dor no joelho mesmo com atividade intensa no esporte a recupera\u00e7\u00e3o pode acontecer em boa parte dos pacientes.Tamb\u00e9m fazemos fisioterapia para pacientes que j\u00e1 fizeram cirurgia de joelho para fratura, menisco, ligamentos cruzado ou tend\u00e3o patelar e ainda est\u00e3o com dor ou perda de algum movimento, o que \u00e9 comum ap\u00f3s a cirurgia, ou seja, fisioterapia para tratamento p\u00f3s-cir\u00fargico de joelho.<\/p>\n<h3 style=\"text-align: justify;\"><strong>QUADRIL<\/strong><\/h3>\n<p style=\"text-align: justify;\">A dor na articula\u00e7\u00e3o do quadril \u00e9 menos incidente na popula\u00e7\u00e3o em geral do que dor no joelho, inclusive com o nosso diagn\u00f3stico difer\u00eancial da coluna onde <strong>mais de 90% das dores no quadril tem apresentado origem na coluna lombar<\/strong>, mesmo que o paciente tenha em m\u00e3o exames confirmando artrose, bursite ou tendinite de quadril, se for testado a coluna lombar e a dor diminuir ou desaparecer o tratamento segue na coluna lombar e as chances de melhora r\u00e1pida do problema s\u00e3o grandes. H\u00e1 v\u00e1rios estudos demonstrando uma grande quantidade de pessoas sem sintomas no quadril com diagn\u00f3stico cl\u00ednico de artrose, bursite ou tendinite, por que foi confirmado que esses achados cl\u00ednicos s\u00e3o nada mais que altera\u00e7\u00f5es normais do envelhecimento natural dessas estruturas, ent\u00e3o \u00e9 normal ser encontrado essas altera\u00e7\u00f5es. Tamb\u00e9m fazemos fisioterapia para pacientes que fizeram cirurgia de quadril como artroplastia, pr\u00f3tese, fratura, e ainda est\u00e3o com dor ou perda de algum movimento, o que \u00e9 comum ap\u00f3s a cirurgia, fisioterapia para tratamento p\u00f3s-cir\u00fargico de quadril.<\/p>\n<h4 style=\"text-align: justify;\"><strong>COTOVELO, PUNHO, M\u00c3O, TORNOZELO E P\u00c9<\/strong><\/h4>\n<p style=\"text-align: justify;\">Essas articula\u00e7\u00f5es s\u00e3o de baixa frequ\u00eancia de aparecimento de dor na popula\u00e7\u00e3o em geral e comumente esta relacionado a algum acidente, na maioria das vezes recente. <strong>A vantagem \u00e9 que na maioria dos casos de dor e perda de movimento dessas articula\u00e7\u00f5es tem melhora r\u00e1pida, praticamente imediata!<\/strong>\u00a0<strong>Se a dor surgiu sem nenhuma raz\u00e3o de algum acidente ou esfor\u00e7o repetido recentemente, temos grande possibilidade da origem da dor ser da coluna cervical ou lombar e se isso for confirmado com os testes de movimentos repetidos o tratamento segue com exerc\u00edcios da coluna para tratar a extremidade que est\u00e1 com dor.<\/strong> Os testes de movimentos identificados na cl\u00ednica mostram uma dire\u00e7\u00e3o de movimento que diminui o sintoma com a for\u00e7a ideal aplicada e tamb\u00e9m recupera o movimento normal e com mais algumas repeti\u00e7\u00f5es pode eliminar os sintomas. A vantagem \u00e9 que isso \u00e9 ensinado ao paciente e ele na maiora das vezes resolve o problema sozinho. Tamb\u00e9m fazemos fisioterapia para pacientes que fizeram cirurgia de cotovelo, punho, m\u00e3o, tornolezo ou no p\u00e9 e ainda est\u00e3o com dor ou limita\u00e7\u00e3o de algum movimento, o que \u00e9 comum ap\u00f3s a cirurgia. Nesse caso seria a fisioterapia para tratamento p\u00f3s-cir\u00fargico de qualquer uma dessas articula\u00e7\u00f5es.<\/p>\n<p style=\"text-align: justify;\"><strong>Evite cirurgia, uso medicamentos, realiza\u00e7\u00e3o de exames de imagem, ou sess\u00f5es com aparelhos utilizados na fisioterapia convencional. Seu problema poder\u00e1 ser resolvido de uma forma simples e r\u00e1pida evitando gastos, perda de tempo com in\u00fameras sess\u00f5es e outros transtornos as vezes permanentes causados pela cirurgia ou uso prolongado de medicamentos.<\/strong><\/p>\n<h2 style=\"text-align: center;\">\u00a0Alguns testes que realizamos para identificar<br \/>\ne tratar os problemas da Coluna e<br \/>\narticula\u00e7\u00f5es das extremidades.<\/h2>\n<p style=\"text-align: center;\"><iframe loading=\"lazy\" src=\"https:\/\/www.youtube.com\/embed\/GczxhMABcfc\" width=\"560\" height=\"315\" frameborder=\"0\" allowfullscreen=\"allowfullscreen\"><\/iframe><\/p>\n<p style=\"text-align: justify;\"><em>Fisioterapia em Goi\u00e2nia, fisioterapia ortop\u00e9dica, fisioterapia para tratamento da\u00a0coluna vertebral, dor no ombro, dor no joelho, dor no quadril, fisioterapia para h\u00e9rnia de disco, cl\u00ednica de fisioterapia especializada em coluna, fisioterapeuta em Goi\u00e2nia, tratamento para ombro, tratamento para joelho, tratamento para quadril, tratamento para cotovelo, tratamento para punho, tratamento para tornozelo, especialista em ombro, especialista em joelho, especialista em quadril, fisioterapia para tratamento p\u00f3s-cir\u00fargico da coluna vertebral, ombro, cotovelo, punho, m\u00e3o, quadril, joelho, tornozelo e p\u00e9.<\/em><\/p>\n","protected":false},"excerpt":{"rendered":"<p>Fisioterapia Ortop\u00e9dica em Goi\u00e2nia para tratamento da coluna vertebral e extremidades articulares: tratamento do ombro, cotovelo, punho, m\u00e3o, quadril, joelho, tornozelo e p\u00e9. Em mais de 90% dos casos de dor, fraqueza ou perda de movimento nestas articula\u00e7\u00f5es o problema \u00e9 de origem mec\u00e2nica e com um programa de exerc\u00edcios orientado pelo Fisioterapeuta, espec\u00edfico para [&hellip;]<\/p>\n","protected":false},"author":1,"featured_media":0,"parent":0,"menu_order":0,"comment_status":"closed","ping_status":"closed","template":"g1_template_page_sidebar_right.php","meta":{"footnotes":""},"class_list":["post-529","page","type-page","status-publish"],"yoast_head":"<!-- This site is optimized with the Yoast SEO plugin v22.7 - https:\/\/yoast.com\/wordpress\/plugins\/seo\/ -->\n<title>Fisioterapia para Ombro, Joelho, Quadril, Cotovelo, Tornozelo..<\/title>\n<meta name=\"description\" content=\"Cl\u00ednica de Fisioterapia Ortop\u00e9dica em Goi\u00e2nia. Tratamento com o M\u00e9todo Mckenzie para o ombro, joelho, quadril, cotovelo, tornozelo e punho.\" \/>\n<meta name=\"robots\" content=\"index, follow, max-snippet:-1, max-image-preview:large, max-video-preview:-1\" \/>\n<link rel=\"canonical\" href=\"https:\/\/www.clinicadacolunago.com.br\/site\/ombro-joelho-quadril-cotovelo-tornozelo-punho-fisioterapia-tratamento-goiania\/\" \/>\n<meta property=\"og:locale\" content=\"pt_BR\" \/>\n<meta property=\"og:type\" content=\"article\" \/>\n<meta property=\"og:title\" content=\"Fisioterapia para Ombro, Joelho, Quadril, Cotovelo, Tornozelo..\" \/>\n<meta property=\"og:description\" content=\"Cl\u00ednica de Fisioterapia Ortop\u00e9dica em Goi\u00e2nia. Tratamento com o M\u00e9todo Mckenzie para o ombro, joelho, quadril, cotovelo, tornozelo e punho.\" \/>\n<meta property=\"og:url\" content=\"https:\/\/www.clinicadacolunago.com.br\/site\/ombro-joelho-quadril-cotovelo-tornozelo-punho-fisioterapia-tratamento-goiania\/\" \/>\n<meta property=\"og:site_name\" content=\"Cl\u00ednica da Coluna de Goi\u00e2nia\" \/>\n<meta property=\"article:modified_time\" content=\"2026-01-08T15:42:52+00:00\" \/>\n<meta property=\"og:image\" content=\"http:\/\/www.clinicadacolunago.com.br\/site\/wp-content\/uploads\/2017\/06\/fisioterapia-goiania.jpg\" \/>\n<meta name=\"twitter:card\" content=\"summary_large_image\" \/>\n<meta name=\"twitter:label1\" content=\"Est. tempo de leitura\" \/>\n\t<meta name=\"twitter:data1\" content=\"7 minutos\" \/>\n<script type=\"application\/ld+json\" class=\"yoast-schema-graph\">{\"@context\":\"https:\/\/schema.org\",\"@graph\":[{\"@type\":\"WebPage\",\"@id\":\"https:\/\/www.clinicadacolunago.com.br\/site\/ombro-joelho-quadril-cotovelo-tornozelo-punho-fisioterapia-tratamento-goiania\/\",\"url\":\"https:\/\/www.clinicadacolunago.com.br\/site\/ombro-joelho-quadril-cotovelo-tornozelo-punho-fisioterapia-tratamento-goiania\/\",\"name\":\"Fisioterapia para Ombro, Joelho, Quadril, Cotovelo, Tornozelo..\",\"isPartOf\":{\"@id\":\"https:\/\/www.clinicadacolunago.com.br\/site\/#website\"},\"primaryImageOfPage\":{\"@id\":\"https:\/\/www.clinicadacolunago.com.br\/site\/ombro-joelho-quadril-cotovelo-tornozelo-punho-fisioterapia-tratamento-goiania\/#primaryimage\"},\"image\":{\"@id\":\"https:\/\/www.clinicadacolunago.com.br\/site\/ombro-joelho-quadril-cotovelo-tornozelo-punho-fisioterapia-tratamento-goiania\/#primaryimage\"},\"thumbnailUrl\":\"http:\/\/www.clinicadacolunago.com.br\/site\/wp-content\/uploads\/2017\/06\/fisioterapia-goiania.jpg\",\"datePublished\":\"2017-06-30T12:00:40+00:00\",\"dateModified\":\"2026-01-08T15:42:52+00:00\",\"description\":\"Cl\u00ednica de Fisioterapia Ortop\u00e9dica em Goi\u00e2nia. Tratamento com o M\u00e9todo Mckenzie para o ombro, joelho, quadril, cotovelo, tornozelo e punho.\",\"breadcrumb\":{\"@id\":\"https:\/\/www.clinicadacolunago.com.br\/site\/ombro-joelho-quadril-cotovelo-tornozelo-punho-fisioterapia-tratamento-goiania\/#breadcrumb\"},\"inLanguage\":\"pt-BR\",\"potentialAction\":[{\"@type\":\"ReadAction\",\"target\":[\"https:\/\/www.clinicadacolunago.com.br\/site\/ombro-joelho-quadril-cotovelo-tornozelo-punho-fisioterapia-tratamento-goiania\/\"]}]},{\"@type\":\"ImageObject\",\"inLanguage\":\"pt-BR\",\"@id\":\"https:\/\/www.clinicadacolunago.com.br\/site\/ombro-joelho-quadril-cotovelo-tornozelo-punho-fisioterapia-tratamento-goiania\/#primaryimage\",\"url\":\"http:\/\/www.clinicadacolunago.com.br\/site\/wp-content\/uploads\/2017\/06\/fisioterapia-goiania.jpg\",\"contentUrl\":\"http:\/\/www.clinicadacolunago.com.br\/site\/wp-content\/uploads\/2017\/06\/fisioterapia-goiania.jpg\"},{\"@type\":\"BreadcrumbList\",\"@id\":\"https:\/\/www.clinicadacolunago.com.br\/site\/ombro-joelho-quadril-cotovelo-tornozelo-punho-fisioterapia-tratamento-goiania\/#breadcrumb\",\"itemListElement\":[{\"@type\":\"ListItem\",\"position\":1,\"name\":\"In\u00edcio\",\"item\":\"https:\/\/www.clinicadacolunago.com.br\/site\/\"},{\"@type\":\"ListItem\",\"position\":2,\"name\":\"Fisioterapia para Ombro, Joelho, Quadril, Cotovelo, Tornozelo e Punho\"}]},{\"@type\":\"WebSite\",\"@id\":\"https:\/\/www.clinicadacolunago.com.br\/site\/#website\",\"url\":\"https:\/\/www.clinicadacolunago.com.br\/site\/\",\"name\":\"Cl\u00ednica da Coluna de Goi\u00e2nia\",\"description\":\"Tratamento para coluna e h\u00e9rnia de disco em Goi\u00e2nia\",\"potentialAction\":[{\"@type\":\"SearchAction\",\"target\":{\"@type\":\"EntryPoint\",\"urlTemplate\":\"https:\/\/www.clinicadacolunago.com.br\/site\/?s={search_term_string}\"},\"query-input\":\"required name=search_term_string\"}],\"inLanguage\":\"pt-BR\"}]}<\/script>\n<!-- \/ Yoast SEO plugin. -->","yoast_head_json":{"title":"Fisioterapia para Ombro, Joelho, Quadril, Cotovelo, Tornozelo..","description":"Cl\u00ednica de Fisioterapia Ortop\u00e9dica em Goi\u00e2nia. Tratamento com o M\u00e9todo Mckenzie para o ombro, joelho, quadril, cotovelo, tornozelo e punho.","robots":{"index":"index","follow":"follow","max-snippet":"max-snippet:-1","max-image-preview":"max-image-preview:large","max-video-preview":"max-video-preview:-1"},"canonical":"https:\/\/www.clinicadacolunago.com.br\/site\/ombro-joelho-quadril-cotovelo-tornozelo-punho-fisioterapia-tratamento-goiania\/","og_locale":"pt_BR","og_type":"article","og_title":"Fisioterapia para Ombro, Joelho, Quadril, Cotovelo, Tornozelo..","og_description":"Cl\u00ednica de Fisioterapia Ortop\u00e9dica em Goi\u00e2nia. Tratamento com o M\u00e9todo Mckenzie para o ombro, joelho, quadril, cotovelo, tornozelo e punho.","og_url":"https:\/\/www.clinicadacolunago.com.br\/site\/ombro-joelho-quadril-cotovelo-tornozelo-punho-fisioterapia-tratamento-goiania\/","og_site_name":"Cl\u00ednica da Coluna de Goi\u00e2nia","article_modified_time":"2026-01-08T15:42:52+00:00","og_image":[{"url":"http:\/\/www.clinicadacolunago.com.br\/site\/wp-content\/uploads\/2017\/06\/fisioterapia-goiania.jpg"}],"twitter_card":"summary_large_image","twitter_misc":{"Est. tempo de leitura":"7 minutos"},"schema":{"@context":"https:\/\/schema.org","@graph":[{"@type":"WebPage","@id":"https:\/\/www.clinicadacolunago.com.br\/site\/ombro-joelho-quadril-cotovelo-tornozelo-punho-fisioterapia-tratamento-goiania\/","url":"https:\/\/www.clinicadacolunago.com.br\/site\/ombro-joelho-quadril-cotovelo-tornozelo-punho-fisioterapia-tratamento-goiania\/","name":"Fisioterapia para Ombro, Joelho, Quadril, Cotovelo, Tornozelo..","isPartOf":{"@id":"https:\/\/www.clinicadacolunago.com.br\/site\/#website"},"primaryImageOfPage":{"@id":"https:\/\/www.clinicadacolunago.com.br\/site\/ombro-joelho-quadril-cotovelo-tornozelo-punho-fisioterapia-tratamento-goiania\/#primaryimage"},"image":{"@id":"https:\/\/www.clinicadacolunago.com.br\/site\/ombro-joelho-quadril-cotovelo-tornozelo-punho-fisioterapia-tratamento-goiania\/#primaryimage"},"thumbnailUrl":"http:\/\/www.clinicadacolunago.com.br\/site\/wp-content\/uploads\/2017\/06\/fisioterapia-goiania.jpg","datePublished":"2017-06-30T12:00:40+00:00","dateModified":"2026-01-08T15:42:52+00:00","description":"Cl\u00ednica de Fisioterapia Ortop\u00e9dica em Goi\u00e2nia. Tratamento com o M\u00e9todo Mckenzie para o ombro, joelho, quadril, cotovelo, tornozelo e punho.","breadcrumb":{"@id":"https:\/\/www.clinicadacolunago.com.br\/site\/ombro-joelho-quadril-cotovelo-tornozelo-punho-fisioterapia-tratamento-goiania\/#breadcrumb"},"inLanguage":"pt-BR","potentialAction":[{"@type":"ReadAction","target":["https:\/\/www.clinicadacolunago.com.br\/site\/ombro-joelho-quadril-cotovelo-tornozelo-punho-fisioterapia-tratamento-goiania\/"]}]},{"@type":"ImageObject","inLanguage":"pt-BR","@id":"https:\/\/www.clinicadacolunago.com.br\/site\/ombro-joelho-quadril-cotovelo-tornozelo-punho-fisioterapia-tratamento-goiania\/#primaryimage","url":"http:\/\/www.clinicadacolunago.com.br\/site\/wp-content\/uploads\/2017\/06\/fisioterapia-goiania.jpg","contentUrl":"http:\/\/www.clinicadacolunago.com.br\/site\/wp-content\/uploads\/2017\/06\/fisioterapia-goiania.jpg"},{"@type":"BreadcrumbList","@id":"https:\/\/www.clinicadacolunago.com.br\/site\/ombro-joelho-quadril-cotovelo-tornozelo-punho-fisioterapia-tratamento-goiania\/#breadcrumb","itemListElement":[{"@type":"ListItem","position":1,"name":"In\u00edcio","item":"https:\/\/www.clinicadacolunago.com.br\/site\/"},{"@type":"ListItem","position":2,"name":"Fisioterapia para Ombro, Joelho, Quadril, Cotovelo, Tornozelo e Punho"}]},{"@type":"WebSite","@id":"https:\/\/www.clinicadacolunago.com.br\/site\/#website","url":"https:\/\/www.clinicadacolunago.com.br\/site\/","name":"Cl\u00ednica da Coluna de Goi\u00e2nia","description":"Tratamento para coluna e h\u00e9rnia de disco em Goi\u00e2nia","potentialAction":[{"@type":"SearchAction","target":{"@type":"EntryPoint","urlTemplate":"https:\/\/www.clinicadacolunago.com.br\/site\/?s={search_term_string}"},"query-input":"required name=search_term_string"}],"inLanguage":"pt-BR"}]}},"_links":{"self":[{"href":"https:\/\/www.clinicadacolunago.com.br\/site\/wp-json\/wp\/v2\/pages\/529","targetHints":{"allow":["GET"]}}],"collection":[{"href":"https:\/\/www.clinicadacolunago.com.br\/site\/wp-json\/wp\/v2\/pages"}],"about":[{"href":"https:\/\/www.clinicadacolunago.com.br\/site\/wp-json\/wp\/v2\/types\/page"}],"author":[{"embeddable":true,"href":"https:\/\/www.clinicadacolunago.com.br\/site\/wp-json\/wp\/v2\/users\/1"}],"replies":[{"embeddable":true,"href":"https:\/\/www.clinicadacolunago.com.br\/site\/wp-json\/wp\/v2\/comments?post=529"}],"version-history":[{"count":46,"href":"https:\/\/www.clinicadacolunago.com.br\/site\/wp-json\/wp\/v2\/pages\/529\/revisions"}],"predecessor-version":[{"id":1408,"href":"https:\/\/www.clinicadacolunago.com.br\/site\/wp-json\/wp\/v2\/pages\/529\/revisions\/1408"}],"wp:attachment":[{"href":"https:\/\/www.clinicadacolunago.com.br\/site\/wp-json\/wp\/v2\/media?parent=529"}],"curies":[{"name":"wp","href":"https:\/\/api.w.org\/{rel}","templated":true}]}}