{"id":535,"date":"2017-06-30T12:02:42","date_gmt":"2017-06-30T12:02:42","guid":{"rendered":"http:\/\/www.clinicadacolunago.com.br\/site\/?page_id=535"},"modified":"2026-02-20T18:03:13","modified_gmt":"2026-02-20T18:03:13","slug":"hernia-de-disco-tratamento-goiania","status":"publish","type":"page","link":"https:\/\/www.clinicadacolunago.com.br\/site\/hernia-de-disco-tratamento-goiania\/","title":{"rendered":"H\u00e9rnia de Disco"},"content":{"rendered":"<p><img loading=\"lazy\" decoding=\"async\" class=\"wp-image-949 aligncenter\" src=\"https:\/\/www.clinicadacolunago.com.br\/site\/wp-content\/uploads\/2020\/01\/henea-de-disco.jpg\" alt=\"\" width=\"633\" height=\"177\" srcset=\"https:\/\/www.clinicadacolunago.com.br\/site\/wp-content\/uploads\/2020\/01\/henea-de-disco.jpg 540w, https:\/\/www.clinicadacolunago.com.br\/site\/wp-content\/uploads\/2020\/01\/henea-de-disco-300x84.jpg 300w, https:\/\/www.clinicadacolunago.com.br\/site\/wp-content\/uploads\/2020\/01\/henea-de-disco-320x89.jpg 320w, https:\/\/www.clinicadacolunago.com.br\/site\/wp-content\/uploads\/2020\/01\/henea-de-disco-239x67.jpg 239w\" sizes=\"auto, (max-width: 633px) 100vw, 633px\" \/><\/p>\n<p style=\"text-align: justify;\">Tratamento para h\u00e9rnia de disco na coluna vertebral lombar, cervical ou tor\u00e1cica, sem cirurgia em Goi\u00e2nia. Fisioterapia para h\u00e9rnia de disco em Goi\u00e2nia. A h\u00e9rnia de disco acontece quando\u00a0 o anel do disco intervertebral vai se &#8220;rachando&#8221; e o seu n\u00facleo se deslocando passando a incomodar outras estruturas que envolvem a articula\u00e7\u00e3o, causando dor local na coluna ou dor irradiada. Na h\u00e9rnia de disco na coluna lombar a dor pode ser local na coluna (costas) ou irradiar para as pernas, <a href=\"https:\/\/www.clinicadacolunago.com.br\/site\/nervo-ciatico-tratamento-goiania\/\">dor no nervo ci\u00e1tico<\/a> e\/ou outros sintomas (dorm\u00eancia, sensa\u00e7\u00e3o de agulhadas, choque, fraqueza), j\u00e1 a h\u00e9rnia de disco na coluna cervical causa uma dor local na coluna (pesco\u00e7o) que pode espalhar para os ombros ou bra\u00e7os. Na maioria das vezes a h\u00e9rnia de disco \u00e9 causada por certas posturas ou movimentos que colocamos na nossa coluna no dia a dia.\u00a0<strong>Esta avalia\u00e7\u00e3o e tratamento s\u00e3o feitos de uma forma \u00fanica e exclusiva com o <a href=\"https:\/\/www.clinicadacolunago.com.br\/site\/metodo-mckenzie-tratamento-goiania\/\">M\u00e9todo Mckenzie<\/a> que utiliza perguntas espec\u00edficas e testes de movimentos repetidos, este exame cl\u00ednico \u00e9 superior a exames de imagem para detectar e tratar o problema.<\/strong>\u00a0<img loading=\"lazy\" decoding=\"async\" class=\" wp-image-582 aligncenter\" src=\"http:\/\/www.clinicadacolunago.com.br\/site\/wp-content\/uploads\/2017\/06\/herniadedisco.jpg\" alt=\"herniadedisco\" width=\"646\" height=\"266\" srcset=\"https:\/\/www.clinicadacolunago.com.br\/site\/wp-content\/uploads\/2017\/06\/herniadedisco.jpg 600w, https:\/\/www.clinicadacolunago.com.br\/site\/wp-content\/uploads\/2017\/06\/herniadedisco-300x124.jpg 300w, https:\/\/www.clinicadacolunago.com.br\/site\/wp-content\/uploads\/2017\/06\/herniadedisco-320x132.jpg 320w, https:\/\/www.clinicadacolunago.com.br\/site\/wp-content\/uploads\/2017\/06\/herniadedisco-239x98.jpg 239w\" sizes=\"auto, (max-width: 646px) 100vw, 646px\" \/><\/p>\n<p style=\"text-align: justify;\">Ao contr\u00e1rio do que muitos pensam, o fato de se ter um h\u00e9rnia de disco n\u00e3o significa que seja grave ou que se precise de cirurgia para resolver o problema. Sabemos hoje, baseado em estudos realizados nos Estados Unidos, que menos de 10% dos pacientes realmente necessitam ou se beneficiam de cirurgia de coluna e que at\u00e9 80% dos pacientes que passam pelo procedimento cir\u00fargico poder\u00e3o desenvolver novamente o mesmo problema. O custo de um tratamento de h\u00e9rnia de disco com o M\u00e9todo Mckenzie realizado aqui na cl\u00ednica \u00e9 bem menor do que os gastos com exames, medicamentos, ou cirurgias.<\/p>\n<h3 style=\"text-align: justify;\"><strong>BOAS NOT\u00cdCIAS<\/strong><\/h3>\n<p style=\"text-align: justify;\">A boa not\u00edcia \u00e9 que estudos recentes mostram que at\u00e9 90% dos casos agudos e at\u00e9 50% dos casos cr\u00f4nicos de dor lombar ou cervical s\u00e3o rapidamente revers\u00edveis quando avaliados e tratados por profissionais treinados com o M\u00e9todo Mckenzie de Diagn\u00f3stico e Terapia Mec\u00e2nica, mesmo quando no exame por imagem for detectado a presen\u00e7a de uma h\u00e9rnia de disco.<\/p>\n<p style=\"text-align: justify;\">Trabalhamos com o M\u00e9todo Mckenzie e n\u00e3o utilizamos\u00a0 nenhum tipo de medicamento ou cirurgia para o <a href=\"https:\/\/www.clinicadacolunago.com.br\/site\/tratamento-para-coluna-goiania\/\">tratamento de problemas de coluna<\/a>.<\/p>\n<p style=\"text-align: justify;\">Aprenda a cuidar da sua coluna e livre-se das dores sem a necessidade de um procedimento cir\u00fargico. Evite cirurgia de coluna. O melhor especialista para tratar h\u00e9rnia de disco \u00e9 o profissional certificado no M\u00e9todo Mckenzie em que te far\u00e1 perguntas e testes de movimentos para detectar o seu problema e te ensinar a tratar e cuidar de forma independente, assim o resultado \u00e9 muito duradouro.<\/p>\n<p style=\"text-align: justify;\"><strong>Mesmo se voc\u00ea j\u00e1 passou por alguma interven\u00e7\u00e3o invasiva ou cir\u00fargica na coluna vertebral (artrod\u00e9se\/fixa\u00e7\u00e3o de placas e pinos, bloqueio, retirada da h\u00e9rnia de disco, infiltra\u00e7\u00e3o etc.) ou em qualquer outra articula\u00e7\u00e3o e n\u00e3o teve resultados satisfat\u00f3rios e ainda est\u00e1 com dor, perda de algum movimento ou for\u00e7a, tamb\u00e9m pode nos procurar, voc\u00ea poder\u00e1 se beneficiar muito com o nosso tratamento.<\/strong><\/p>\n<h2 style=\"text-align: center;\">\u00a0Como receber ajuda com a sua dor na<br \/>\nColuna gerada pela H\u00e9rnia de disco.<\/h2>\n<p style=\"text-align: center;\"><iframe loading=\"lazy\" src=\"https:\/\/www.youtube.com\/embed\/BV6zssjb-pY\" width=\"560\" height=\"315\" frameborder=\"0\" allowfullscreen=\"allowfullscreen\"><\/iframe><\/p>\n<p style=\"text-align: justify;\"><strong><em>H\u00e9rnia de disco, protus\u00e3o de disco, abaulamento discal, extrus\u00e3o da h\u00e9rnia de disco, tratamento da h\u00e9rnia de disco em Goi\u00e2nia, fisioterapia para tratamento da h\u00e9rnia de disco, m\u00e9todo mckenzie para tratamento da h\u00e9rnia de disco, tratamento da coluna vertebral, especialista em coluna Goi\u00e2nia, cl\u00ednica especializada no tratamento da h\u00e9rnia de disco, especialista em h\u00e9rnia de disco, fisioterapeuta Goi\u00e2nia, fisioterapia Goi\u00e2nia.<\/em><\/strong><em><strong>\u00a0<\/strong><\/em><\/p>\n","protected":false},"excerpt":{"rendered":"<p>Tratamento para h\u00e9rnia de disco na coluna vertebral lombar, cervical ou tor\u00e1cica, sem cirurgia em Goi\u00e2nia. Fisioterapia para h\u00e9rnia de disco em Goi\u00e2nia. A h\u00e9rnia de disco acontece quando\u00a0 o anel do disco intervertebral vai se &#8220;rachando&#8221; e o seu n\u00facleo se deslocando passando a incomodar outras estruturas que envolvem a articula\u00e7\u00e3o, causando dor local [&hellip;]<\/p>\n","protected":false},"author":1,"featured_media":0,"parent":0,"menu_order":0,"comment_status":"closed","ping_status":"closed","template":"g1_template_page_sidebar_right.php","meta":{"footnotes":""},"class_list":["post-535","page","type-page","status-publish"],"yoast_head":"<!-- This site is optimized with the Yoast SEO plugin v22.7 - https:\/\/yoast.com\/wordpress\/plugins\/seo\/ -->\n<title>H\u00e9rnia de Disco Tratamento em Goi\u00e2nia | Cl\u00ednica da Coluna<\/title>\n<meta name=\"description\" content=\"Tratamento especializado para h\u00e9rnia de disco, dor na coluna lombar, cervical ou tor\u00e1cica e nervo ci\u00e1tico. Fisioterapia, M\u00e9todo McKenzie.\" \/>\n<meta name=\"robots\" content=\"index, follow, max-snippet:-1, max-image-preview:large, max-video-preview:-1\" \/>\n<link rel=\"canonical\" href=\"https:\/\/www.clinicadacolunago.com.br\/site\/hernia-de-disco-tratamento-goiania\/\" \/>\n<meta property=\"og:locale\" content=\"pt_BR\" \/>\n<meta property=\"og:type\" content=\"article\" \/>\n<meta property=\"og:title\" content=\"H\u00e9rnia de Disco Tratamento em Goi\u00e2nia | Cl\u00ednica da Coluna\" \/>\n<meta property=\"og:description\" content=\"Tratamento especializado para h\u00e9rnia de disco, dor na coluna lombar, cervical ou tor\u00e1cica e nervo ci\u00e1tico. Fisioterapia, M\u00e9todo McKenzie.\" \/>\n<meta property=\"og:url\" content=\"https:\/\/www.clinicadacolunago.com.br\/site\/hernia-de-disco-tratamento-goiania\/\" \/>\n<meta property=\"og:site_name\" content=\"Cl\u00ednica da Coluna de Goi\u00e2nia\" \/>\n<meta property=\"article:modified_time\" content=\"2026-02-20T18:03:13+00:00\" \/>\n<meta property=\"og:image\" content=\"https:\/\/www.clinicadacolunago.com.br\/site\/wp-content\/uploads\/2020\/01\/henea-de-disco.jpg\" \/>\n<meta name=\"twitter:card\" content=\"summary_large_image\" \/>\n<meta name=\"twitter:label1\" content=\"Est. tempo de leitura\" \/>\n\t<meta name=\"twitter:data1\" content=\"4 minutos\" \/>\n<script type=\"application\/ld+json\" class=\"yoast-schema-graph\">{\"@context\":\"https:\/\/schema.org\",\"@graph\":[{\"@type\":\"WebPage\",\"@id\":\"https:\/\/www.clinicadacolunago.com.br\/site\/hernia-de-disco-tratamento-goiania\/\",\"url\":\"https:\/\/www.clinicadacolunago.com.br\/site\/hernia-de-disco-tratamento-goiania\/\",\"name\":\"H\u00e9rnia de Disco Tratamento em Goi\u00e2nia | Cl\u00ednica da Coluna\",\"isPartOf\":{\"@id\":\"https:\/\/www.clinicadacolunago.com.br\/site\/#website\"},\"primaryImageOfPage\":{\"@id\":\"https:\/\/www.clinicadacolunago.com.br\/site\/hernia-de-disco-tratamento-goiania\/#primaryimage\"},\"image\":{\"@id\":\"https:\/\/www.clinicadacolunago.com.br\/site\/hernia-de-disco-tratamento-goiania\/#primaryimage\"},\"thumbnailUrl\":\"https:\/\/www.clinicadacolunago.com.br\/site\/wp-content\/uploads\/2020\/01\/henea-de-disco.jpg\",\"datePublished\":\"2017-06-30T12:02:42+00:00\",\"dateModified\":\"2026-02-20T18:03:13+00:00\",\"description\":\"Tratamento especializado para h\u00e9rnia de disco, dor na coluna lombar, cervical ou tor\u00e1cica e nervo ci\u00e1tico. Fisioterapia, M\u00e9todo McKenzie.\",\"breadcrumb\":{\"@id\":\"https:\/\/www.clinicadacolunago.com.br\/site\/hernia-de-disco-tratamento-goiania\/#breadcrumb\"},\"inLanguage\":\"pt-BR\",\"potentialAction\":[{\"@type\":\"ReadAction\",\"target\":[\"https:\/\/www.clinicadacolunago.com.br\/site\/hernia-de-disco-tratamento-goiania\/\"]}]},{\"@type\":\"ImageObject\",\"inLanguage\":\"pt-BR\",\"@id\":\"https:\/\/www.clinicadacolunago.com.br\/site\/hernia-de-disco-tratamento-goiania\/#primaryimage\",\"url\":\"https:\/\/www.clinicadacolunago.com.br\/site\/wp-content\/uploads\/2020\/01\/henea-de-disco.jpg\",\"contentUrl\":\"https:\/\/www.clinicadacolunago.com.br\/site\/wp-content\/uploads\/2020\/01\/henea-de-disco.jpg\",\"width\":540,\"height\":151},{\"@type\":\"BreadcrumbList\",\"@id\":\"https:\/\/www.clinicadacolunago.com.br\/site\/hernia-de-disco-tratamento-goiania\/#breadcrumb\",\"itemListElement\":[{\"@type\":\"ListItem\",\"position\":1,\"name\":\"In\u00edcio\",\"item\":\"https:\/\/www.clinicadacolunago.com.br\/site\/\"},{\"@type\":\"ListItem\",\"position\":2,\"name\":\"H\u00e9rnia de Disco\"}]},{\"@type\":\"WebSite\",\"@id\":\"https:\/\/www.clinicadacolunago.com.br\/site\/#website\",\"url\":\"https:\/\/www.clinicadacolunago.com.br\/site\/\",\"name\":\"Cl\u00ednica da Coluna de Goi\u00e2nia\",\"description\":\"Tratamento para coluna e h\u00e9rnia de disco em Goi\u00e2nia\",\"potentialAction\":[{\"@type\":\"SearchAction\",\"target\":{\"@type\":\"EntryPoint\",\"urlTemplate\":\"https:\/\/www.clinicadacolunago.com.br\/site\/?s={search_term_string}\"},\"query-input\":\"required name=search_term_string\"}],\"inLanguage\":\"pt-BR\"}]}<\/script>\n<!-- \/ Yoast SEO plugin. -->","yoast_head_json":{"title":"H\u00e9rnia de Disco Tratamento em Goi\u00e2nia | Cl\u00ednica da Coluna","description":"Tratamento especializado para h\u00e9rnia de disco, dor na coluna lombar, cervical ou tor\u00e1cica e nervo ci\u00e1tico. Fisioterapia, M\u00e9todo McKenzie.","robots":{"index":"index","follow":"follow","max-snippet":"max-snippet:-1","max-image-preview":"max-image-preview:large","max-video-preview":"max-video-preview:-1"},"canonical":"https:\/\/www.clinicadacolunago.com.br\/site\/hernia-de-disco-tratamento-goiania\/","og_locale":"pt_BR","og_type":"article","og_title":"H\u00e9rnia de Disco Tratamento em Goi\u00e2nia | Cl\u00ednica da Coluna","og_description":"Tratamento especializado para h\u00e9rnia de disco, dor na coluna lombar, cervical ou tor\u00e1cica e nervo ci\u00e1tico. Fisioterapia, M\u00e9todo McKenzie.","og_url":"https:\/\/www.clinicadacolunago.com.br\/site\/hernia-de-disco-tratamento-goiania\/","og_site_name":"Cl\u00ednica da Coluna de Goi\u00e2nia","article_modified_time":"2026-02-20T18:03:13+00:00","og_image":[{"url":"https:\/\/www.clinicadacolunago.com.br\/site\/wp-content\/uploads\/2020\/01\/henea-de-disco.jpg"}],"twitter_card":"summary_large_image","twitter_misc":{"Est. tempo de leitura":"4 minutos"},"schema":{"@context":"https:\/\/schema.org","@graph":[{"@type":"WebPage","@id":"https:\/\/www.clinicadacolunago.com.br\/site\/hernia-de-disco-tratamento-goiania\/","url":"https:\/\/www.clinicadacolunago.com.br\/site\/hernia-de-disco-tratamento-goiania\/","name":"H\u00e9rnia de Disco Tratamento em Goi\u00e2nia | Cl\u00ednica da Coluna","isPartOf":{"@id":"https:\/\/www.clinicadacolunago.com.br\/site\/#website"},"primaryImageOfPage":{"@id":"https:\/\/www.clinicadacolunago.com.br\/site\/hernia-de-disco-tratamento-goiania\/#primaryimage"},"image":{"@id":"https:\/\/www.clinicadacolunago.com.br\/site\/hernia-de-disco-tratamento-goiania\/#primaryimage"},"thumbnailUrl":"https:\/\/www.clinicadacolunago.com.br\/site\/wp-content\/uploads\/2020\/01\/henea-de-disco.jpg","datePublished":"2017-06-30T12:02:42+00:00","dateModified":"2026-02-20T18:03:13+00:00","description":"Tratamento especializado para h\u00e9rnia de disco, dor na coluna lombar, cervical ou tor\u00e1cica e nervo ci\u00e1tico. Fisioterapia, M\u00e9todo McKenzie.","breadcrumb":{"@id":"https:\/\/www.clinicadacolunago.com.br\/site\/hernia-de-disco-tratamento-goiania\/#breadcrumb"},"inLanguage":"pt-BR","potentialAction":[{"@type":"ReadAction","target":["https:\/\/www.clinicadacolunago.com.br\/site\/hernia-de-disco-tratamento-goiania\/"]}]},{"@type":"ImageObject","inLanguage":"pt-BR","@id":"https:\/\/www.clinicadacolunago.com.br\/site\/hernia-de-disco-tratamento-goiania\/#primaryimage","url":"https:\/\/www.clinicadacolunago.com.br\/site\/wp-content\/uploads\/2020\/01\/henea-de-disco.jpg","contentUrl":"https:\/\/www.clinicadacolunago.com.br\/site\/wp-content\/uploads\/2020\/01\/henea-de-disco.jpg","width":540,"height":151},{"@type":"BreadcrumbList","@id":"https:\/\/www.clinicadacolunago.com.br\/site\/hernia-de-disco-tratamento-goiania\/#breadcrumb","itemListElement":[{"@type":"ListItem","position":1,"name":"In\u00edcio","item":"https:\/\/www.clinicadacolunago.com.br\/site\/"},{"@type":"ListItem","position":2,"name":"H\u00e9rnia de Disco"}]},{"@type":"WebSite","@id":"https:\/\/www.clinicadacolunago.com.br\/site\/#website","url":"https:\/\/www.clinicadacolunago.com.br\/site\/","name":"Cl\u00ednica da Coluna de Goi\u00e2nia","description":"Tratamento para coluna e h\u00e9rnia de disco em Goi\u00e2nia","potentialAction":[{"@type":"SearchAction","target":{"@type":"EntryPoint","urlTemplate":"https:\/\/www.clinicadacolunago.com.br\/site\/?s={search_term_string}"},"query-input":"required name=search_term_string"}],"inLanguage":"pt-BR"}]}},"_links":{"self":[{"href":"https:\/\/www.clinicadacolunago.com.br\/site\/wp-json\/wp\/v2\/pages\/535","targetHints":{"allow":["GET"]}}],"collection":[{"href":"https:\/\/www.clinicadacolunago.com.br\/site\/wp-json\/wp\/v2\/pages"}],"about":[{"href":"https:\/\/www.clinicadacolunago.com.br\/site\/wp-json\/wp\/v2\/types\/page"}],"author":[{"embeddable":true,"href":"https:\/\/www.clinicadacolunago.com.br\/site\/wp-json\/wp\/v2\/users\/1"}],"replies":[{"embeddable":true,"href":"https:\/\/www.clinicadacolunago.com.br\/site\/wp-json\/wp\/v2\/comments?post=535"}],"version-history":[{"count":29,"href":"https:\/\/www.clinicadacolunago.com.br\/site\/wp-json\/wp\/v2\/pages\/535\/revisions"}],"predecessor-version":[{"id":1387,"href":"https:\/\/www.clinicadacolunago.com.br\/site\/wp-json\/wp\/v2\/pages\/535\/revisions\/1387"}],"wp:attachment":[{"href":"https:\/\/www.clinicadacolunago.com.br\/site\/wp-json\/wp\/v2\/media?parent=535"}],"curies":[{"name":"wp","href":"https:\/\/api.w.org\/{rel}","templated":true}]}}