{"id":542,"date":"2017-06-30T12:06:21","date_gmt":"2017-06-30T12:06:21","guid":{"rendered":"http:\/\/www.clinicadacolunago.com.br\/site\/?page_id=542"},"modified":"2026-02-20T18:02:46","modified_gmt":"2026-02-20T18:02:46","slug":"nervo-ciatico-tratamento-goiania","status":"publish","type":"page","link":"https:\/\/www.clinicadacolunago.com.br\/site\/nervo-ciatico-tratamento-goiania\/","title":{"rendered":"Nervo Ci\u00e1tico"},"content":{"rendered":"<p><img loading=\"lazy\" decoding=\"async\" class=\" wp-image-640 alignnone\" src=\"http:\/\/www.clinicadacolunago.com.br\/site\/wp-content\/uploads\/2017\/06\/nervo-ciatico-tratamento.jpg\" alt=\"nervo-ciatico-tratamento\" width=\"633\" height=\"177\" srcset=\"https:\/\/www.clinicadacolunago.com.br\/site\/wp-content\/uploads\/2017\/06\/nervo-ciatico-tratamento.jpg 540w, https:\/\/www.clinicadacolunago.com.br\/site\/wp-content\/uploads\/2017\/06\/nervo-ciatico-tratamento-300x84.jpg 300w, https:\/\/www.clinicadacolunago.com.br\/site\/wp-content\/uploads\/2017\/06\/nervo-ciatico-tratamento-320x89.jpg 320w, https:\/\/www.clinicadacolunago.com.br\/site\/wp-content\/uploads\/2017\/06\/nervo-ciatico-tratamento-239x67.jpg 239w\" sizes=\"auto, (max-width: 633px) 100vw, 633px\" \/><\/p>\n<h2><strong>Dor no Nervo Ci\u00e1tico<\/strong><\/h2>\n<p style=\"text-align: justify;\">Tratamento para dor no nervo ci\u00e1tico ou dor ci\u00e1tica, coluna vertebral e h\u00e9rnia de disco. Fisioterapia para o nervo ci\u00e1tico em Goi\u00e2nia. Para voc\u00ea que apresenta sintomas provenientes da coluna lombar que est\u00e3o irradiados ou espalhados para os gl\u00fateos, quadril, coxa, perna ou at\u00e9 o p\u00e9. O Diagn\u00f3stico Mec\u00e2nico com o M\u00e9todo McKenzie, uma especialidade da Fisioterapia Ortop\u00e9dica, se baseia n\u00e3o em imagens, mas no comportamento da dor. Durante a avalia\u00e7\u00e3o, muitos pacientes apresentam claramente uma &#8220;dire\u00e7\u00e3o de prefer\u00eancia&#8221;, quando movimentos repetidos ou posi\u00e7\u00f5es mantidas s\u00e3o aplicados na coluna. Em outras palavras, h\u00e1 um movimento ou posi\u00e7\u00e3o particular que faz a dor irradiada se deslocar em dire\u00e7\u00e3o ao centro da coluna e ser abolida. \u00a0<strong>Esta avalia\u00e7\u00e3o e tratamento s\u00e3o feitos de uma forma \u00fanica e exclusiva com o M\u00e9todo Mckenzie que utiliza perguntas espec\u00edficas e testes de movimentos repetidos, este exame cl\u00ednico \u00e9 superior a exames de imagem para detectar e tratar o problema.<\/strong><\/p>\n<h3 style=\"text-align: justify;\"><img loading=\"lazy\" decoding=\"async\" class=\" wp-image-642 alignnone\" src=\"http:\/\/www.clinicadacolunago.com.br\/site\/wp-content\/uploads\/2017\/06\/colunas1.jpg\" alt=\"colunas1\" width=\"784\" height=\"220\" srcset=\"https:\/\/www.clinicadacolunago.com.br\/site\/wp-content\/uploads\/2017\/06\/colunas1.jpg 634w, https:\/\/www.clinicadacolunago.com.br\/site\/wp-content\/uploads\/2017\/06\/colunas1-300x84.jpg 300w, https:\/\/www.clinicadacolunago.com.br\/site\/wp-content\/uploads\/2017\/06\/colunas1-320x90.jpg 320w, https:\/\/www.clinicadacolunago.com.br\/site\/wp-content\/uploads\/2017\/06\/colunas1-239x67.jpg 239w\" sizes=\"auto, (max-width: 784px) 100vw, 784px\" \/><br \/>\n<strong>A MELHORA<\/strong><\/h3>\n<p style=\"text-align: justify;\">A dor deve ser progressivamente abolida de uma dire\u00e7\u00e3o distante (p\u00e9, perna, coxa) para pr\u00f3xima da coluna onde \u00e9 eliminada. Este evento \u00e9 conhecido como <strong>Centraliza\u00e7\u00e3o<\/strong> e indica bom progn\u00f3stico. Quando alcan\u00e7ada tamb\u00e9m devolve todos os movimentos da coluna que antes estavam restritos por dor e\/ou bloqueio articular. A dor no nervo ci\u00e1tico vai subindo, melhorando e sendo eliminada. A melhor fisioterapia para o nervo ci\u00e1tico \u00e9 o M\u00e9todo Mckenzie.<\/p>\n<h3 style=\"text-align: justify;\"><strong>A PIORA<\/strong><\/h3>\n<p style=\"text-align: justify;\">O contr\u00e1rio disso \u00e9 a <strong>Periferiliza\u00e7\u00e3o<\/strong>, a dor se espalha para mais distante da coluna (gl\u00fateo, coxa, perna, p\u00e9) e indica progn\u00f3stico ruim. A alternativa \u00e9 encontrar outro movimento que centralize a dor. A dor no nervo ci\u00e1tico se espalha perna abaixo e isto significa que ela est\u00e1 piorando.<\/p>\n<h3 style=\"text-align: justify;\"><strong>ATEN\u00c7\u00c3O<\/strong><\/h3>\n<p style=\"text-align: justify;\">N\u00e3o deixe que a dor irradiada do nervo ci\u00e1tico permane\u00e7a por muito tempo. Quanto mais tempo presente, mais dif\u00edcil fica de ser eliminada. Se ela n\u00e3o melhorar procure o mais r\u00e1pido poss\u00edvel o nosso servi\u00e7o, o seu problema das dores atual pode ser resolvido rapidamente e evitar futuras crises. <strong>Ent\u00e3o se voc\u00ea sentiu dor na coxa ou na perna e a dor n\u00e3o est\u00e1 passando e acha que est\u00e1 com dor no nervo ci\u00e1tico proveniente da coluna o quanto mais cedo tratar conosco, menos preju\u00edzo ele ir\u00e1 causar. <\/strong><\/p>\n<h4 style=\"text-align: justify;\"><strong>Alguns casos tamb\u00e9m podem apresentar dorm\u00eancia ou perda de for\u00e7a na perna afetada.<\/strong><\/h4>\n<h4 style=\"text-align: justify;\"><strong>A DOR NO NERVO CI\u00c1TICO TEM ORIGEM NA COLUNA VERTEBRAL NA MAIORIA DOS CASOS, COMO SABER DISSO?<\/strong><\/h4>\n<p style=\"text-align: justify;\"><strong>1 &#8211;<\/strong> Se j\u00e1 teve dor na coluna no passado, ou tem dor na coluna atualmente junto com a dor do nervo ci\u00e1tico, a origem do problema \u00e9 na coluna.<br \/>\n<strong>2 &#8211;<\/strong> Quando certas posi\u00e7\u00f5es que voc\u00ea fica afetam para melhor ou para pior a sua dor na coluna ou na perna (deitar, sentar, ficar em p\u00e9, ficar parado, movimentar) o problema vem da coluna.<br \/>\n<strong>3 &#8211;\u00a0<\/strong> Se al\u00e9m da dor na perna a coluna est\u00e1 travada para algum lado, geralmente para frente &#8220;encurvado para andar&#8221;, ou para um dos lados &#8220;torto lateralmente&#8221;, a coluna \u00e9 a causa dos sintomas.<br \/>\n<strong>4 &#8211;<\/strong> Quando a dor do nervo ci\u00e1tico est\u00e1 localizada abaixo do joelho, podendo chegar at\u00e9 ao p\u00e9 este sintoma s\u00f3 pode ser da coluna.<br \/>\n<strong>5 &#8211;<\/strong> Esticar a perna d\u00f3i e quando dobra a perna melhora. O nervo ci\u00e1tico est\u00e1 sendo incomodado na sua origem, na coluna vertebral.<\/p>\n<p style=\"text-align: justify;\"><strong>A maioria dos casos de dor no nervo ci\u00e1tico tem solu\u00e7\u00e3o com o nosso tratamento encontrando certas posi\u00e7\u00f5es e movimentos da coluna que centralizam e eliminam a dor como nas figuras acima. Evite cirurgia de coluna para dor no nervo ci\u00e1tico. O especialista que voc\u00ea deve procurar para tratar o nervo ci\u00e1tico \u00e9 o Fisioterapeuta e o tratamento mais eficaz para o nervo ci\u00e1tico \u00e9 o M\u00e9todo Mckenzie.<\/strong><\/p>\n<h2 style=\"text-align: center;\">Como receber ajuda com a sua dor no<br \/>\nNervo Ci\u00e1tico com origem na Coluna.<\/h2>\n<p style=\"text-align: center;\"><iframe loading=\"lazy\" src=\"https:\/\/www.youtube.com\/embed\/0fVqLasQxT4\" width=\"560\" height=\"315\" frameborder=\"0\" allowfullscreen=\"allowfullscreen\"><\/iframe><\/p>\n<p style=\"text-align: justify;\"><strong><em>Dor no nervo ci\u00e1tico, dor ci\u00e1tica, sintomas do nervo ci\u00e1tico, nervo ci\u00e1tico e dor na coluna, nervo ci\u00e1tico e h\u00e9rnia de disco, dor irradiada da coluna, tratamento para dor no nervo ci\u00e1tico em Goi\u00e2nia, dor na perna, inflama\u00e7\u00e3o no nervo ci\u00e1tico, nervo ci\u00e1tico inflamado, especialista em coluna Goi\u00e2nia, sinais e sintomas da coluna vertebral, especialista em nervo ci\u00e1tico,\u00a0fisioterapeuta Goi\u00e2nia, fisioterapia Goi\u00e2nia.<\/em><\/strong><\/p>\n","protected":false},"excerpt":{"rendered":"<p>Dor no Nervo Ci\u00e1tico Tratamento para dor no nervo ci\u00e1tico ou dor ci\u00e1tica, coluna vertebral e h\u00e9rnia de disco. Fisioterapia para o nervo ci\u00e1tico em Goi\u00e2nia. Para voc\u00ea que apresenta sintomas provenientes da coluna lombar que est\u00e3o irradiados ou espalhados para os gl\u00fateos, quadril, coxa, perna ou at\u00e9 o p\u00e9. O Diagn\u00f3stico Mec\u00e2nico com o [&hellip;]<\/p>\n","protected":false},"author":1,"featured_media":0,"parent":0,"menu_order":0,"comment_status":"closed","ping_status":"closed","template":"g1_template_page_sidebar_right.php","meta":{"footnotes":""},"class_list":["post-542","page","type-page","status-publish"],"yoast_head":"<!-- This site is optimized with the Yoast SEO plugin v22.7 - https:\/\/yoast.com\/wordpress\/plugins\/seo\/ -->\n<title>Nervo Ci\u00e1tico Tratamento em Goi\u00e2nia | Cl\u00ednica da Coluna<\/title>\n<meta name=\"description\" content=\"Tratamento para dor no nervo ci\u00e1tico, h\u00e9rnia de disco, dor na coluna, dor nas costas e nas pernas. Fisioterapia, M\u00e9todo Mckenzie.\" \/>\n<meta name=\"robots\" content=\"index, follow, max-snippet:-1, max-image-preview:large, max-video-preview:-1\" \/>\n<link rel=\"canonical\" href=\"https:\/\/www.clinicadacolunago.com.br\/site\/nervo-ciatico-tratamento-goiania\/\" \/>\n<meta property=\"og:locale\" content=\"pt_BR\" \/>\n<meta property=\"og:type\" content=\"article\" \/>\n<meta property=\"og:title\" content=\"Nervo Ci\u00e1tico Tratamento em Goi\u00e2nia | Cl\u00ednica da Coluna\" \/>\n<meta property=\"og:description\" content=\"Tratamento para dor no nervo ci\u00e1tico, h\u00e9rnia de disco, dor na coluna, dor nas costas e nas pernas. Fisioterapia, M\u00e9todo Mckenzie.\" \/>\n<meta property=\"og:url\" content=\"https:\/\/www.clinicadacolunago.com.br\/site\/nervo-ciatico-tratamento-goiania\/\" \/>\n<meta property=\"og:site_name\" content=\"Cl\u00ednica da Coluna de Goi\u00e2nia\" \/>\n<meta property=\"article:modified_time\" content=\"2026-02-20T18:02:46+00:00\" \/>\n<meta property=\"og:image\" content=\"http:\/\/www.clinicadacolunago.com.br\/site\/wp-content\/uploads\/2017\/06\/nervo-ciatico-tratamento.jpg\" \/>\n<meta name=\"twitter:card\" content=\"summary_large_image\" \/>\n<meta name=\"twitter:label1\" content=\"Est. tempo de leitura\" \/>\n\t<meta name=\"twitter:data1\" content=\"5 minutos\" \/>\n<script type=\"application\/ld+json\" class=\"yoast-schema-graph\">{\"@context\":\"https:\/\/schema.org\",\"@graph\":[{\"@type\":\"WebPage\",\"@id\":\"https:\/\/www.clinicadacolunago.com.br\/site\/nervo-ciatico-tratamento-goiania\/\",\"url\":\"https:\/\/www.clinicadacolunago.com.br\/site\/nervo-ciatico-tratamento-goiania\/\",\"name\":\"Nervo Ci\u00e1tico Tratamento em Goi\u00e2nia | Cl\u00ednica da Coluna\",\"isPartOf\":{\"@id\":\"https:\/\/www.clinicadacolunago.com.br\/site\/#website\"},\"primaryImageOfPage\":{\"@id\":\"https:\/\/www.clinicadacolunago.com.br\/site\/nervo-ciatico-tratamento-goiania\/#primaryimage\"},\"image\":{\"@id\":\"https:\/\/www.clinicadacolunago.com.br\/site\/nervo-ciatico-tratamento-goiania\/#primaryimage\"},\"thumbnailUrl\":\"http:\/\/www.clinicadacolunago.com.br\/site\/wp-content\/uploads\/2017\/06\/nervo-ciatico-tratamento.jpg\",\"datePublished\":\"2017-06-30T12:06:21+00:00\",\"dateModified\":\"2026-02-20T18:02:46+00:00\",\"description\":\"Tratamento para dor no nervo ci\u00e1tico, h\u00e9rnia de disco, dor na coluna, dor nas costas e nas pernas. Fisioterapia, M\u00e9todo Mckenzie.\",\"breadcrumb\":{\"@id\":\"https:\/\/www.clinicadacolunago.com.br\/site\/nervo-ciatico-tratamento-goiania\/#breadcrumb\"},\"inLanguage\":\"pt-BR\",\"potentialAction\":[{\"@type\":\"ReadAction\",\"target\":[\"https:\/\/www.clinicadacolunago.com.br\/site\/nervo-ciatico-tratamento-goiania\/\"]}]},{\"@type\":\"ImageObject\",\"inLanguage\":\"pt-BR\",\"@id\":\"https:\/\/www.clinicadacolunago.com.br\/site\/nervo-ciatico-tratamento-goiania\/#primaryimage\",\"url\":\"http:\/\/www.clinicadacolunago.com.br\/site\/wp-content\/uploads\/2017\/06\/nervo-ciatico-tratamento.jpg\",\"contentUrl\":\"http:\/\/www.clinicadacolunago.com.br\/site\/wp-content\/uploads\/2017\/06\/nervo-ciatico-tratamento.jpg\"},{\"@type\":\"BreadcrumbList\",\"@id\":\"https:\/\/www.clinicadacolunago.com.br\/site\/nervo-ciatico-tratamento-goiania\/#breadcrumb\",\"itemListElement\":[{\"@type\":\"ListItem\",\"position\":1,\"name\":\"In\u00edcio\",\"item\":\"https:\/\/www.clinicadacolunago.com.br\/site\/\"},{\"@type\":\"ListItem\",\"position\":2,\"name\":\"Nervo Ci\u00e1tico\"}]},{\"@type\":\"WebSite\",\"@id\":\"https:\/\/www.clinicadacolunago.com.br\/site\/#website\",\"url\":\"https:\/\/www.clinicadacolunago.com.br\/site\/\",\"name\":\"Cl\u00ednica da Coluna de Goi\u00e2nia\",\"description\":\"Tratamento para coluna e h\u00e9rnia de disco em Goi\u00e2nia\",\"potentialAction\":[{\"@type\":\"SearchAction\",\"target\":{\"@type\":\"EntryPoint\",\"urlTemplate\":\"https:\/\/www.clinicadacolunago.com.br\/site\/?s={search_term_string}\"},\"query-input\":\"required name=search_term_string\"}],\"inLanguage\":\"pt-BR\"}]}<\/script>\n<!-- \/ Yoast SEO plugin. -->","yoast_head_json":{"title":"Nervo Ci\u00e1tico Tratamento em Goi\u00e2nia | Cl\u00ednica da Coluna","description":"Tratamento para dor no nervo ci\u00e1tico, h\u00e9rnia de disco, dor na coluna, dor nas costas e nas pernas. Fisioterapia, M\u00e9todo Mckenzie.","robots":{"index":"index","follow":"follow","max-snippet":"max-snippet:-1","max-image-preview":"max-image-preview:large","max-video-preview":"max-video-preview:-1"},"canonical":"https:\/\/www.clinicadacolunago.com.br\/site\/nervo-ciatico-tratamento-goiania\/","og_locale":"pt_BR","og_type":"article","og_title":"Nervo Ci\u00e1tico Tratamento em Goi\u00e2nia | Cl\u00ednica da Coluna","og_description":"Tratamento para dor no nervo ci\u00e1tico, h\u00e9rnia de disco, dor na coluna, dor nas costas e nas pernas. Fisioterapia, M\u00e9todo Mckenzie.","og_url":"https:\/\/www.clinicadacolunago.com.br\/site\/nervo-ciatico-tratamento-goiania\/","og_site_name":"Cl\u00ednica da Coluna de Goi\u00e2nia","article_modified_time":"2026-02-20T18:02:46+00:00","og_image":[{"url":"http:\/\/www.clinicadacolunago.com.br\/site\/wp-content\/uploads\/2017\/06\/nervo-ciatico-tratamento.jpg"}],"twitter_card":"summary_large_image","twitter_misc":{"Est. tempo de leitura":"5 minutos"},"schema":{"@context":"https:\/\/schema.org","@graph":[{"@type":"WebPage","@id":"https:\/\/www.clinicadacolunago.com.br\/site\/nervo-ciatico-tratamento-goiania\/","url":"https:\/\/www.clinicadacolunago.com.br\/site\/nervo-ciatico-tratamento-goiania\/","name":"Nervo Ci\u00e1tico Tratamento em Goi\u00e2nia | Cl\u00ednica da Coluna","isPartOf":{"@id":"https:\/\/www.clinicadacolunago.com.br\/site\/#website"},"primaryImageOfPage":{"@id":"https:\/\/www.clinicadacolunago.com.br\/site\/nervo-ciatico-tratamento-goiania\/#primaryimage"},"image":{"@id":"https:\/\/www.clinicadacolunago.com.br\/site\/nervo-ciatico-tratamento-goiania\/#primaryimage"},"thumbnailUrl":"http:\/\/www.clinicadacolunago.com.br\/site\/wp-content\/uploads\/2017\/06\/nervo-ciatico-tratamento.jpg","datePublished":"2017-06-30T12:06:21+00:00","dateModified":"2026-02-20T18:02:46+00:00","description":"Tratamento para dor no nervo ci\u00e1tico, h\u00e9rnia de disco, dor na coluna, dor nas costas e nas pernas. Fisioterapia, M\u00e9todo Mckenzie.","breadcrumb":{"@id":"https:\/\/www.clinicadacolunago.com.br\/site\/nervo-ciatico-tratamento-goiania\/#breadcrumb"},"inLanguage":"pt-BR","potentialAction":[{"@type":"ReadAction","target":["https:\/\/www.clinicadacolunago.com.br\/site\/nervo-ciatico-tratamento-goiania\/"]}]},{"@type":"ImageObject","inLanguage":"pt-BR","@id":"https:\/\/www.clinicadacolunago.com.br\/site\/nervo-ciatico-tratamento-goiania\/#primaryimage","url":"http:\/\/www.clinicadacolunago.com.br\/site\/wp-content\/uploads\/2017\/06\/nervo-ciatico-tratamento.jpg","contentUrl":"http:\/\/www.clinicadacolunago.com.br\/site\/wp-content\/uploads\/2017\/06\/nervo-ciatico-tratamento.jpg"},{"@type":"BreadcrumbList","@id":"https:\/\/www.clinicadacolunago.com.br\/site\/nervo-ciatico-tratamento-goiania\/#breadcrumb","itemListElement":[{"@type":"ListItem","position":1,"name":"In\u00edcio","item":"https:\/\/www.clinicadacolunago.com.br\/site\/"},{"@type":"ListItem","position":2,"name":"Nervo Ci\u00e1tico"}]},{"@type":"WebSite","@id":"https:\/\/www.clinicadacolunago.com.br\/site\/#website","url":"https:\/\/www.clinicadacolunago.com.br\/site\/","name":"Cl\u00ednica da Coluna de Goi\u00e2nia","description":"Tratamento para coluna e h\u00e9rnia de disco em Goi\u00e2nia","potentialAction":[{"@type":"SearchAction","target":{"@type":"EntryPoint","urlTemplate":"https:\/\/www.clinicadacolunago.com.br\/site\/?s={search_term_string}"},"query-input":"required name=search_term_string"}],"inLanguage":"pt-BR"}]}},"_links":{"self":[{"href":"https:\/\/www.clinicadacolunago.com.br\/site\/wp-json\/wp\/v2\/pages\/542","targetHints":{"allow":["GET"]}}],"collection":[{"href":"https:\/\/www.clinicadacolunago.com.br\/site\/wp-json\/wp\/v2\/pages"}],"about":[{"href":"https:\/\/www.clinicadacolunago.com.br\/site\/wp-json\/wp\/v2\/types\/page"}],"author":[{"embeddable":true,"href":"https:\/\/www.clinicadacolunago.com.br\/site\/wp-json\/wp\/v2\/users\/1"}],"replies":[{"embeddable":true,"href":"https:\/\/www.clinicadacolunago.com.br\/site\/wp-json\/wp\/v2\/comments?post=542"}],"version-history":[{"count":24,"href":"https:\/\/www.clinicadacolunago.com.br\/site\/wp-json\/wp\/v2\/pages\/542\/revisions"}],"predecessor-version":[{"id":1389,"href":"https:\/\/www.clinicadacolunago.com.br\/site\/wp-json\/wp\/v2\/pages\/542\/revisions\/1389"}],"wp:attachment":[{"href":"https:\/\/www.clinicadacolunago.com.br\/site\/wp-json\/wp\/v2\/media?parent=542"}],"curies":[{"name":"wp","href":"https:\/\/api.w.org\/{rel}","templated":true}]}}