{"id":608,"date":"2017-07-05T17:46:45","date_gmt":"2017-07-05T17:46:45","guid":{"rendered":"http:\/\/www.clinicadacolunago.com.br\/site\/?page_id=608"},"modified":"2026-01-08T15:49:48","modified_gmt":"2026-01-08T15:49:48","slug":"especialista-de-coluna-goiania","status":"publish","type":"page","link":"https:\/\/www.clinicadacolunago.com.br\/site\/especialista-de-coluna-goiania\/","title":{"rendered":"Especialista em Coluna Goi\u00e2nia"},"content":{"rendered":"<p><img loading=\"lazy\" decoding=\"async\" class=\" wp-image-646 alignnone\" src=\"http:\/\/www.clinicadacolunago.com.br\/site\/wp-content\/uploads\/2017\/07\/dor-na-coluna.jpg\" alt=\"dor-na-coluna\" width=\"633\" height=\"177\" srcset=\"https:\/\/www.clinicadacolunago.com.br\/site\/wp-content\/uploads\/2017\/07\/dor-na-coluna.jpg 540w, https:\/\/www.clinicadacolunago.com.br\/site\/wp-content\/uploads\/2017\/07\/dor-na-coluna-300x84.jpg 300w, https:\/\/www.clinicadacolunago.com.br\/site\/wp-content\/uploads\/2017\/07\/dor-na-coluna-320x89.jpg 320w, https:\/\/www.clinicadacolunago.com.br\/site\/wp-content\/uploads\/2017\/07\/dor-na-coluna-239x67.jpg 239w\" sizes=\"auto, (max-width: 633px) 100vw, 633px\" \/><\/p>\n<p style=\"text-align: justify;\"><a href=\"https:\/\/www.clinicadacolunago.com.br\/site\/tratamento-para-coluna-goiania\/\">Tratamento para dor na coluna<\/a> em Goi\u00e2nia. Dr. Rondinelly Borges Mendanha, Fisioterapeuta Certificado no M\u00e9todo Mckenzie. Existem in\u00fameros mitos populares e cl\u00ednicos sobre a dor de coluna recorrente que n\u00e3o resolvem ou pioram o problema da dor. A maior verdade sobre dores na coluna comprovada por estudos \u00e9 que movimentar \u00e9 bom e que ficar parado \u00e9 ruim. O problema em 98% dos casos \u00e9 Mec\u00e2nico e pode ser resolvido rapidamente com simples movimentos identificados para o seu caso. O melhor m\u00e9dico para tratar a coluna na verdade n\u00e3o \u00e9 o ortopedista e nem o neurologista, \u00e9 o Fisioterapeuta com experi\u00eancia e certificado no M\u00e9todo Mckenzie, em que avalia as causas da sua dor com perguntas e faz testes de movimentos, certos exerc\u00edcios, para identificar as causas e te recomendar o melhor tratamento. <strong>Esta avalia\u00e7\u00e3o e tratamento s\u00e3o feitos de uma forma \u00fanica e exclusiva com o M\u00e9todo Mckenzie que utiliza perguntas espec\u00edficas e testes de movimentos repetidos, este exame cl\u00ednico \u00e9 superior a exames de imagem para detectar e tratar o problema.\u00a0<\/strong>Saiba as verdadeiras causas da maioria dos problemas de coluna que nos leva a ter dor e trate a sua coluna de forma correta e r\u00e1pida.<\/p>\n<h3 style=\"text-align: justify;\"><strong>MITOS<\/strong><\/h3>\n<p style=\"text-align: justify;\"><strong>1. A Coluna est\u00e1 Inflamada: <\/strong>Se voc\u00ea toma Anti-inflamat\u00f3rios, j\u00e1 deve ter percebido que n\u00e3o resolve, simplesmente porque seu problema \u00e9 mec\u00e2nico, s\u00f3 resolve com postura e movimento.<\/p>\n<p style=\"text-align: justify;\"><strong>2. A dor \u00e9 muscular: <\/strong>Se voc\u00ea tem epis\u00f3dios recorrentes de dor, ela varia de lugar ou intensidade, n\u00e3o alivia com o repouso e tem mais de 20 anos de idade \u00e9 muito prov\u00e1vel que sua dor n\u00e3o seja mais muscular. As fortes dores e crises s\u00e3o causadas por tecidos articulares mais internos como tend\u00f5es, ligamentos e o disco intervertebral que desloca de posi\u00e7\u00e3o.<\/p>\n<p style=\"text-align: justify;\"><strong>3. Voc\u00ea precisa de fortalecer a musculatura:<\/strong> Sua dor n\u00e3o \u00e9 causada por falta de for\u00e7a e nem vai parar de surgir se fizer fortalecimento local. Se voc\u00ea consegue sustentar a postura voc\u00ea j\u00e1 tem for\u00e7a suficiente, agora acostumar com isso \u00e9 h\u00e1bito, manter a postura correta j\u00e1 \u00e9 um processo de fortalecimento por si s\u00f3.<\/p>\n<p style=\"text-align: justify;\"><strong>4. Ficar de repouso:<\/strong> O repouso suficiente para crise forte de dor de coluna \u00e9 de no m\u00e1ximo 2 dias, passou disso voc\u00ea tem que come\u00e7ar a movimentar aos poucos. Mais repouso, mais dificuldade para recuperar e mais ir\u00e1 aumentar sua dor.<\/p>\n<p style=\"text-align: justify;\"><strong>5. Colar cervical para torcicolo ou dor no pesco\u00e7o: <\/strong>Se falta de movimento faz piorar a coluna, imagine ficar imobilizado tanto tempo com o colar cervical. N\u00e3o utilize! Movimentos espec\u00edficos podem acabar rapidamente com as dores no pesco\u00e7o ou torcicolo (desvio lateral da cabe\u00e7a) e evitar que a restri\u00e7\u00e3o de movimentos e o aumento da dor a longo prazo seja maior.<\/p>\n<p style=\"text-align: justify;\"><strong>6. Voc\u00ea tem que perder peso:<\/strong> Perder peso tem in\u00fameros benef\u00edcios, por\u00e9m para a coluna \u00e9 irrelevante. O perfil dos pacientes que procuram o nosso e outros tratamentos \u00e9 maior entre pessoas magras do que com sobrepeso. \u00c9 o estilo de vida que a pessoa leva (posturas adotadas, movimentos realizados) que determina se ela ir\u00e1 ou n\u00e3o ter problema de coluna.<\/p>\n<p style=\"text-align: justify;\"><strong>7. O problema \u00e9 heredit\u00e1rio:<\/strong> N\u00e3o! Se colocarmos pessoas sem hist\u00f3ria na fam\u00edlia de problema de coluna, magra, forte e saud\u00e1vel para executar movimentos e posturas que sabemos hoje por estudos que s\u00e3o ruins para a coluna essa pessoa ir\u00e1 desenvolver problemas s\u00e9rios de dor, independente da hist\u00f3ria gen\u00e9tica.<\/p>\n<p style=\"text-align: justify;\"><strong>8. Voc\u00ea tem que fazer um longo trabalho de acompanhamento de fisioterapia:<\/strong> N\u00e3o \u00e9 necess\u00e1rio! O que mais tem estudos e resultados comprovados para resolver o problema das dores de coluna \u00e9 orienta\u00e7\u00e3o para o pr\u00f3prio paciente se tratar. Depender de um programa de fisioterapia ou que algu\u00e9m fa\u00e7a algo por voc\u00ea (massagem, acupuntura, aparelhos, macas de tra\u00e7\u00e3o, osteopatia, quiropraxia, rem\u00e9dios, cirurgia, infiltra\u00e7\u00e3o) pode te trazer um al\u00edvio tempor\u00e1rio, mas voc\u00ea ir\u00e1 depender disso por muitos anos, aumentar seus gastos e n\u00e3o resolver\u00e1 seu problema enquanto n\u00e3o aprender a tratar dele sozinho.<\/p>\n<h2 style=\"text-align: center;\">10 coisas que voc\u00ea precisa saber<br \/>\nsobre a sua dor na Coluna.<\/h2>\n<p style=\"text-align: center;\"><iframe loading=\"lazy\" src=\"https:\/\/www.youtube.com\/embed\/sNqdHcOVxdg\" width=\"560\" height=\"315\" frameborder=\"0\" allowfullscreen=\"allowfullscreen\"><\/iframe><\/p>\n<p style=\"text-align: left;\"><strong><em>Sintomas da coluna, inflama\u00e7\u00e3o na coluna, mitos sobre dor na coluna, dor muscular da coluna, exerc\u00edcio para dor na coluna, tratamento da coluna, dor nas costas, especialista em coluna Goi\u00e2nia, fisioterapia especializada para a coluna vertebral, sinais e sintomas da coluna vertebral, doen\u00e7as da coluna vertebral,\u00a0fisioterapeuta Goi\u00e2nia, fisioterapia Goi\u00e2nia.<\/em><\/strong><\/p>\n<p><a href=\"https:\/\/www.clinicadacolunago.com.br\/site\/contato\/\">Entre em contato<\/a> para marcar sua visita.<\/p>\n","protected":false},"excerpt":{"rendered":"<p>Tratamento para dor na coluna em Goi\u00e2nia. Dr. Rondinelly Borges Mendanha, Fisioterapeuta Certificado no M\u00e9todo Mckenzie. Existem in\u00fameros mitos populares e cl\u00ednicos sobre a dor de coluna recorrente que n\u00e3o resolvem ou pioram o problema da dor. A maior verdade sobre dores na coluna comprovada por estudos \u00e9 que movimentar \u00e9 bom e que ficar [&hellip;]<\/p>\n","protected":false},"author":1,"featured_media":0,"parent":0,"menu_order":0,"comment_status":"closed","ping_status":"closed","template":"g1_template_page_sidebar_right.php","meta":{"footnotes":""},"class_list":["post-608","page","type-page","status-publish"],"yoast_head":"<!-- This site is optimized with the Yoast SEO plugin v22.7 - https:\/\/yoast.com\/wordpress\/plugins\/seo\/ -->\n<title>Especialista em Coluna Goi\u00e2nia | Dr. Rondinelly Borges - Fisiot.<\/title>\n<meta name=\"description\" content=\"Tratamento especializado para dor na coluna vertebral, h\u00e9rnia de disco, nervo ci\u00e1tico e demais problemas associados a dor nas costas e pesco\u00e7o\" \/>\n<meta name=\"robots\" content=\"index, follow, max-snippet:-1, max-image-preview:large, max-video-preview:-1\" \/>\n<link rel=\"canonical\" href=\"https:\/\/www.clinicadacolunago.com.br\/site\/especialista-de-coluna-goiania\/\" \/>\n<meta property=\"og:locale\" content=\"pt_BR\" \/>\n<meta property=\"og:type\" content=\"article\" \/>\n<meta property=\"og:title\" content=\"Especialista em Coluna Goi\u00e2nia | Dr. Rondinelly Borges - Fisiot.\" \/>\n<meta property=\"og:description\" content=\"Tratamento especializado para dor na coluna vertebral, h\u00e9rnia de disco, nervo ci\u00e1tico e demais problemas associados a dor nas costas e pesco\u00e7o\" \/>\n<meta property=\"og:url\" content=\"https:\/\/www.clinicadacolunago.com.br\/site\/especialista-de-coluna-goiania\/\" \/>\n<meta property=\"og:site_name\" content=\"Cl\u00ednica da Coluna de Goi\u00e2nia\" \/>\n<meta property=\"article:modified_time\" content=\"2026-01-08T15:49:48+00:00\" \/>\n<meta property=\"og:image\" content=\"http:\/\/www.clinicadacolunago.com.br\/site\/wp-content\/uploads\/2017\/07\/dor-na-coluna.jpg\" \/>\n<meta name=\"twitter:card\" content=\"summary_large_image\" \/>\n<meta name=\"twitter:label1\" content=\"Est. tempo de leitura\" \/>\n\t<meta name=\"twitter:data1\" content=\"5 minutos\" \/>\n<script type=\"application\/ld+json\" class=\"yoast-schema-graph\">{\"@context\":\"https:\/\/schema.org\",\"@graph\":[{\"@type\":\"WebPage\",\"@id\":\"https:\/\/www.clinicadacolunago.com.br\/site\/especialista-de-coluna-goiania\/\",\"url\":\"https:\/\/www.clinicadacolunago.com.br\/site\/especialista-de-coluna-goiania\/\",\"name\":\"Especialista em Coluna Goi\u00e2nia | Dr. Rondinelly Borges - Fisiot.\",\"isPartOf\":{\"@id\":\"https:\/\/www.clinicadacolunago.com.br\/site\/#website\"},\"primaryImageOfPage\":{\"@id\":\"https:\/\/www.clinicadacolunago.com.br\/site\/especialista-de-coluna-goiania\/#primaryimage\"},\"image\":{\"@id\":\"https:\/\/www.clinicadacolunago.com.br\/site\/especialista-de-coluna-goiania\/#primaryimage\"},\"thumbnailUrl\":\"http:\/\/www.clinicadacolunago.com.br\/site\/wp-content\/uploads\/2017\/07\/dor-na-coluna.jpg\",\"datePublished\":\"2017-07-05T17:46:45+00:00\",\"dateModified\":\"2026-01-08T15:49:48+00:00\",\"description\":\"Tratamento especializado para dor na coluna vertebral, h\u00e9rnia de disco, nervo ci\u00e1tico e demais problemas associados a dor nas costas e pesco\u00e7o\",\"breadcrumb\":{\"@id\":\"https:\/\/www.clinicadacolunago.com.br\/site\/especialista-de-coluna-goiania\/#breadcrumb\"},\"inLanguage\":\"pt-BR\",\"potentialAction\":[{\"@type\":\"ReadAction\",\"target\":[\"https:\/\/www.clinicadacolunago.com.br\/site\/especialista-de-coluna-goiania\/\"]}]},{\"@type\":\"ImageObject\",\"inLanguage\":\"pt-BR\",\"@id\":\"https:\/\/www.clinicadacolunago.com.br\/site\/especialista-de-coluna-goiania\/#primaryimage\",\"url\":\"http:\/\/www.clinicadacolunago.com.br\/site\/wp-content\/uploads\/2017\/07\/dor-na-coluna.jpg\",\"contentUrl\":\"http:\/\/www.clinicadacolunago.com.br\/site\/wp-content\/uploads\/2017\/07\/dor-na-coluna.jpg\"},{\"@type\":\"BreadcrumbList\",\"@id\":\"https:\/\/www.clinicadacolunago.com.br\/site\/especialista-de-coluna-goiania\/#breadcrumb\",\"itemListElement\":[{\"@type\":\"ListItem\",\"position\":1,\"name\":\"In\u00edcio\",\"item\":\"https:\/\/www.clinicadacolunago.com.br\/site\/\"},{\"@type\":\"ListItem\",\"position\":2,\"name\":\"Especialista em Coluna Goi\u00e2nia\"}]},{\"@type\":\"WebSite\",\"@id\":\"https:\/\/www.clinicadacolunago.com.br\/site\/#website\",\"url\":\"https:\/\/www.clinicadacolunago.com.br\/site\/\",\"name\":\"Cl\u00ednica da Coluna de Goi\u00e2nia\",\"description\":\"Tratamento para coluna e h\u00e9rnia de disco em Goi\u00e2nia\",\"potentialAction\":[{\"@type\":\"SearchAction\",\"target\":{\"@type\":\"EntryPoint\",\"urlTemplate\":\"https:\/\/www.clinicadacolunago.com.br\/site\/?s={search_term_string}\"},\"query-input\":\"required name=search_term_string\"}],\"inLanguage\":\"pt-BR\"}]}<\/script>\n<!-- \/ Yoast SEO plugin. -->","yoast_head_json":{"title":"Especialista em Coluna Goi\u00e2nia | Dr. Rondinelly Borges - Fisiot.","description":"Tratamento especializado para dor na coluna vertebral, h\u00e9rnia de disco, nervo ci\u00e1tico e demais problemas associados a dor nas costas e pesco\u00e7o","robots":{"index":"index","follow":"follow","max-snippet":"max-snippet:-1","max-image-preview":"max-image-preview:large","max-video-preview":"max-video-preview:-1"},"canonical":"https:\/\/www.clinicadacolunago.com.br\/site\/especialista-de-coluna-goiania\/","og_locale":"pt_BR","og_type":"article","og_title":"Especialista em Coluna Goi\u00e2nia | Dr. Rondinelly Borges - Fisiot.","og_description":"Tratamento especializado para dor na coluna vertebral, h\u00e9rnia de disco, nervo ci\u00e1tico e demais problemas associados a dor nas costas e pesco\u00e7o","og_url":"https:\/\/www.clinicadacolunago.com.br\/site\/especialista-de-coluna-goiania\/","og_site_name":"Cl\u00ednica da Coluna de Goi\u00e2nia","article_modified_time":"2026-01-08T15:49:48+00:00","og_image":[{"url":"http:\/\/www.clinicadacolunago.com.br\/site\/wp-content\/uploads\/2017\/07\/dor-na-coluna.jpg"}],"twitter_card":"summary_large_image","twitter_misc":{"Est. tempo de leitura":"5 minutos"},"schema":{"@context":"https:\/\/schema.org","@graph":[{"@type":"WebPage","@id":"https:\/\/www.clinicadacolunago.com.br\/site\/especialista-de-coluna-goiania\/","url":"https:\/\/www.clinicadacolunago.com.br\/site\/especialista-de-coluna-goiania\/","name":"Especialista em Coluna Goi\u00e2nia | Dr. Rondinelly Borges - Fisiot.","isPartOf":{"@id":"https:\/\/www.clinicadacolunago.com.br\/site\/#website"},"primaryImageOfPage":{"@id":"https:\/\/www.clinicadacolunago.com.br\/site\/especialista-de-coluna-goiania\/#primaryimage"},"image":{"@id":"https:\/\/www.clinicadacolunago.com.br\/site\/especialista-de-coluna-goiania\/#primaryimage"},"thumbnailUrl":"http:\/\/www.clinicadacolunago.com.br\/site\/wp-content\/uploads\/2017\/07\/dor-na-coluna.jpg","datePublished":"2017-07-05T17:46:45+00:00","dateModified":"2026-01-08T15:49:48+00:00","description":"Tratamento especializado para dor na coluna vertebral, h\u00e9rnia de disco, nervo ci\u00e1tico e demais problemas associados a dor nas costas e pesco\u00e7o","breadcrumb":{"@id":"https:\/\/www.clinicadacolunago.com.br\/site\/especialista-de-coluna-goiania\/#breadcrumb"},"inLanguage":"pt-BR","potentialAction":[{"@type":"ReadAction","target":["https:\/\/www.clinicadacolunago.com.br\/site\/especialista-de-coluna-goiania\/"]}]},{"@type":"ImageObject","inLanguage":"pt-BR","@id":"https:\/\/www.clinicadacolunago.com.br\/site\/especialista-de-coluna-goiania\/#primaryimage","url":"http:\/\/www.clinicadacolunago.com.br\/site\/wp-content\/uploads\/2017\/07\/dor-na-coluna.jpg","contentUrl":"http:\/\/www.clinicadacolunago.com.br\/site\/wp-content\/uploads\/2017\/07\/dor-na-coluna.jpg"},{"@type":"BreadcrumbList","@id":"https:\/\/www.clinicadacolunago.com.br\/site\/especialista-de-coluna-goiania\/#breadcrumb","itemListElement":[{"@type":"ListItem","position":1,"name":"In\u00edcio","item":"https:\/\/www.clinicadacolunago.com.br\/site\/"},{"@type":"ListItem","position":2,"name":"Especialista em Coluna Goi\u00e2nia"}]},{"@type":"WebSite","@id":"https:\/\/www.clinicadacolunago.com.br\/site\/#website","url":"https:\/\/www.clinicadacolunago.com.br\/site\/","name":"Cl\u00ednica da Coluna de Goi\u00e2nia","description":"Tratamento para coluna e h\u00e9rnia de disco em Goi\u00e2nia","potentialAction":[{"@type":"SearchAction","target":{"@type":"EntryPoint","urlTemplate":"https:\/\/www.clinicadacolunago.com.br\/site\/?s={search_term_string}"},"query-input":"required name=search_term_string"}],"inLanguage":"pt-BR"}]}},"_links":{"self":[{"href":"https:\/\/www.clinicadacolunago.com.br\/site\/wp-json\/wp\/v2\/pages\/608","targetHints":{"allow":["GET"]}}],"collection":[{"href":"https:\/\/www.clinicadacolunago.com.br\/site\/wp-json\/wp\/v2\/pages"}],"about":[{"href":"https:\/\/www.clinicadacolunago.com.br\/site\/wp-json\/wp\/v2\/types\/page"}],"author":[{"embeddable":true,"href":"https:\/\/www.clinicadacolunago.com.br\/site\/wp-json\/wp\/v2\/users\/1"}],"replies":[{"embeddable":true,"href":"https:\/\/www.clinicadacolunago.com.br\/site\/wp-json\/wp\/v2\/comments?post=608"}],"version-history":[{"count":21,"href":"https:\/\/www.clinicadacolunago.com.br\/site\/wp-json\/wp\/v2\/pages\/608\/revisions"}],"predecessor-version":[{"id":1345,"href":"https:\/\/www.clinicadacolunago.com.br\/site\/wp-json\/wp\/v2\/pages\/608\/revisions\/1345"}],"wp:attachment":[{"href":"https:\/\/www.clinicadacolunago.com.br\/site\/wp-json\/wp\/v2\/media?parent=608"}],"curies":[{"name":"wp","href":"https:\/\/api.w.org\/{rel}","templated":true}]}}