{"id":610,"date":"2017-07-05T17:47:13","date_gmt":"2017-07-05T17:47:13","guid":{"rendered":"http:\/\/www.clinicadacolunago.com.br\/site\/?page_id=610"},"modified":"2026-01-08T15:43:22","modified_gmt":"2026-01-08T15:43:22","slug":"tratamento-para-coluna-sem-cirurgia-goiania","status":"publish","type":"page","link":"https:\/\/www.clinicadacolunago.com.br\/site\/tratamento-para-coluna-sem-cirurgia-goiania\/","title":{"rendered":"Tratamento para coluna sem cirurgia"},"content":{"rendered":"<p><img loading=\"lazy\" decoding=\"async\" class=\" wp-image-650 alignnone\" src=\"http:\/\/www.clinicadacolunago.com.br\/site\/wp-content\/uploads\/2017\/07\/cirurgia-coluna-goiania.jpg\" alt=\"cirurgia-coluna-goiania\" width=\"633\" height=\"177\" srcset=\"https:\/\/www.clinicadacolunago.com.br\/site\/wp-content\/uploads\/2017\/07\/cirurgia-coluna-goiania.jpg 540w, https:\/\/www.clinicadacolunago.com.br\/site\/wp-content\/uploads\/2017\/07\/cirurgia-coluna-goiania-300x84.jpg 300w, https:\/\/www.clinicadacolunago.com.br\/site\/wp-content\/uploads\/2017\/07\/cirurgia-coluna-goiania-320x89.jpg 320w, https:\/\/www.clinicadacolunago.com.br\/site\/wp-content\/uploads\/2017\/07\/cirurgia-coluna-goiania-239x67.jpg 239w\" sizes=\"auto, (max-width: 633px) 100vw, 633px\" \/><\/p>\n<p style=\"text-align: justify;\">Tratamento para dor na coluna, <a href=\"https:\/\/www.clinicadacolunago.com.br\/site\/hernia-de-disco-tratamento-goiania\/\">h\u00e9rnia de disco<\/a>, nervo ci\u00e1tico e demais problemas de coluna, sem cirurgia em Goi\u00e2nia. Evite cirurgia de Coluna! A maioria dos que sofrem de dor nas costas ou no pesco\u00e7o s\u00e3o submetidos a cirurgias desnecess\u00e1rias, porque n\u00e3o tiveram antes a oportunidade de ser devidamente avaliado para ver se o problema ainda poderia ser rapidamente revertido. At\u00e9 mesmo no momento em que a cirurgia foi recomendada, pelo menos tr\u00eas estudos publicados referem que o problema ainda assim \u00e9 revers\u00edvel e pode ainda ser rapidamente resolvido, normalmente com exerc\u00edcios simples, sem mais necessidade de cirurgia, visitas m\u00e9dicas, medicamentos, exames e outros maiores gastos.<\/p>\n<h3 style=\"text-align: justify;\"><strong>A SOLU\u00c7\u00c3O \u00c9 R\u00c1PIDA E EFICAZ<\/strong><\/h3>\n<p style=\"text-align: justify;\">Ent\u00e3o, se a dor nas costas \u00e9 aguda ou cr\u00f4nica, ou est\u00e1 \u00e0 beira da cirurgia, se for avaliado por um profissional capacitado no <strong>M\u00e9todo Mckenzie<\/strong> e encontrado que ir\u00e1 ser &#8220;rapidamente revers\u00edvel&#8221;, a recupera\u00e7\u00e3o geralmente pode ser r\u00e1pida e f\u00e1cil. Assim, a boa not\u00edcia \u00e9 que casos de dor na coluna rapidamente revers\u00edvel s\u00e3o muito comuns seja na regi\u00e3o lombar (nas costas) ou cervical (no pesco\u00e7o). <strong>O melhor tratamento para problemas de coluna sem d\u00favida s\u00e3o os tratamentos que lidam com a sua dor atrav\u00e9s de perguntas e testes de movimentos, visto que a maioria dos problemas de dor na coluna s\u00e3o de origem articular e respondem muito bem exerc\u00edcio que \u00e9 um procedimento n\u00e3o invasivo e o melhor sistema desenvolvido at\u00e9 hoje no mundo para isso se chama M\u00e9todo Mckenzie de diagn\u00f3stico e Terapia Mec\u00e2nica.<\/strong><\/p>\n<p style=\"text-align: justify;\">Se voc\u00ea n\u00e3o operar da h\u00e9rnia de disco n\u00e3o ir\u00e1 acontecer nada de grave, na verdade evitar este tipo de procedimento cir\u00fargico para h\u00e9rnia de disco \u00e9 o melhor benef\u00edcio que voc\u00ea pode ter para o problema ser revertido sem nenhum outro risco oferecido pela cirurgia.<\/p>\n<h3><strong>ISTO \u00c9 MUITO IMPORTANTE PARA<\/strong><\/h3>\n<p><strong>1 &#8211;<\/strong> Todos aqueles pacientes com dores e problemas diversos de coluna.<br \/>\n<strong>2 &#8211;<\/strong> Todos os m\u00e9dicos e terapeutas com a inten\u00e7\u00e3o de ajudar seus pacientes a recuperar rapidamente e evitar a cirurgia.<br \/>\n<strong>3 &#8211;<\/strong> Todos os planos de sa\u00fade que rotineiramente gastam com desnecess\u00e1rias interven\u00e7\u00f5es diagn\u00f3sticas e terap\u00eauticas.<\/p>\n<h2><\/h2>\n<h2 style=\"text-align: center;\">Porqu\u00ea evitar a cirurgia de Coluna.<br \/>\nDr. Rondinelly Borges Mendanha<\/h2>\n<p style=\"text-align: center;\"><iframe loading=\"lazy\" src=\"https:\/\/www.youtube.com\/embed\/5N6q4khDPZI\" width=\"560\" height=\"315\" frameborder=\"0\" allowfullscreen=\"allowfullscreen\"><\/iframe><\/p>\n<p>&nbsp;<\/p>\n<p style=\"text-align: left;\"><strong><em>Cirurgia de coluna, tratamento n\u00e3o cir\u00fargico da coluna, tratamento da coluna vertebral, tratamento da coluna sem medicamentos, tratamento da coluna sem exames m\u00e9dicos, m\u00e9todo mckenzie de tratamento da coluna, especialista em coluna goi\u00e2nia, especialista em h\u00e9rnia de disco, sinais e sintomas da coluna vertebral, fisioterapeuta Goi\u00e2nia, fisioterapia Goi\u00e2nia.<\/em><\/strong><\/p>\n","protected":false},"excerpt":{"rendered":"<p>Tratamento para dor na coluna, h\u00e9rnia de disco, nervo ci\u00e1tico e demais problemas de coluna, sem cirurgia em Goi\u00e2nia. Evite cirurgia de Coluna! A maioria dos que sofrem de dor nas costas ou no pesco\u00e7o s\u00e3o submetidos a cirurgias desnecess\u00e1rias, porque n\u00e3o tiveram antes a oportunidade de ser devidamente avaliado para ver se o problema [&hellip;]<\/p>\n","protected":false},"author":1,"featured_media":0,"parent":0,"menu_order":0,"comment_status":"closed","ping_status":"closed","template":"g1_template_page_sidebar_right.php","meta":{"footnotes":""},"class_list":["post-610","page","type-page","status-publish"],"yoast_head":"<!-- This site is optimized with the Yoast SEO plugin v22.7 - https:\/\/yoast.com\/wordpress\/plugins\/seo\/ -->\n<title>Tratamento para Coluna sem cirurgia - Cl\u00ednica da Coluna Goi\u00e2nia<\/title>\n<meta name=\"description\" content=\"Tratamento para dor na coluna vertebral, h\u00e9rnia de disco, nervo ci\u00e1tico, artrose, sem cirurgia em Goi\u00e2nia. Fisioterapia, M\u00e9todo Mckenzie.\" \/>\n<meta name=\"robots\" content=\"index, follow, max-snippet:-1, max-image-preview:large, max-video-preview:-1\" \/>\n<link rel=\"canonical\" href=\"https:\/\/www.clinicadacolunago.com.br\/site\/tratamento-para-coluna-sem-cirurgia-goiania\/\" \/>\n<meta property=\"og:locale\" content=\"pt_BR\" \/>\n<meta property=\"og:type\" content=\"article\" \/>\n<meta property=\"og:title\" content=\"Tratamento para Coluna sem cirurgia - Cl\u00ednica da Coluna Goi\u00e2nia\" \/>\n<meta property=\"og:description\" content=\"Tratamento para dor na coluna vertebral, h\u00e9rnia de disco, nervo ci\u00e1tico, artrose, sem cirurgia em Goi\u00e2nia. Fisioterapia, M\u00e9todo Mckenzie.\" \/>\n<meta property=\"og:url\" content=\"https:\/\/www.clinicadacolunago.com.br\/site\/tratamento-para-coluna-sem-cirurgia-goiania\/\" \/>\n<meta property=\"og:site_name\" content=\"Cl\u00ednica da Coluna de Goi\u00e2nia\" \/>\n<meta property=\"article:modified_time\" content=\"2026-01-08T15:43:22+00:00\" \/>\n<meta property=\"og:image\" content=\"http:\/\/www.clinicadacolunago.com.br\/site\/wp-content\/uploads\/2017\/07\/cirurgia-coluna-goiania.jpg\" \/>\n<meta name=\"twitter:card\" content=\"summary_large_image\" \/>\n<meta name=\"twitter:label1\" content=\"Est. tempo de leitura\" \/>\n\t<meta name=\"twitter:data1\" content=\"3 minutos\" \/>\n<script type=\"application\/ld+json\" class=\"yoast-schema-graph\">{\"@context\":\"https:\/\/schema.org\",\"@graph\":[{\"@type\":\"WebPage\",\"@id\":\"https:\/\/www.clinicadacolunago.com.br\/site\/tratamento-para-coluna-sem-cirurgia-goiania\/\",\"url\":\"https:\/\/www.clinicadacolunago.com.br\/site\/tratamento-para-coluna-sem-cirurgia-goiania\/\",\"name\":\"Tratamento para Coluna sem cirurgia - Cl\u00ednica da Coluna Goi\u00e2nia\",\"isPartOf\":{\"@id\":\"https:\/\/www.clinicadacolunago.com.br\/site\/#website\"},\"primaryImageOfPage\":{\"@id\":\"https:\/\/www.clinicadacolunago.com.br\/site\/tratamento-para-coluna-sem-cirurgia-goiania\/#primaryimage\"},\"image\":{\"@id\":\"https:\/\/www.clinicadacolunago.com.br\/site\/tratamento-para-coluna-sem-cirurgia-goiania\/#primaryimage\"},\"thumbnailUrl\":\"http:\/\/www.clinicadacolunago.com.br\/site\/wp-content\/uploads\/2017\/07\/cirurgia-coluna-goiania.jpg\",\"datePublished\":\"2017-07-05T17:47:13+00:00\",\"dateModified\":\"2026-01-08T15:43:22+00:00\",\"description\":\"Tratamento para dor na coluna vertebral, h\u00e9rnia de disco, nervo ci\u00e1tico, artrose, sem cirurgia em Goi\u00e2nia. Fisioterapia, M\u00e9todo Mckenzie.\",\"breadcrumb\":{\"@id\":\"https:\/\/www.clinicadacolunago.com.br\/site\/tratamento-para-coluna-sem-cirurgia-goiania\/#breadcrumb\"},\"inLanguage\":\"pt-BR\",\"potentialAction\":[{\"@type\":\"ReadAction\",\"target\":[\"https:\/\/www.clinicadacolunago.com.br\/site\/tratamento-para-coluna-sem-cirurgia-goiania\/\"]}]},{\"@type\":\"ImageObject\",\"inLanguage\":\"pt-BR\",\"@id\":\"https:\/\/www.clinicadacolunago.com.br\/site\/tratamento-para-coluna-sem-cirurgia-goiania\/#primaryimage\",\"url\":\"http:\/\/www.clinicadacolunago.com.br\/site\/wp-content\/uploads\/2017\/07\/cirurgia-coluna-goiania.jpg\",\"contentUrl\":\"http:\/\/www.clinicadacolunago.com.br\/site\/wp-content\/uploads\/2017\/07\/cirurgia-coluna-goiania.jpg\"},{\"@type\":\"BreadcrumbList\",\"@id\":\"https:\/\/www.clinicadacolunago.com.br\/site\/tratamento-para-coluna-sem-cirurgia-goiania\/#breadcrumb\",\"itemListElement\":[{\"@type\":\"ListItem\",\"position\":1,\"name\":\"In\u00edcio\",\"item\":\"https:\/\/www.clinicadacolunago.com.br\/site\/\"},{\"@type\":\"ListItem\",\"position\":2,\"name\":\"Tratamento para coluna sem cirurgia\"}]},{\"@type\":\"WebSite\",\"@id\":\"https:\/\/www.clinicadacolunago.com.br\/site\/#website\",\"url\":\"https:\/\/www.clinicadacolunago.com.br\/site\/\",\"name\":\"Cl\u00ednica da Coluna de Goi\u00e2nia\",\"description\":\"Tratamento para coluna e h\u00e9rnia de disco em Goi\u00e2nia\",\"potentialAction\":[{\"@type\":\"SearchAction\",\"target\":{\"@type\":\"EntryPoint\",\"urlTemplate\":\"https:\/\/www.clinicadacolunago.com.br\/site\/?s={search_term_string}\"},\"query-input\":\"required name=search_term_string\"}],\"inLanguage\":\"pt-BR\"}]}<\/script>\n<!-- \/ Yoast SEO plugin. -->","yoast_head_json":{"title":"Tratamento para Coluna sem cirurgia - Cl\u00ednica da Coluna Goi\u00e2nia","description":"Tratamento para dor na coluna vertebral, h\u00e9rnia de disco, nervo ci\u00e1tico, artrose, sem cirurgia em Goi\u00e2nia. Fisioterapia, M\u00e9todo Mckenzie.","robots":{"index":"index","follow":"follow","max-snippet":"max-snippet:-1","max-image-preview":"max-image-preview:large","max-video-preview":"max-video-preview:-1"},"canonical":"https:\/\/www.clinicadacolunago.com.br\/site\/tratamento-para-coluna-sem-cirurgia-goiania\/","og_locale":"pt_BR","og_type":"article","og_title":"Tratamento para Coluna sem cirurgia - Cl\u00ednica da Coluna Goi\u00e2nia","og_description":"Tratamento para dor na coluna vertebral, h\u00e9rnia de disco, nervo ci\u00e1tico, artrose, sem cirurgia em Goi\u00e2nia. Fisioterapia, M\u00e9todo Mckenzie.","og_url":"https:\/\/www.clinicadacolunago.com.br\/site\/tratamento-para-coluna-sem-cirurgia-goiania\/","og_site_name":"Cl\u00ednica da Coluna de Goi\u00e2nia","article_modified_time":"2026-01-08T15:43:22+00:00","og_image":[{"url":"http:\/\/www.clinicadacolunago.com.br\/site\/wp-content\/uploads\/2017\/07\/cirurgia-coluna-goiania.jpg"}],"twitter_card":"summary_large_image","twitter_misc":{"Est. tempo de leitura":"3 minutos"},"schema":{"@context":"https:\/\/schema.org","@graph":[{"@type":"WebPage","@id":"https:\/\/www.clinicadacolunago.com.br\/site\/tratamento-para-coluna-sem-cirurgia-goiania\/","url":"https:\/\/www.clinicadacolunago.com.br\/site\/tratamento-para-coluna-sem-cirurgia-goiania\/","name":"Tratamento para Coluna sem cirurgia - Cl\u00ednica da Coluna Goi\u00e2nia","isPartOf":{"@id":"https:\/\/www.clinicadacolunago.com.br\/site\/#website"},"primaryImageOfPage":{"@id":"https:\/\/www.clinicadacolunago.com.br\/site\/tratamento-para-coluna-sem-cirurgia-goiania\/#primaryimage"},"image":{"@id":"https:\/\/www.clinicadacolunago.com.br\/site\/tratamento-para-coluna-sem-cirurgia-goiania\/#primaryimage"},"thumbnailUrl":"http:\/\/www.clinicadacolunago.com.br\/site\/wp-content\/uploads\/2017\/07\/cirurgia-coluna-goiania.jpg","datePublished":"2017-07-05T17:47:13+00:00","dateModified":"2026-01-08T15:43:22+00:00","description":"Tratamento para dor na coluna vertebral, h\u00e9rnia de disco, nervo ci\u00e1tico, artrose, sem cirurgia em Goi\u00e2nia. Fisioterapia, M\u00e9todo Mckenzie.","breadcrumb":{"@id":"https:\/\/www.clinicadacolunago.com.br\/site\/tratamento-para-coluna-sem-cirurgia-goiania\/#breadcrumb"},"inLanguage":"pt-BR","potentialAction":[{"@type":"ReadAction","target":["https:\/\/www.clinicadacolunago.com.br\/site\/tratamento-para-coluna-sem-cirurgia-goiania\/"]}]},{"@type":"ImageObject","inLanguage":"pt-BR","@id":"https:\/\/www.clinicadacolunago.com.br\/site\/tratamento-para-coluna-sem-cirurgia-goiania\/#primaryimage","url":"http:\/\/www.clinicadacolunago.com.br\/site\/wp-content\/uploads\/2017\/07\/cirurgia-coluna-goiania.jpg","contentUrl":"http:\/\/www.clinicadacolunago.com.br\/site\/wp-content\/uploads\/2017\/07\/cirurgia-coluna-goiania.jpg"},{"@type":"BreadcrumbList","@id":"https:\/\/www.clinicadacolunago.com.br\/site\/tratamento-para-coluna-sem-cirurgia-goiania\/#breadcrumb","itemListElement":[{"@type":"ListItem","position":1,"name":"In\u00edcio","item":"https:\/\/www.clinicadacolunago.com.br\/site\/"},{"@type":"ListItem","position":2,"name":"Tratamento para coluna sem cirurgia"}]},{"@type":"WebSite","@id":"https:\/\/www.clinicadacolunago.com.br\/site\/#website","url":"https:\/\/www.clinicadacolunago.com.br\/site\/","name":"Cl\u00ednica da Coluna de Goi\u00e2nia","description":"Tratamento para coluna e h\u00e9rnia de disco em Goi\u00e2nia","potentialAction":[{"@type":"SearchAction","target":{"@type":"EntryPoint","urlTemplate":"https:\/\/www.clinicadacolunago.com.br\/site\/?s={search_term_string}"},"query-input":"required name=search_term_string"}],"inLanguage":"pt-BR"}]}},"_links":{"self":[{"href":"https:\/\/www.clinicadacolunago.com.br\/site\/wp-json\/wp\/v2\/pages\/610","targetHints":{"allow":["GET"]}}],"collection":[{"href":"https:\/\/www.clinicadacolunago.com.br\/site\/wp-json\/wp\/v2\/pages"}],"about":[{"href":"https:\/\/www.clinicadacolunago.com.br\/site\/wp-json\/wp\/v2\/types\/page"}],"author":[{"embeddable":true,"href":"https:\/\/www.clinicadacolunago.com.br\/site\/wp-json\/wp\/v2\/users\/1"}],"replies":[{"embeddable":true,"href":"https:\/\/www.clinicadacolunago.com.br\/site\/wp-json\/wp\/v2\/comments?post=610"}],"version-history":[{"count":43,"href":"https:\/\/www.clinicadacolunago.com.br\/site\/wp-json\/wp\/v2\/pages\/610\/revisions"}],"predecessor-version":[{"id":1329,"href":"https:\/\/www.clinicadacolunago.com.br\/site\/wp-json\/wp\/v2\/pages\/610\/revisions\/1329"}],"wp:attachment":[{"href":"https:\/\/www.clinicadacolunago.com.br\/site\/wp-json\/wp\/v2\/media?parent=610"}],"curies":[{"name":"wp","href":"https:\/\/api.w.org\/{rel}","templated":true}]}}