{"id":616,"date":"2017-07-05T17:50:19","date_gmt":"2017-07-05T17:50:19","guid":{"rendered":"http:\/\/www.clinicadacolunago.com.br\/site\/?page_id=616"},"modified":"2026-01-08T15:24:17","modified_gmt":"2026-01-08T15:24:17","slug":"coluna-lombar-tratamento-goiania","status":"publish","type":"page","link":"https:\/\/www.clinicadacolunago.com.br\/site\/coluna-lombar-tratamento-goiania\/","title":{"rendered":"Coluna Lombar e Costas"},"content":{"rendered":"<p style=\"text-align: justify;\"><img loading=\"lazy\" decoding=\"async\" class=\" wp-image-633 alignnone\" src=\"http:\/\/www.clinicadacolunago.com.br\/site\/wp-content\/uploads\/2017\/07\/coluna-lombar-tratamento.png\" alt=\"coluna-lombar-tratamento\" width=\"634\" height=\"188\" srcset=\"https:\/\/www.clinicadacolunago.com.br\/site\/wp-content\/uploads\/2017\/07\/coluna-lombar-tratamento.png 627w, https:\/\/www.clinicadacolunago.com.br\/site\/wp-content\/uploads\/2017\/07\/coluna-lombar-tratamento-300x89.png 300w, https:\/\/www.clinicadacolunago.com.br\/site\/wp-content\/uploads\/2017\/07\/coluna-lombar-tratamento-320x95.png 320w, https:\/\/www.clinicadacolunago.com.br\/site\/wp-content\/uploads\/2017\/07\/coluna-lombar-tratamento-239x71.png 239w\" sizes=\"auto, (max-width: 634px) 100vw, 634px\" \/><\/p>\n<p style=\"text-align: justify;\"><strong>Tratamento para dor na coluna lombar ou lombalgia, dor nas costas utilizando o M\u00e9todo Mckenzie de Diagn\u00f3stico e Terapia Mec\u00e2nica. S\u00e3o resumos de artigos de pesquisa, que acompanham um grupo de pacientes ao longo de uma ou mais interven\u00e7\u00f5es. Todos os artigos desta se\u00e7\u00e3o foram publicados em revistas com conselho editorial. <a href=\"https:\/\/www.clinicadacolunago.com.br\/site\/tratamento-para-coluna-goiania\/\">Tratamento da Coluna Lombar<\/a>. Aprenda a cuidar da sua coluna e viva sem dor. <\/strong><\/p>\n<p style=\"text-align: justify;\"><strong>1.<\/strong> Ap\u00f3s a introdu\u00e7\u00e3o de um fisioterapeuta treinado em McKenzie para tratar empregados de um hospital, os dias perdidos de trabalho devido a dor lombar ca\u00edram cerca de 52%, o n\u00famero de empregados ausentes devido a dor lombar caiu cerca de 27%, e o n\u00famero de epis\u00f3dios de absente\u00edsmo devido a dor lombar caiu cerca de 30%.<br \/>\n<strong>(Owen J E, Orpen N, Ayris K, Birch N C, Very early McKenzie protocol intervention for back pain in hospital workers. JBJS ; 82B. Supp III. 212 (abstract), 2000.)<\/strong><\/p>\n<p style=\"text-align: justify;\"><strong>2.<\/strong> Pacientes com dor lombar cr\u00f4nica diminu\u00edram a dor na escala visual an\u00e1loga, aumentaram a amplitude de movimento lombar, reduziram a atividade eletromiogr\u00e1fica e diminu\u00edram os n\u00edveis da subst\u00e2ncia P (subst\u00e2ncia respons\u00e1vel pela dor), ap\u00f3s um programa de seis semanas de tratamento com procedimentos de extens\u00e3o McKenzie.<br \/>\n<strong>(Adams N, Psychophysiological and Neurochemical Substrates of Chronic Low Back Pain and Modulation by Treatment. Physiotherapy; 79:2;86, 1996.)<\/strong><\/p>\n<p style=\"text-align: justify;\"><strong>3.<\/strong> 314 soldados distribu\u00eddos aleatoriamente em 2 grupos: um grupo recebeu sess\u00f5es te\u00f3ricas baseadas no livro &#8220;Trate voc\u00ea mesmo a sua coluna&#8221;, ensino sobre o modelo disco vertebral e instru\u00e7\u00e3o para fazer extens\u00e3o deitado 15 repeti\u00e7\u00f5es duas vezes por dia, no per\u00edodo de servi\u00e7o militar. 214 (68%) fizeram o acompanhamento em 12 meses. A preval\u00eancia de dor lombar no grupo experimental em um ano foi de 33%, comparada com 51% no grupo de controle. N\u00famero de pacientes que procuraram ajuda m\u00e9dica para dor lombar tamb\u00e9m foi significativamente menor (9% a 25%). Daqueles que relataram dor lombar no in\u00edcio, a preval\u00eancia em um ano foi de 45% a 80%.<br \/>\n<strong>(Larsen K, Weidick F, Leboeuf-Yde C, Can passive prone extensions of the back prevent back problems?: a randomized, controlled intervention trial of 314 military conscripts. Spine; Dec 15;27(24):2747-52, 2002.)<\/strong><\/p>\n<p style=\"text-align: justify;\"><strong>4.<\/strong> 12 pacientes com dor lombar aguda distribu\u00eddos aleatoriamente entre 2 grupos de tratamento. Em 3 semanas, houve diferen\u00e7as significativas entre os grupos com rela\u00e7\u00e3o a dor, mobilidade e incapacidade. O grupo McKenzie melhorou 18 pontos na escala visual an\u00e1loga de dor, o grupo Maitland piorou 16 pontos.<br \/>\n<strong>(Kay M A, Helewa A, The effects of Maitland and McKenzie techniques in the musculoskeletal management of low back pain: A pilot study. Physical Therapy; 74.5.S59, 1994.)<\/strong><\/p>\n<p style=\"text-align: justify;\"><strong>5.<\/strong> 260 pacientes com dor lombar cr\u00f4nica acompanhados em 2 e 8 meses depois de um per\u00edodo de oito semanas de tratamento. A an\u00e1lise da inten\u00e7\u00e3o de tratar em ambos os grupos melhorou modestamente, o grupo McKenzie favorecido aos 2 meses. Os resultados foram melhores e as diferen\u00e7as favorecendo o grupo McKenzie foram mais significativas entre aqueles que realmente completaram o tratamento.<br \/>\n<strong>(Petersen T, Kryger P, Ekdahl C, Olsen S, Jacobsen S, The effect of McKenzie therapy as compared with that of intensive strengthening training for the treatment of patients with subacute or chronic low back pain: A randomized controlled trial. Spine; Aug 15;27(16):1702-9, 2002.)<\/strong><\/p>\n<p style=\"text-align: justify;\"><strong>6.<\/strong> Revis\u00e3o retrospectiva de anota\u00e7\u00f5es de 27 pacientes tratados com McKenzie; 74% recuperaram rapidamente.<br \/>\n(Fowler B, Oyekoya O, The therapeutic efficacy of McKenzie concept in the management of low back pain. <strong>(abstract) Proceedings 12th International Congress World Confederation Physical Therapists, Washington DC, USA. June 25-30, 1995.)<\/strong><\/p>\n<p style=\"text-align: justify;\"><strong>7.<\/strong> Estudo controlado de 40 pacientes tratados com McKenzie e com reabilita\u00e7\u00e3o funcional; 14 pacientes livres de dor, 36\/40 desarranjos; 18\/36 demonstraram centraliza\u00e7\u00e3o (bom progn\u00f3stico).<br \/>\n<strong>(Gard G, Gille K A, Degerfeldt L, McKenzie method and functional training in back pain rehabilitation. A brief review including results from a four-week rehabilitation programme. Physical Therapy Reviews; 5; 107-115, 2000.)<\/strong><\/p>\n<p style=\"text-align: justify;\"><strong>8.<\/strong> 67 pacientes com h\u00e9rnia de disco e sinais de raiz nervosa receberam exerc\u00edcios de extens\u00e3o Mckenzie. Entre os que melhoraram, 34\/35 (97%) alcan\u00e7aram extens\u00e3o completa. 32 foram para cirurgia, entre os quais apenas 2 (6%) foram capazes de estender. A habilidade de alcan\u00e7ar extens\u00e3o completa passiva relacionou-se com boa resposta ao tratamento conservativo, e isto foi alcan\u00e7ado pela maioria em poucos dias. Foram achados sequestros (pior est\u00e1gio da h\u00e9rnia de disco) em 56% dos que foram para a cirurgia.<br \/>\n<strong>(Kopp J R, Alexander A H, Turocy R H, Levrini M G, Lichtman D M, The use of lumbar extension in the evaluation and treatment of patients with acute herniated nucleus pulposus. A preliminary report. Clin Orthop; Jan;(202):211-8, 1986.)<\/strong><\/p>\n<p style=\"text-align: left;\"><em>Dor na coluna lombar, lombalgia, dor nas costas, coluna travada, estudos sobre dor na coluna lombar, tratamento da coluna lombar, especialista em coluna lombar Goi\u00e2nia, sinais e sintomas da coluna lombar, fisioterapeuta Goi\u00e2nia, fisioterapia Goi\u00e2nia.<\/em><\/p>\n","protected":false},"excerpt":{"rendered":"<p>Tratamento para dor na coluna lombar ou lombalgia, dor nas costas utilizando o M\u00e9todo Mckenzie de Diagn\u00f3stico e Terapia Mec\u00e2nica. S\u00e3o resumos de artigos de pesquisa, que acompanham um grupo de pacientes ao longo de uma ou mais interven\u00e7\u00f5es. Todos os artigos desta se\u00e7\u00e3o foram publicados em revistas com conselho editorial. Tratamento da Coluna Lombar. [&hellip;]<\/p>\n","protected":false},"author":1,"featured_media":0,"parent":0,"menu_order":0,"comment_status":"closed","ping_status":"closed","template":"g1_template_page_sidebar_right.php","meta":{"footnotes":""},"class_list":["post-616","page","type-page","status-publish"],"yoast_head":"<!-- This site is optimized with the Yoast SEO plugin v22.7 - https:\/\/yoast.com\/wordpress\/plugins\/seo\/ -->\n<title>Coluna Lombar e dor nas costas, Tratamento em Goi\u00e2nia<\/title>\n<meta name=\"description\" content=\"Tratamento para a dor na coluna lombar, lombalgia, h\u00e9rnia de disco, dor nas costas, nervo ci\u00e1tico. Fisioterapia Ortop\u00e9dica - M\u00e9todo McKenzie.\" \/>\n<meta name=\"robots\" content=\"index, follow, max-snippet:-1, max-image-preview:large, max-video-preview:-1\" \/>\n<link rel=\"canonical\" href=\"https:\/\/www.clinicadacolunago.com.br\/site\/coluna-lombar-tratamento-goiania\/\" \/>\n<meta property=\"og:locale\" content=\"pt_BR\" \/>\n<meta property=\"og:type\" content=\"article\" \/>\n<meta property=\"og:title\" content=\"Coluna Lombar e dor nas costas, Tratamento em Goi\u00e2nia\" \/>\n<meta property=\"og:description\" content=\"Tratamento para a dor na coluna lombar, lombalgia, h\u00e9rnia de disco, dor nas costas, nervo ci\u00e1tico. Fisioterapia Ortop\u00e9dica - M\u00e9todo McKenzie.\" \/>\n<meta property=\"og:url\" content=\"https:\/\/www.clinicadacolunago.com.br\/site\/coluna-lombar-tratamento-goiania\/\" \/>\n<meta property=\"og:site_name\" content=\"Cl\u00ednica da Coluna de Goi\u00e2nia\" \/>\n<meta property=\"article:modified_time\" content=\"2026-01-08T15:24:17+00:00\" \/>\n<meta property=\"og:image\" content=\"http:\/\/www.clinicadacolunago.com.br\/site\/wp-content\/uploads\/2017\/07\/coluna-lombar-tratamento.png\" \/>\n<meta name=\"twitter:card\" content=\"summary_large_image\" \/>\n<meta name=\"twitter:label1\" content=\"Est. tempo de leitura\" \/>\n\t<meta name=\"twitter:data1\" content=\"5 minutos\" \/>\n<script type=\"application\/ld+json\" class=\"yoast-schema-graph\">{\"@context\":\"https:\/\/schema.org\",\"@graph\":[{\"@type\":\"WebPage\",\"@id\":\"https:\/\/www.clinicadacolunago.com.br\/site\/coluna-lombar-tratamento-goiania\/\",\"url\":\"https:\/\/www.clinicadacolunago.com.br\/site\/coluna-lombar-tratamento-goiania\/\",\"name\":\"Coluna Lombar e dor nas costas, Tratamento em Goi\u00e2nia\",\"isPartOf\":{\"@id\":\"https:\/\/www.clinicadacolunago.com.br\/site\/#website\"},\"primaryImageOfPage\":{\"@id\":\"https:\/\/www.clinicadacolunago.com.br\/site\/coluna-lombar-tratamento-goiania\/#primaryimage\"},\"image\":{\"@id\":\"https:\/\/www.clinicadacolunago.com.br\/site\/coluna-lombar-tratamento-goiania\/#primaryimage\"},\"thumbnailUrl\":\"http:\/\/www.clinicadacolunago.com.br\/site\/wp-content\/uploads\/2017\/07\/coluna-lombar-tratamento.png\",\"datePublished\":\"2017-07-05T17:50:19+00:00\",\"dateModified\":\"2026-01-08T15:24:17+00:00\",\"description\":\"Tratamento para a dor na coluna lombar, lombalgia, h\u00e9rnia de disco, dor nas costas, nervo ci\u00e1tico. Fisioterapia Ortop\u00e9dica - M\u00e9todo McKenzie.\",\"breadcrumb\":{\"@id\":\"https:\/\/www.clinicadacolunago.com.br\/site\/coluna-lombar-tratamento-goiania\/#breadcrumb\"},\"inLanguage\":\"pt-BR\",\"potentialAction\":[{\"@type\":\"ReadAction\",\"target\":[\"https:\/\/www.clinicadacolunago.com.br\/site\/coluna-lombar-tratamento-goiania\/\"]}]},{\"@type\":\"ImageObject\",\"inLanguage\":\"pt-BR\",\"@id\":\"https:\/\/www.clinicadacolunago.com.br\/site\/coluna-lombar-tratamento-goiania\/#primaryimage\",\"url\":\"http:\/\/www.clinicadacolunago.com.br\/site\/wp-content\/uploads\/2017\/07\/coluna-lombar-tratamento.png\",\"contentUrl\":\"http:\/\/www.clinicadacolunago.com.br\/site\/wp-content\/uploads\/2017\/07\/coluna-lombar-tratamento.png\"},{\"@type\":\"BreadcrumbList\",\"@id\":\"https:\/\/www.clinicadacolunago.com.br\/site\/coluna-lombar-tratamento-goiania\/#breadcrumb\",\"itemListElement\":[{\"@type\":\"ListItem\",\"position\":1,\"name\":\"In\u00edcio\",\"item\":\"https:\/\/www.clinicadacolunago.com.br\/site\/\"},{\"@type\":\"ListItem\",\"position\":2,\"name\":\"Coluna Lombar e Costas\"}]},{\"@type\":\"WebSite\",\"@id\":\"https:\/\/www.clinicadacolunago.com.br\/site\/#website\",\"url\":\"https:\/\/www.clinicadacolunago.com.br\/site\/\",\"name\":\"Cl\u00ednica da Coluna de Goi\u00e2nia\",\"description\":\"Tratamento para coluna e h\u00e9rnia de disco em Goi\u00e2nia\",\"potentialAction\":[{\"@type\":\"SearchAction\",\"target\":{\"@type\":\"EntryPoint\",\"urlTemplate\":\"https:\/\/www.clinicadacolunago.com.br\/site\/?s={search_term_string}\"},\"query-input\":\"required name=search_term_string\"}],\"inLanguage\":\"pt-BR\"}]}<\/script>\n<!-- \/ Yoast SEO plugin. -->","yoast_head_json":{"title":"Coluna Lombar e dor nas costas, Tratamento em Goi\u00e2nia","description":"Tratamento para a dor na coluna lombar, lombalgia, h\u00e9rnia de disco, dor nas costas, nervo ci\u00e1tico. Fisioterapia Ortop\u00e9dica - M\u00e9todo McKenzie.","robots":{"index":"index","follow":"follow","max-snippet":"max-snippet:-1","max-image-preview":"max-image-preview:large","max-video-preview":"max-video-preview:-1"},"canonical":"https:\/\/www.clinicadacolunago.com.br\/site\/coluna-lombar-tratamento-goiania\/","og_locale":"pt_BR","og_type":"article","og_title":"Coluna Lombar e dor nas costas, Tratamento em Goi\u00e2nia","og_description":"Tratamento para a dor na coluna lombar, lombalgia, h\u00e9rnia de disco, dor nas costas, nervo ci\u00e1tico. Fisioterapia Ortop\u00e9dica - M\u00e9todo McKenzie.","og_url":"https:\/\/www.clinicadacolunago.com.br\/site\/coluna-lombar-tratamento-goiania\/","og_site_name":"Cl\u00ednica da Coluna de Goi\u00e2nia","article_modified_time":"2026-01-08T15:24:17+00:00","og_image":[{"url":"http:\/\/www.clinicadacolunago.com.br\/site\/wp-content\/uploads\/2017\/07\/coluna-lombar-tratamento.png"}],"twitter_card":"summary_large_image","twitter_misc":{"Est. tempo de leitura":"5 minutos"},"schema":{"@context":"https:\/\/schema.org","@graph":[{"@type":"WebPage","@id":"https:\/\/www.clinicadacolunago.com.br\/site\/coluna-lombar-tratamento-goiania\/","url":"https:\/\/www.clinicadacolunago.com.br\/site\/coluna-lombar-tratamento-goiania\/","name":"Coluna Lombar e dor nas costas, Tratamento em Goi\u00e2nia","isPartOf":{"@id":"https:\/\/www.clinicadacolunago.com.br\/site\/#website"},"primaryImageOfPage":{"@id":"https:\/\/www.clinicadacolunago.com.br\/site\/coluna-lombar-tratamento-goiania\/#primaryimage"},"image":{"@id":"https:\/\/www.clinicadacolunago.com.br\/site\/coluna-lombar-tratamento-goiania\/#primaryimage"},"thumbnailUrl":"http:\/\/www.clinicadacolunago.com.br\/site\/wp-content\/uploads\/2017\/07\/coluna-lombar-tratamento.png","datePublished":"2017-07-05T17:50:19+00:00","dateModified":"2026-01-08T15:24:17+00:00","description":"Tratamento para a dor na coluna lombar, lombalgia, h\u00e9rnia de disco, dor nas costas, nervo ci\u00e1tico. Fisioterapia Ortop\u00e9dica - M\u00e9todo McKenzie.","breadcrumb":{"@id":"https:\/\/www.clinicadacolunago.com.br\/site\/coluna-lombar-tratamento-goiania\/#breadcrumb"},"inLanguage":"pt-BR","potentialAction":[{"@type":"ReadAction","target":["https:\/\/www.clinicadacolunago.com.br\/site\/coluna-lombar-tratamento-goiania\/"]}]},{"@type":"ImageObject","inLanguage":"pt-BR","@id":"https:\/\/www.clinicadacolunago.com.br\/site\/coluna-lombar-tratamento-goiania\/#primaryimage","url":"http:\/\/www.clinicadacolunago.com.br\/site\/wp-content\/uploads\/2017\/07\/coluna-lombar-tratamento.png","contentUrl":"http:\/\/www.clinicadacolunago.com.br\/site\/wp-content\/uploads\/2017\/07\/coluna-lombar-tratamento.png"},{"@type":"BreadcrumbList","@id":"https:\/\/www.clinicadacolunago.com.br\/site\/coluna-lombar-tratamento-goiania\/#breadcrumb","itemListElement":[{"@type":"ListItem","position":1,"name":"In\u00edcio","item":"https:\/\/www.clinicadacolunago.com.br\/site\/"},{"@type":"ListItem","position":2,"name":"Coluna Lombar e Costas"}]},{"@type":"WebSite","@id":"https:\/\/www.clinicadacolunago.com.br\/site\/#website","url":"https:\/\/www.clinicadacolunago.com.br\/site\/","name":"Cl\u00ednica da Coluna de Goi\u00e2nia","description":"Tratamento para coluna e h\u00e9rnia de disco em Goi\u00e2nia","potentialAction":[{"@type":"SearchAction","target":{"@type":"EntryPoint","urlTemplate":"https:\/\/www.clinicadacolunago.com.br\/site\/?s={search_term_string}"},"query-input":"required name=search_term_string"}],"inLanguage":"pt-BR"}]}},"_links":{"self":[{"href":"https:\/\/www.clinicadacolunago.com.br\/site\/wp-json\/wp\/v2\/pages\/616","targetHints":{"allow":["GET"]}}],"collection":[{"href":"https:\/\/www.clinicadacolunago.com.br\/site\/wp-json\/wp\/v2\/pages"}],"about":[{"href":"https:\/\/www.clinicadacolunago.com.br\/site\/wp-json\/wp\/v2\/types\/page"}],"author":[{"embeddable":true,"href":"https:\/\/www.clinicadacolunago.com.br\/site\/wp-json\/wp\/v2\/users\/1"}],"replies":[{"embeddable":true,"href":"https:\/\/www.clinicadacolunago.com.br\/site\/wp-json\/wp\/v2\/comments?post=616"}],"version-history":[{"count":16,"href":"https:\/\/www.clinicadacolunago.com.br\/site\/wp-json\/wp\/v2\/pages\/616\/revisions"}],"predecessor-version":[{"id":1385,"href":"https:\/\/www.clinicadacolunago.com.br\/site\/wp-json\/wp\/v2\/pages\/616\/revisions\/1385"}],"wp:attachment":[{"href":"https:\/\/www.clinicadacolunago.com.br\/site\/wp-json\/wp\/v2\/media?parent=616"}],"curies":[{"name":"wp","href":"https:\/\/api.w.org\/{rel}","templated":true}]}}