{"id":618,"date":"2017-07-05T17:50:54","date_gmt":"2017-07-05T17:50:54","guid":{"rendered":"http:\/\/www.clinicadacolunago.com.br\/site\/?page_id=618"},"modified":"2025-12-29T16:35:03","modified_gmt":"2025-12-29T16:35:03","slug":"coluna-cervical-tratamento-goiania","status":"publish","type":"page","link":"https:\/\/www.clinicadacolunago.com.br\/site\/coluna-cervical-tratamento-goiania\/","title":{"rendered":"Coluna Cervical e Pesco\u00e7o"},"content":{"rendered":"<p><img loading=\"lazy\" decoding=\"async\" class=\" wp-image-633 alignnone\" src=\"http:\/\/www.clinicadacolunago.com.br\/site\/wp-content\/uploads\/2017\/07\/coluna-lombar-tratamento.png\" alt=\"coluna-lombar-tratamento\" width=\"634\" height=\"188\" srcset=\"https:\/\/www.clinicadacolunago.com.br\/site\/wp-content\/uploads\/2017\/07\/coluna-lombar-tratamento.png 627w, https:\/\/www.clinicadacolunago.com.br\/site\/wp-content\/uploads\/2017\/07\/coluna-lombar-tratamento-300x89.png 300w, https:\/\/www.clinicadacolunago.com.br\/site\/wp-content\/uploads\/2017\/07\/coluna-lombar-tratamento-320x95.png 320w, https:\/\/www.clinicadacolunago.com.br\/site\/wp-content\/uploads\/2017\/07\/coluna-lombar-tratamento-239x71.png 239w\" sizes=\"auto, (max-width: 634px) 100vw, 634px\" \/><\/p>\n<p style=\"text-align: justify;\"><strong>Tratamento para dor na coluna cervical ou cervicalgia, dores no pesco\u00e7o utilizando o M\u00e9todo Mckenzie de Diag\u00f3stico e Terapia Mec\u00e2nica. S\u00e3o resumos de artigos de pesquisa, que acompanham um grupo de pacientes ao longo de uma ou mais interven\u00e7\u00f5es. Todos os artigos desta se\u00e7\u00e3o foram publicados em revistas com conselho editorial. <a href=\"https:\/\/www.clinicadacolunago.com.br\/site\/pescoco-cabeca-coluna-cervical-tratamento-goiania\/\">Tratamento da Coluna Cervical<\/a>. Aprenda a cuidar da sua coluna e viva sem dor. <\/strong><\/p>\n<p style=\"text-align: justify;\"><strong>1.<\/strong> Em um grupo de pacientes com dor no pesco\u00e7o e radicular, uma postura de flex\u00e3o (pesco\u00e7o para baixo) mantida causou um aumento significativo na dor perif\u00e9rica e na compress\u00e3o da raiz medida pela H reflex amplitude. Retra\u00e7\u00f5es (pesco\u00e7o para tr\u00e1s) repetidas no modelo de avalia\u00e7\u00e3o Mckenzie causaram uma diminui\u00e7\u00e3o significativa da dor perif\u00e9rica e diminu\u00edram a compress\u00e3o da raiz nervosa.<br \/>\n<strong>(Abdulwahab S S, Sabbahi M, Neck retractions, cervical root decompression, and radicular pain. J Orth &amp; Sports Phys Ther; Jan;30(1):4-9, 2000.)<\/strong><\/p>\n<p style=\"text-align: justify;\">2. Em 36 adultos de 50 anos ou mais foi comparada a amplitude de movimento de dor no pesco\u00e7o entre a posi\u00e7\u00e3o normal de sentar, que est\u00e3o acostumados e a postura ereta sentado, corrigida. Na postura sentada ereta os movimentos de extens\u00e3o, rota\u00e7\u00e3o e inclina\u00e7\u00e3o lateral foram significativamente com maior amplitude de movimento sem dor\u00a0 e flex\u00e3o foi significativamente menor.<br \/>\n<strong>(Dunleavy K, Goldberg A; Comparison of cervical range of motion in two seated postural conditions in adults 50 or older with cervical pain. J Man Manip Ther; 21:33-39, 2013.)<\/strong><\/p>\n<p style=\"text-align: justify;\"><strong>3.<\/strong> 77 pacientes com dor aguda a cr\u00f4nica no pesco\u00e7o escolhidos aleatoriamente para um dos 3 tratamentos, 93% acompanhados por 12 meses. Todos os grupos tiveram melhoras significativas na dor e incapacidade, nenhuma diferen\u00e7a significativa entre os grupos. Tend\u00eancia de uma melhora maior no grupo McKenzie comparado ao grupo de controle em certas ocasi\u00f5es. Melhoras significativas em pontua\u00e7\u00f5es DRAM apenas no grupo McKenzie. Taxa de reincid\u00eancia semelhante aos 12 meses, mas menor procura de tratamentos adicionais no grupo McKenzie.<br \/>\n<strong>(Kjellman G, Oberg B, A randomised clinical trial comparing general exercise, McKenzie treatment and a control group in patients with neck pain. J Rehabil Med; 34:183-190, 2002.)<\/strong><\/p>\n<p style=\"text-align: justify;\"><strong>4.<\/strong> De 60 pacientes com dor no pesco\u00e7o e bra\u00e7o tratados com a abordagem McKenzie, aqueles envolvidos em processos de indeniza\u00e7\u00e3o financeira n\u00e3o apresentaram melhora, enquanto os demais tiveram melhora significante.<br \/>\n<strong>(Schmidt I, Rechter L, Hansen V K, Therkelsen K, Rasmussen C, The association of the involvement of financial compensation with the outcome of cervicobrachial pain that is treated conservatively. Rheumatology; 40: 552-554, 2001.)<\/strong><\/p>\n<p style=\"text-align: justify;\"><strong>5.<\/strong> Mobiliza\u00e7\u00e3o ativa precoce e exerc\u00edcios produziram significativamente redu\u00e7\u00e3o da dor e melhora no movimento comparados com repouso e uso de colar.<br \/>\n<strong>(Mealy K, Brennan H, Fenelon G C, Early mobilization of acute whiplash injuries. Br Med J (Clin Res Ed); Mar 8;292(6521):656-7, 1986.)<\/strong><\/p>\n<p style=\"text-align: justify;\"><strong>6.<\/strong> Um estudo radiogr\u00e1fico e da amplitude de movimento dos efeitos da protrus\u00e3o\/retra\u00e7\u00e3o e uma an\u00e1lise da resposta dos sintomas ao teste de movimentos de amplitude m\u00e1xima no plano sagital. Dos 45% que apresentaram melhora, a &#8220;dire\u00e7\u00e3o de prefer\u00eancia&#8221; foi extens\u00e3o em 67% e flex\u00e3o 33%.<br \/>\n<strong>(Donelson R, Cervical protrusion and retraction. McKenzie Institute (UK) Newsletter; 3:2;20-21, 1994.)<\/strong><\/p>\n<p style=\"text-align: left;\"><strong><em>Dor na coluna cervical, cervicalgia, dor no pesco\u00e7o, torcicolo, estudos sobre dor na coluna cervical, tratamento da coluna cervical, especialista em coluna cervical Goi\u00e2nia, sinais e sintomas da coluna cervical, artrose na coluna cervical, fisioterapeuta Goi\u00e2nia, fisioterapia Goi\u00e2nia.<\/em><\/strong><\/p>\n","protected":false},"excerpt":{"rendered":"<p>Tratamento para dor na coluna cervical ou cervicalgia, dores no pesco\u00e7o utilizando o M\u00e9todo Mckenzie de Diag\u00f3stico e Terapia Mec\u00e2nica. S\u00e3o resumos de artigos de pesquisa, que acompanham um grupo de pacientes ao longo de uma ou mais interven\u00e7\u00f5es. Todos os artigos desta se\u00e7\u00e3o foram publicados em revistas com conselho editorial. Tratamento da Coluna Cervical. [&hellip;]<\/p>\n","protected":false},"author":1,"featured_media":0,"parent":0,"menu_order":0,"comment_status":"closed","ping_status":"closed","template":"g1_template_page_sidebar_right.php","meta":{"footnotes":""},"class_list":["post-618","page","type-page","status-publish"],"yoast_head":"<!-- This site is optimized with the Yoast SEO plugin v22.7 - https:\/\/yoast.com\/wordpress\/plugins\/seo\/ -->\n<title>Coluna Cervical e dor no Pesco\u00e7o, Tratamento em Goi\u00e2nia<\/title>\n<meta name=\"description\" content=\"Tratamento para a coluna cervical (dor cervical, cervicalgia), dor no pesco\u00e7o, dor nas costas, h\u00e9rnia de disco. Fisioterapia - M\u00e9todo McKenzie\" \/>\n<meta name=\"robots\" content=\"index, follow, max-snippet:-1, max-image-preview:large, max-video-preview:-1\" \/>\n<link rel=\"canonical\" href=\"https:\/\/www.clinicadacolunago.com.br\/site\/coluna-cervical-tratamento-goiania\/\" \/>\n<meta property=\"og:locale\" content=\"pt_BR\" \/>\n<meta property=\"og:type\" content=\"article\" \/>\n<meta property=\"og:title\" content=\"Coluna Cervical e dor no Pesco\u00e7o, Tratamento em Goi\u00e2nia\" \/>\n<meta property=\"og:description\" content=\"Tratamento para a coluna cervical (dor cervical, cervicalgia), dor no pesco\u00e7o, dor nas costas, h\u00e9rnia de disco. Fisioterapia - M\u00e9todo McKenzie\" \/>\n<meta property=\"og:url\" content=\"https:\/\/www.clinicadacolunago.com.br\/site\/coluna-cervical-tratamento-goiania\/\" \/>\n<meta property=\"og:site_name\" content=\"Cl\u00ednica da Coluna de Goi\u00e2nia\" \/>\n<meta property=\"article:modified_time\" content=\"2025-12-29T16:35:03+00:00\" \/>\n<meta property=\"og:image\" content=\"http:\/\/www.clinicadacolunago.com.br\/site\/wp-content\/uploads\/2017\/07\/coluna-lombar-tratamento.png\" \/>\n<meta name=\"twitter:card\" content=\"summary_large_image\" \/>\n<meta name=\"twitter:label1\" content=\"Est. tempo de leitura\" \/>\n\t<meta name=\"twitter:data1\" content=\"4 minutos\" \/>\n<script type=\"application\/ld+json\" class=\"yoast-schema-graph\">{\"@context\":\"https:\/\/schema.org\",\"@graph\":[{\"@type\":\"WebPage\",\"@id\":\"https:\/\/www.clinicadacolunago.com.br\/site\/coluna-cervical-tratamento-goiania\/\",\"url\":\"https:\/\/www.clinicadacolunago.com.br\/site\/coluna-cervical-tratamento-goiania\/\",\"name\":\"Coluna Cervical e dor no Pesco\u00e7o, Tratamento em Goi\u00e2nia\",\"isPartOf\":{\"@id\":\"https:\/\/www.clinicadacolunago.com.br\/site\/#website\"},\"primaryImageOfPage\":{\"@id\":\"https:\/\/www.clinicadacolunago.com.br\/site\/coluna-cervical-tratamento-goiania\/#primaryimage\"},\"image\":{\"@id\":\"https:\/\/www.clinicadacolunago.com.br\/site\/coluna-cervical-tratamento-goiania\/#primaryimage\"},\"thumbnailUrl\":\"http:\/\/www.clinicadacolunago.com.br\/site\/wp-content\/uploads\/2017\/07\/coluna-lombar-tratamento.png\",\"datePublished\":\"2017-07-05T17:50:54+00:00\",\"dateModified\":\"2025-12-29T16:35:03+00:00\",\"description\":\"Tratamento para a coluna cervical (dor cervical, cervicalgia), dor no pesco\u00e7o, dor nas costas, h\u00e9rnia de disco. Fisioterapia - M\u00e9todo McKenzie\",\"breadcrumb\":{\"@id\":\"https:\/\/www.clinicadacolunago.com.br\/site\/coluna-cervical-tratamento-goiania\/#breadcrumb\"},\"inLanguage\":\"pt-BR\",\"potentialAction\":[{\"@type\":\"ReadAction\",\"target\":[\"https:\/\/www.clinicadacolunago.com.br\/site\/coluna-cervical-tratamento-goiania\/\"]}]},{\"@type\":\"ImageObject\",\"inLanguage\":\"pt-BR\",\"@id\":\"https:\/\/www.clinicadacolunago.com.br\/site\/coluna-cervical-tratamento-goiania\/#primaryimage\",\"url\":\"http:\/\/www.clinicadacolunago.com.br\/site\/wp-content\/uploads\/2017\/07\/coluna-lombar-tratamento.png\",\"contentUrl\":\"http:\/\/www.clinicadacolunago.com.br\/site\/wp-content\/uploads\/2017\/07\/coluna-lombar-tratamento.png\"},{\"@type\":\"BreadcrumbList\",\"@id\":\"https:\/\/www.clinicadacolunago.com.br\/site\/coluna-cervical-tratamento-goiania\/#breadcrumb\",\"itemListElement\":[{\"@type\":\"ListItem\",\"position\":1,\"name\":\"In\u00edcio\",\"item\":\"https:\/\/www.clinicadacolunago.com.br\/site\/\"},{\"@type\":\"ListItem\",\"position\":2,\"name\":\"Coluna Cervical e Pesco\u00e7o\"}]},{\"@type\":\"WebSite\",\"@id\":\"https:\/\/www.clinicadacolunago.com.br\/site\/#website\",\"url\":\"https:\/\/www.clinicadacolunago.com.br\/site\/\",\"name\":\"Cl\u00ednica da Coluna de Goi\u00e2nia\",\"description\":\"Tratamento para coluna e h\u00e9rnia de disco em Goi\u00e2nia\",\"potentialAction\":[{\"@type\":\"SearchAction\",\"target\":{\"@type\":\"EntryPoint\",\"urlTemplate\":\"https:\/\/www.clinicadacolunago.com.br\/site\/?s={search_term_string}\"},\"query-input\":\"required name=search_term_string\"}],\"inLanguage\":\"pt-BR\"}]}<\/script>\n<!-- \/ Yoast SEO plugin. -->","yoast_head_json":{"title":"Coluna Cervical e dor no Pesco\u00e7o, Tratamento em Goi\u00e2nia","description":"Tratamento para a coluna cervical (dor cervical, cervicalgia), dor no pesco\u00e7o, dor nas costas, h\u00e9rnia de disco. Fisioterapia - M\u00e9todo McKenzie","robots":{"index":"index","follow":"follow","max-snippet":"max-snippet:-1","max-image-preview":"max-image-preview:large","max-video-preview":"max-video-preview:-1"},"canonical":"https:\/\/www.clinicadacolunago.com.br\/site\/coluna-cervical-tratamento-goiania\/","og_locale":"pt_BR","og_type":"article","og_title":"Coluna Cervical e dor no Pesco\u00e7o, Tratamento em Goi\u00e2nia","og_description":"Tratamento para a coluna cervical (dor cervical, cervicalgia), dor no pesco\u00e7o, dor nas costas, h\u00e9rnia de disco. Fisioterapia - M\u00e9todo McKenzie","og_url":"https:\/\/www.clinicadacolunago.com.br\/site\/coluna-cervical-tratamento-goiania\/","og_site_name":"Cl\u00ednica da Coluna de Goi\u00e2nia","article_modified_time":"2025-12-29T16:35:03+00:00","og_image":[{"url":"http:\/\/www.clinicadacolunago.com.br\/site\/wp-content\/uploads\/2017\/07\/coluna-lombar-tratamento.png"}],"twitter_card":"summary_large_image","twitter_misc":{"Est. tempo de leitura":"4 minutos"},"schema":{"@context":"https:\/\/schema.org","@graph":[{"@type":"WebPage","@id":"https:\/\/www.clinicadacolunago.com.br\/site\/coluna-cervical-tratamento-goiania\/","url":"https:\/\/www.clinicadacolunago.com.br\/site\/coluna-cervical-tratamento-goiania\/","name":"Coluna Cervical e dor no Pesco\u00e7o, Tratamento em Goi\u00e2nia","isPartOf":{"@id":"https:\/\/www.clinicadacolunago.com.br\/site\/#website"},"primaryImageOfPage":{"@id":"https:\/\/www.clinicadacolunago.com.br\/site\/coluna-cervical-tratamento-goiania\/#primaryimage"},"image":{"@id":"https:\/\/www.clinicadacolunago.com.br\/site\/coluna-cervical-tratamento-goiania\/#primaryimage"},"thumbnailUrl":"http:\/\/www.clinicadacolunago.com.br\/site\/wp-content\/uploads\/2017\/07\/coluna-lombar-tratamento.png","datePublished":"2017-07-05T17:50:54+00:00","dateModified":"2025-12-29T16:35:03+00:00","description":"Tratamento para a coluna cervical (dor cervical, cervicalgia), dor no pesco\u00e7o, dor nas costas, h\u00e9rnia de disco. Fisioterapia - M\u00e9todo McKenzie","breadcrumb":{"@id":"https:\/\/www.clinicadacolunago.com.br\/site\/coluna-cervical-tratamento-goiania\/#breadcrumb"},"inLanguage":"pt-BR","potentialAction":[{"@type":"ReadAction","target":["https:\/\/www.clinicadacolunago.com.br\/site\/coluna-cervical-tratamento-goiania\/"]}]},{"@type":"ImageObject","inLanguage":"pt-BR","@id":"https:\/\/www.clinicadacolunago.com.br\/site\/coluna-cervical-tratamento-goiania\/#primaryimage","url":"http:\/\/www.clinicadacolunago.com.br\/site\/wp-content\/uploads\/2017\/07\/coluna-lombar-tratamento.png","contentUrl":"http:\/\/www.clinicadacolunago.com.br\/site\/wp-content\/uploads\/2017\/07\/coluna-lombar-tratamento.png"},{"@type":"BreadcrumbList","@id":"https:\/\/www.clinicadacolunago.com.br\/site\/coluna-cervical-tratamento-goiania\/#breadcrumb","itemListElement":[{"@type":"ListItem","position":1,"name":"In\u00edcio","item":"https:\/\/www.clinicadacolunago.com.br\/site\/"},{"@type":"ListItem","position":2,"name":"Coluna Cervical e Pesco\u00e7o"}]},{"@type":"WebSite","@id":"https:\/\/www.clinicadacolunago.com.br\/site\/#website","url":"https:\/\/www.clinicadacolunago.com.br\/site\/","name":"Cl\u00ednica da Coluna de Goi\u00e2nia","description":"Tratamento para coluna e h\u00e9rnia de disco em Goi\u00e2nia","potentialAction":[{"@type":"SearchAction","target":{"@type":"EntryPoint","urlTemplate":"https:\/\/www.clinicadacolunago.com.br\/site\/?s={search_term_string}"},"query-input":"required name=search_term_string"}],"inLanguage":"pt-BR"}]}},"_links":{"self":[{"href":"https:\/\/www.clinicadacolunago.com.br\/site\/wp-json\/wp\/v2\/pages\/618","targetHints":{"allow":["GET"]}}],"collection":[{"href":"https:\/\/www.clinicadacolunago.com.br\/site\/wp-json\/wp\/v2\/pages"}],"about":[{"href":"https:\/\/www.clinicadacolunago.com.br\/site\/wp-json\/wp\/v2\/types\/page"}],"author":[{"embeddable":true,"href":"https:\/\/www.clinicadacolunago.com.br\/site\/wp-json\/wp\/v2\/users\/1"}],"replies":[{"embeddable":true,"href":"https:\/\/www.clinicadacolunago.com.br\/site\/wp-json\/wp\/v2\/comments?post=618"}],"version-history":[{"count":17,"href":"https:\/\/www.clinicadacolunago.com.br\/site\/wp-json\/wp\/v2\/pages\/618\/revisions"}],"predecessor-version":[{"id":1386,"href":"https:\/\/www.clinicadacolunago.com.br\/site\/wp-json\/wp\/v2\/pages\/618\/revisions\/1386"}],"wp:attachment":[{"href":"https:\/\/www.clinicadacolunago.com.br\/site\/wp-json\/wp\/v2\/media?parent=618"}],"curies":[{"name":"wp","href":"https:\/\/api.w.org\/{rel}","templated":true}]}}