{"id":623,"date":"2017-07-05T17:54:29","date_gmt":"2017-07-05T17:54:29","guid":{"rendered":"http:\/\/www.clinicadacolunago.com.br\/site\/?page_id=623"},"modified":"2026-01-08T15:41:55","modified_gmt":"2026-01-08T15:41:55","slug":"fisioterapia-para-dor-nas-costas-goiania","status":"publish","type":"page","link":"https:\/\/www.clinicadacolunago.com.br\/site\/fisioterapia-para-dor-nas-costas-goiania\/","title":{"rendered":"Fisioterapia para Dor nas Costas"},"content":{"rendered":"<p><img loading=\"lazy\" decoding=\"async\" class=\"wp-image-628\" title=\"viver-sem-dor\" src=\"http:\/\/www.clinicadacolunago.com.br\/site\/wp-content\/uploads\/2017\/07\/dor-nas-costas-tratamento.jpg\" alt=\"dor-nas-costas-tratamento\" width=\"600\" height=\"230\" srcset=\"https:\/\/www.clinicadacolunago.com.br\/site\/wp-content\/uploads\/2017\/07\/dor-nas-costas-tratamento.jpg 649w, https:\/\/www.clinicadacolunago.com.br\/site\/wp-content\/uploads\/2017\/07\/dor-nas-costas-tratamento-300x115.jpg 300w, https:\/\/www.clinicadacolunago.com.br\/site\/wp-content\/uploads\/2017\/07\/dor-nas-costas-tratamento-636x244.jpg 636w, https:\/\/www.clinicadacolunago.com.br\/site\/wp-content\/uploads\/2017\/07\/dor-nas-costas-tratamento-320x123.jpg 320w, https:\/\/www.clinicadacolunago.com.br\/site\/wp-content\/uploads\/2017\/07\/dor-nas-costas-tratamento-239x92.jpg 239w\" sizes=\"auto, (max-width: 600px) 100vw, 600px\" \/><\/p>\n<p style=\"text-align: justify;\">Fisioterapia para tratamento da dor nas costas, pesco\u00e7o, demais sintomas da coluna vertebral e extremidades articulares (ombro, joelho, quadril, tornozelo e punho) em Goi\u00e2nia. O M\u00e9todo McKenzie\u00ae (fisioterapia ortop\u00e9dica especializada) oferece condi\u00e7\u00f5es para voc\u00ea se tratar de maneira r\u00e1pida, segura e eficaz a dor nas costas, coluna lombar, coluna cervical, <a href=\"https:\/\/www.clinicadacolunago.com.br\/site\/hernia-de-disco-tratamento-goiania\/\">h\u00e9rnia de disco<\/a>, dores de cabe\u00e7a, extremidades articulares (<a href=\"https:\/\/www.clinicadacolunago.com.br\/site\/ombro-joelho-quadril-cotovelo-tornozelo-punho-fisioterapia-tratamento-goiania\/\">ombro, joelho, quadril, tornozelo e punho<\/a>) e ATM (<a href=\"https:\/\/www.clinicadacolunago.com.br\/site\/atm-articulacao-temporomandibular-tratamento-goiania\/\">articula\u00e7\u00e3o temporomandibular<\/a>). O valor da sess\u00e3o de Fisioterapia deve ser consultado clicando em agendamento (link verde presente nesta e em todas as outra p\u00e1ginas do site) ou ligando nos nossos telefones de contato, pois com o passar dos anos os valores s\u00e3o ajustados<\/p>\n<p style=\"text-align: justify;\">S\u00e3o exerc\u00edcios prescritos pelo fisioterapeuta, que voc\u00ea realiza por conta pr\u00f3pria, em sua casa ou no trabalho, sem o aux\u00edlio de equipamentos espec\u00edficos.<\/p>\n<p style=\"text-align: justify;\">Voc\u00ea tamb\u00e9m aprende a identificar quais os movimentos, posturas e atividades que aumentam e causam a sua dor e que se evitados reduz a recorr\u00eancia dos sintomas. <strong>Esta avalia\u00e7\u00e3o e tratamento s\u00e3o feitos de uma forma \u00fanica e exclusiva com o M\u00e9todo Mckenzie que utiliza perguntas espec\u00edficas e testes de movimentos repetidos, este exame cl\u00ednico \u00e9 superior a exames de imagem para detectar e tratar o problema.<\/strong><\/p>\n<h3 style=\"text-align: justify;\"><strong>ALTERNATIVAS E SEGURAN\u00c7A<\/strong><\/h3>\n<p style=\"text-align: justify;\">Se o programa de auto tratamento n\u00e3o consegue resolver completamente o seu problema, o fisioterapeuta treinado no M\u00e9todo McKenzie aplica t\u00e9cnicas complementares de terapia manual, de uma forma suport\u00e1vel, confort\u00e1vel e segura. Sem aumentar a dor nas costas.<\/p>\n<h3 style=\"text-align: justify;\"><strong>GARANTIA E PREVEN\u00c7\u00c3O<\/strong><\/h3>\n<p style=\"text-align: justify;\">O mais importante \u00e9 que o fisioterapia visa n\u00e3o apenas a solu\u00e7\u00e3o dos seus sintomas atuais, entretanto tamb\u00e9m a preven\u00e7\u00e3o,\u00a0 pode dar novas crises.<\/p>\n<h4 style=\"text-align: justify;\"><strong>VIVA SEM DOR NAS COSTAS EM 5 SITUA\u00c7\u00d5ES INDISPENS\u00c1VEIS<\/strong><\/h4>\n<ul>\n<li style=\"text-align: justify;\">Trabalho;<\/li>\n<li style=\"text-align: justify;\">Lazer;<\/li>\n<li style=\"text-align: justify;\">Dormir;<\/li>\n<li style=\"text-align: justify;\">Vida Sexual;<\/li>\n<li style=\"text-align: justify;\">Atividade F\u00edsica.<\/li>\n<\/ul>\n<h3><strong>OBSERVA\u00c7\u00d5ES<\/strong><\/h3>\n<p style=\"text-align: justify;\">Ao contr\u00e1rio das t\u00e9cnicas de fisioterapia tradicional, o M\u00e9todo Mckenzie est\u00e1 focado em tratar e capacitar ensinando os pacientes a cuidarem do pr\u00f3prio problema com posturas e exerc\u00edcios prescritos individualmente para cada caso espec\u00edfico. Muitos pacientes, que n\u00e3o foram ajudados por outros tratamentos podem responder com o M\u00e9todo Mckenzie e se livrar da dor nas costas ou da dor em outras articula\u00e7\u00f5es do corpo com o nosso tratamento.<\/p>\n<h2 style=\"text-align: center;\">Por que a Fisioterapia com o M\u00e9todo McKenzie<br \/>\n\u00e9 melhor do que medicamentos? Veja o v\u00eddeo.<\/h2>\n<p style=\"text-align: center;\"><iframe loading=\"lazy\" src=\"https:\/\/www.youtube.com\/embed\/SVcOiH31_Qw\" width=\"560\" height=\"315\" frameborder=\"0\" allowfullscreen=\"allowfullscreen\"><\/iframe><\/p>\n<p style=\"text-align: justify;\"><em>Dor nas costas, dorsalgia, tratamento da dor nas costas, tratamento da dor na coluna, estou com dor nas costas, problemas de postura e dor nas costas, fisioterapia para dor nas costas, fisioterapia para dor na coluna em Goi\u00e2nia, m\u00e9todo mckenzie, especialista em coluna Goi\u00e2nia, fisioterapeuta em Goi\u00e2nia.<\/em><\/p>\n","protected":false},"excerpt":{"rendered":"<p>Fisioterapia para tratamento da dor nas costas, pesco\u00e7o, demais sintomas da coluna vertebral e extremidades articulares (ombro, joelho, quadril, tornozelo e punho) em Goi\u00e2nia. O M\u00e9todo McKenzie\u00ae (fisioterapia ortop\u00e9dica especializada) oferece condi\u00e7\u00f5es para voc\u00ea se tratar de maneira r\u00e1pida, segura e eficaz a dor nas costas, coluna lombar, coluna cervical, h\u00e9rnia de disco, dores de [&hellip;]<\/p>\n","protected":false},"author":1,"featured_media":0,"parent":0,"menu_order":0,"comment_status":"closed","ping_status":"closed","template":"g1_template_page_sidebar_right.php","meta":{"footnotes":""},"class_list":["post-623","page","type-page","status-publish"],"yoast_head":"<!-- This site is optimized with the Yoast SEO plugin v22.7 - https:\/\/yoast.com\/wordpress\/plugins\/seo\/ -->\n<title>Fisioterapia para Dor nas Costas em Goi\u00e2nia<\/title>\n<meta name=\"description\" content=\"Fisioterapia para dor nas costas, dor no pesco\u00e7o, dor na coluna, h\u00e9rnia de disco, nervo ci\u00e1tico ou dor no ombro, joelho, quadril.\" \/>\n<meta name=\"robots\" content=\"index, follow, max-snippet:-1, max-image-preview:large, max-video-preview:-1\" \/>\n<link rel=\"canonical\" href=\"https:\/\/www.clinicadacolunago.com.br\/site\/fisioterapia-para-dor-nas-costas-goiania\/\" \/>\n<meta property=\"og:locale\" content=\"pt_BR\" \/>\n<meta property=\"og:type\" content=\"article\" \/>\n<meta property=\"og:title\" content=\"Fisioterapia para Dor nas Costas em Goi\u00e2nia\" \/>\n<meta property=\"og:description\" content=\"Fisioterapia para dor nas costas, dor no pesco\u00e7o, dor na coluna, h\u00e9rnia de disco, nervo ci\u00e1tico ou dor no ombro, joelho, quadril.\" \/>\n<meta property=\"og:url\" content=\"https:\/\/www.clinicadacolunago.com.br\/site\/fisioterapia-para-dor-nas-costas-goiania\/\" \/>\n<meta property=\"og:site_name\" content=\"Cl\u00ednica da Coluna de Goi\u00e2nia\" \/>\n<meta property=\"article:modified_time\" content=\"2026-01-08T15:41:55+00:00\" \/>\n<meta property=\"og:image\" content=\"http:\/\/www.clinicadacolunago.com.br\/site\/wp-content\/uploads\/2017\/07\/dor-nas-costas-tratamento.jpg\" \/>\n<meta name=\"twitter:card\" content=\"summary_large_image\" \/>\n<meta name=\"twitter:label1\" content=\"Est. tempo de leitura\" \/>\n\t<meta name=\"twitter:data1\" content=\"3 minutos\" \/>\n<script type=\"application\/ld+json\" class=\"yoast-schema-graph\">{\"@context\":\"https:\/\/schema.org\",\"@graph\":[{\"@type\":\"WebPage\",\"@id\":\"https:\/\/www.clinicadacolunago.com.br\/site\/fisioterapia-para-dor-nas-costas-goiania\/\",\"url\":\"https:\/\/www.clinicadacolunago.com.br\/site\/fisioterapia-para-dor-nas-costas-goiania\/\",\"name\":\"Fisioterapia para Dor nas Costas em Goi\u00e2nia\",\"isPartOf\":{\"@id\":\"https:\/\/www.clinicadacolunago.com.br\/site\/#website\"},\"primaryImageOfPage\":{\"@id\":\"https:\/\/www.clinicadacolunago.com.br\/site\/fisioterapia-para-dor-nas-costas-goiania\/#primaryimage\"},\"image\":{\"@id\":\"https:\/\/www.clinicadacolunago.com.br\/site\/fisioterapia-para-dor-nas-costas-goiania\/#primaryimage\"},\"thumbnailUrl\":\"http:\/\/www.clinicadacolunago.com.br\/site\/wp-content\/uploads\/2017\/07\/dor-nas-costas-tratamento.jpg\",\"datePublished\":\"2017-07-05T17:54:29+00:00\",\"dateModified\":\"2026-01-08T15:41:55+00:00\",\"description\":\"Fisioterapia para dor nas costas, dor no pesco\u00e7o, dor na coluna, h\u00e9rnia de disco, nervo ci\u00e1tico ou dor no ombro, joelho, quadril.\",\"breadcrumb\":{\"@id\":\"https:\/\/www.clinicadacolunago.com.br\/site\/fisioterapia-para-dor-nas-costas-goiania\/#breadcrumb\"},\"inLanguage\":\"pt-BR\",\"potentialAction\":[{\"@type\":\"ReadAction\",\"target\":[\"https:\/\/www.clinicadacolunago.com.br\/site\/fisioterapia-para-dor-nas-costas-goiania\/\"]}]},{\"@type\":\"ImageObject\",\"inLanguage\":\"pt-BR\",\"@id\":\"https:\/\/www.clinicadacolunago.com.br\/site\/fisioterapia-para-dor-nas-costas-goiania\/#primaryimage\",\"url\":\"http:\/\/www.clinicadacolunago.com.br\/site\/wp-content\/uploads\/2017\/07\/dor-nas-costas-tratamento.jpg\",\"contentUrl\":\"http:\/\/www.clinicadacolunago.com.br\/site\/wp-content\/uploads\/2017\/07\/dor-nas-costas-tratamento.jpg\"},{\"@type\":\"BreadcrumbList\",\"@id\":\"https:\/\/www.clinicadacolunago.com.br\/site\/fisioterapia-para-dor-nas-costas-goiania\/#breadcrumb\",\"itemListElement\":[{\"@type\":\"ListItem\",\"position\":1,\"name\":\"In\u00edcio\",\"item\":\"https:\/\/www.clinicadacolunago.com.br\/site\/\"},{\"@type\":\"ListItem\",\"position\":2,\"name\":\"Fisioterapia para Dor nas Costas\"}]},{\"@type\":\"WebSite\",\"@id\":\"https:\/\/www.clinicadacolunago.com.br\/site\/#website\",\"url\":\"https:\/\/www.clinicadacolunago.com.br\/site\/\",\"name\":\"Cl\u00ednica da Coluna de Goi\u00e2nia\",\"description\":\"Tratamento para coluna e h\u00e9rnia de disco em Goi\u00e2nia\",\"potentialAction\":[{\"@type\":\"SearchAction\",\"target\":{\"@type\":\"EntryPoint\",\"urlTemplate\":\"https:\/\/www.clinicadacolunago.com.br\/site\/?s={search_term_string}\"},\"query-input\":\"required name=search_term_string\"}],\"inLanguage\":\"pt-BR\"}]}<\/script>\n<!-- \/ Yoast SEO plugin. -->","yoast_head_json":{"title":"Fisioterapia para Dor nas Costas em Goi\u00e2nia","description":"Fisioterapia para dor nas costas, dor no pesco\u00e7o, dor na coluna, h\u00e9rnia de disco, nervo ci\u00e1tico ou dor no ombro, joelho, quadril.","robots":{"index":"index","follow":"follow","max-snippet":"max-snippet:-1","max-image-preview":"max-image-preview:large","max-video-preview":"max-video-preview:-1"},"canonical":"https:\/\/www.clinicadacolunago.com.br\/site\/fisioterapia-para-dor-nas-costas-goiania\/","og_locale":"pt_BR","og_type":"article","og_title":"Fisioterapia para Dor nas Costas em Goi\u00e2nia","og_description":"Fisioterapia para dor nas costas, dor no pesco\u00e7o, dor na coluna, h\u00e9rnia de disco, nervo ci\u00e1tico ou dor no ombro, joelho, quadril.","og_url":"https:\/\/www.clinicadacolunago.com.br\/site\/fisioterapia-para-dor-nas-costas-goiania\/","og_site_name":"Cl\u00ednica da Coluna de Goi\u00e2nia","article_modified_time":"2026-01-08T15:41:55+00:00","og_image":[{"url":"http:\/\/www.clinicadacolunago.com.br\/site\/wp-content\/uploads\/2017\/07\/dor-nas-costas-tratamento.jpg"}],"twitter_card":"summary_large_image","twitter_misc":{"Est. tempo de leitura":"3 minutos"},"schema":{"@context":"https:\/\/schema.org","@graph":[{"@type":"WebPage","@id":"https:\/\/www.clinicadacolunago.com.br\/site\/fisioterapia-para-dor-nas-costas-goiania\/","url":"https:\/\/www.clinicadacolunago.com.br\/site\/fisioterapia-para-dor-nas-costas-goiania\/","name":"Fisioterapia para Dor nas Costas em Goi\u00e2nia","isPartOf":{"@id":"https:\/\/www.clinicadacolunago.com.br\/site\/#website"},"primaryImageOfPage":{"@id":"https:\/\/www.clinicadacolunago.com.br\/site\/fisioterapia-para-dor-nas-costas-goiania\/#primaryimage"},"image":{"@id":"https:\/\/www.clinicadacolunago.com.br\/site\/fisioterapia-para-dor-nas-costas-goiania\/#primaryimage"},"thumbnailUrl":"http:\/\/www.clinicadacolunago.com.br\/site\/wp-content\/uploads\/2017\/07\/dor-nas-costas-tratamento.jpg","datePublished":"2017-07-05T17:54:29+00:00","dateModified":"2026-01-08T15:41:55+00:00","description":"Fisioterapia para dor nas costas, dor no pesco\u00e7o, dor na coluna, h\u00e9rnia de disco, nervo ci\u00e1tico ou dor no ombro, joelho, quadril.","breadcrumb":{"@id":"https:\/\/www.clinicadacolunago.com.br\/site\/fisioterapia-para-dor-nas-costas-goiania\/#breadcrumb"},"inLanguage":"pt-BR","potentialAction":[{"@type":"ReadAction","target":["https:\/\/www.clinicadacolunago.com.br\/site\/fisioterapia-para-dor-nas-costas-goiania\/"]}]},{"@type":"ImageObject","inLanguage":"pt-BR","@id":"https:\/\/www.clinicadacolunago.com.br\/site\/fisioterapia-para-dor-nas-costas-goiania\/#primaryimage","url":"http:\/\/www.clinicadacolunago.com.br\/site\/wp-content\/uploads\/2017\/07\/dor-nas-costas-tratamento.jpg","contentUrl":"http:\/\/www.clinicadacolunago.com.br\/site\/wp-content\/uploads\/2017\/07\/dor-nas-costas-tratamento.jpg"},{"@type":"BreadcrumbList","@id":"https:\/\/www.clinicadacolunago.com.br\/site\/fisioterapia-para-dor-nas-costas-goiania\/#breadcrumb","itemListElement":[{"@type":"ListItem","position":1,"name":"In\u00edcio","item":"https:\/\/www.clinicadacolunago.com.br\/site\/"},{"@type":"ListItem","position":2,"name":"Fisioterapia para Dor nas Costas"}]},{"@type":"WebSite","@id":"https:\/\/www.clinicadacolunago.com.br\/site\/#website","url":"https:\/\/www.clinicadacolunago.com.br\/site\/","name":"Cl\u00ednica da Coluna de Goi\u00e2nia","description":"Tratamento para coluna e h\u00e9rnia de disco em Goi\u00e2nia","potentialAction":[{"@type":"SearchAction","target":{"@type":"EntryPoint","urlTemplate":"https:\/\/www.clinicadacolunago.com.br\/site\/?s={search_term_string}"},"query-input":"required name=search_term_string"}],"inLanguage":"pt-BR"}]}},"_links":{"self":[{"href":"https:\/\/www.clinicadacolunago.com.br\/site\/wp-json\/wp\/v2\/pages\/623","targetHints":{"allow":["GET"]}}],"collection":[{"href":"https:\/\/www.clinicadacolunago.com.br\/site\/wp-json\/wp\/v2\/pages"}],"about":[{"href":"https:\/\/www.clinicadacolunago.com.br\/site\/wp-json\/wp\/v2\/types\/page"}],"author":[{"embeddable":true,"href":"https:\/\/www.clinicadacolunago.com.br\/site\/wp-json\/wp\/v2\/users\/1"}],"replies":[{"embeddable":true,"href":"https:\/\/www.clinicadacolunago.com.br\/site\/wp-json\/wp\/v2\/comments?post=623"}],"version-history":[{"count":62,"href":"https:\/\/www.clinicadacolunago.com.br\/site\/wp-json\/wp\/v2\/pages\/623\/revisions"}],"predecessor-version":[{"id":1407,"href":"https:\/\/www.clinicadacolunago.com.br\/site\/wp-json\/wp\/v2\/pages\/623\/revisions\/1407"}],"wp:attachment":[{"href":"https:\/\/www.clinicadacolunago.com.br\/site\/wp-json\/wp\/v2\/media?parent=623"}],"curies":[{"name":"wp","href":"https:\/\/api.w.org\/{rel}","templated":true}]}}